{"id":9460,"date":"2024-03-27T10:53:16","date_gmt":"2024-03-27T09:53:16","guid":{"rendered":"https:\/\/www.smokingpaper.com\/rampage-drehunterlage\/"},"modified":"2025-05-19T11:34:29","modified_gmt":"2025-05-19T09:34:29","slug":"rampage-drehunterlage","status":"publish","type":"product","link":"https:\/\/www.smokingpaper.com\/de\/rampage-drehunterlage\/","title":{"rendered":"Drehunterlage Rampage"},"content":{"rendered":"","protected":false},"excerpt":{"rendered":"<p><span style=\"font-weight: 400;\">Entdecke mit der <\/span><b>Rampage XL-Drehunterlage<\/b><span style=\"font-weight: 400;\">, einem Highlight unserer exklusiven <\/span><b>Creators Collection<\/b><span style=\"font-weight: 400;\">, eine neue Dimension des Genusses.<\/span><\/p>\n<p><span style=\"font-weight: 400;\">Dieses Tablett ist mehr als nur ein praktisches Zubeh\u00f6r \u2013 es ist das Tor zu einer Welt, in der Chaos auf urbanen Stil trifft und jede selbstgedrehte Zigarette zu einem Ausdruck von Individualit\u00e4t wird.<\/span><\/p>\n<p><span style=\"font-weight: 400;\">Im XL-Format bietet dir diese Drehunterlage mehr Platz als herk\u00f6mmliche Ausf\u00fchrungen. Gefertigt aus widerstandsf\u00e4higem Zinn und verziert mit einem einzigartigen Design, ist sie nicht nur langlebig, sondern auch ein echter Blickfang.<\/span><\/p>\n<p><span style=\"font-weight: 400;\">Dank der durchdachten Form mit erh\u00f6htem Rand bleibt alles sauber \u2013 kein Tabak geht verloren.<\/span><\/p>\n<p><span style=\"font-weight: 400;\">Entdecke weitere <\/span><b>Smoking\u00ae Rolling Trays<\/b><span style=\"font-weight: 400;\"> auf unserer Website \u2013 ganz besonders empfehlen wir dir die neue <\/span><b>Creators Collection<\/b><span style=\"font-weight: 400;\">.<\/span><\/p>\n","protected":false},"featured_media":9455,"template":"","meta":{"_acf_changed":false,"inline_featured_image":false},"product_brand":[],"product_cat":[776],"product_tag":[],"class_list":{"0":"post-9460","1":"product","2":"type-product","3":"status-publish","4":"has-post-thumbnail","6":"product_cat-drehunterlagen","8":"first","9":"instock","10":"shipping-taxable","11":"product-type-simple"},"acf":[],"yoast_head":"<!-- This site is optimized with the Yoast SEO plugin v26.2 - https:\/\/yoast.com\/wordpress\/plugins\/seo\/ -->\n<title>Rampage Drehunterlage XL | Smoking Paper<\/title>\n<meta name=\"description\" content=\"Entdecken Sie mit dem Rampage XL Smoking Tray, einem Schmuckst\u00fcck unserer exklusiven Creators Collection. Genie\u00dfen mit Smokin Paper.\" \/>\n<meta name=\"robots\" content=\"index, follow, max-snippet:-1, max-image-preview:large, max-video-preview:-1\" \/>\n<link rel=\"canonical\" href=\"https:\/\/www.smokingpaper.com\/de\/rampage-drehunterlage\/\" \/>\n<meta property=\"og:locale\" content=\"de_DE\" \/>\n<meta property=\"og:type\" content=\"article\" \/>\n<meta property=\"og:title\" content=\"Rampage Drehunterlage XL | Smoking Paper\" \/>\n<meta property=\"og:description\" content=\"Entdecken Sie mit dem Rampage XL Smoking Tray, einem Schmuckst\u00fcck unserer exklusiven Creators Collection. Genie\u00dfen mit Smokin Paper.\" \/>\n<meta property=\"og:url\" content=\"https:\/\/www.smokingpaper.com\/de\/rampage-drehunterlage\/\" \/>\n<meta property=\"og:site_name\" content=\"Smoking\" \/>\n<meta property=\"article:modified_time\" content=\"2025-05-19T09:34:29+00:00\" \/>\n<meta property=\"og:image\" content=\"https:\/\/www.smokingpaper.com\/wp-content\/uploads\/2024\/03\/Smoking_Bandejas-y-Grindrs-ecommerce_Rolling-tray-XL-Rampage.jpg\" \/>\n\t<meta property=\"og:image:width\" content=\"1277\" \/>\n\t<meta property=\"og:image:height\" content=\"1915\" \/>\n\t<meta property=\"og:image:type\" content=\"image\/jpeg\" \/>\n<meta name=\"twitter:card\" content=\"summary_large_image\" \/>\n<!-- \/ Yoast SEO plugin. -->","yoast_head_json":{"title":"Rampage Drehunterlage XL | Smoking Paper","description":"Entdecken Sie mit dem Rampage XL Smoking Tray, einem Schmuckst\u00fcck unserer exklusiven Creators Collection. Genie\u00dfen mit Smokin Paper.","robots":{"index":"index","follow":"follow","max-snippet":"max-snippet:-1","max-image-preview":"max-image-preview:large","max-video-preview":"max-video-preview:-1"},"canonical":"https:\/\/www.smokingpaper.com\/de\/rampage-drehunterlage\/","og_locale":"de_DE","og_type":"article","og_title":"Rampage Drehunterlage XL | Smoking Paper","og_description":"Entdecken Sie mit dem Rampage XL Smoking Tray, einem Schmuckst\u00fcck unserer exklusiven Creators Collection. Genie\u00dfen mit Smokin Paper.","og_url":"https:\/\/www.smokingpaper.com\/de\/rampage-drehunterlage\/","og_site_name":"Smoking","article_modified_time":"2025-05-19T09:34:29+00:00","og_image":[{"width":1277,"height":1915,"url":"https:\/\/www.smokingpaper.com\/wp-content\/uploads\/2024\/03\/Smoking_Bandejas-y-Grindrs-ecommerce_Rolling-tray-XL-Rampage.jpg","type":"image\/jpeg"}],"twitter_card":"summary_large_image","schema":{"@context":"https:\/\/schema.org","@graph":[{"@type":"BreadcrumbList","@id":"https:\/\/www.smokingpaper.com\/de\/rampage-drehunterlage\/#breadcrumb","itemListElement":[{"@type":"ListItem","position":1,"name":"Home","item":"https:\/\/www.smokingpaper.com\/de\/"},{"@type":"ListItem","position":2,"name":"Produkte","item":"https:\/\/www.smokingpaper.com\/de\/shop\/"},{"@type":"ListItem","position":3,"name":"Drehunterlagen","item":"https:\/\/www.smokingpaper.com\/de\/produkte\/drehunterlagen\/"},{"@type":"ListItem","position":4,"name":"Drehunterlage Rampage"}]}]}},"_links":{"self":[{"href":"https:\/\/www.smokingpaper.com\/de\/wp-json\/wp\/v2\/product\/9460","targetHints":{"allow":["GET"]}}],"collection":[{"href":"https:\/\/www.smokingpaper.com\/de\/wp-json\/wp\/v2\/product"}],"about":[{"href":"https:\/\/www.smokingpaper.com\/de\/wp-json\/wp\/v2\/types\/product"}],"wp:featuredmedia":[{"embeddable":true,"href":"https:\/\/www.smokingpaper.com\/de\/wp-json\/wp\/v2\/media\/9455"}],"wp:attachment":[{"href":"https:\/\/www.smokingpaper.com\/de\/wp-json\/wp\/v2\/media?parent=9460"}],"wp:term":[{"taxonomy":"product_brand","embeddable":true,"href":"https:\/\/www.smokingpaper.com\/de\/wp-json\/wp\/v2\/product_brand?post=9460"},{"taxonomy":"product_cat","embeddable":true,"href":"https:\/\/www.smokingpaper.com\/de\/wp-json\/wp\/v2\/product_cat?post=9460"},{"taxonomy":"product_tag","embeddable":true,"href":"https:\/\/www.smokingpaper.com\/de\/wp-json\/wp\/v2\/product_tag?post=9460"}],"curies":[{"name":"wp","href":"https:\/\/api.w.org\/{rel}","templated":true}]}}