{"id":945,"date":"2021-12-03T08:21:44","date_gmt":"2021-12-03T07:21:44","guid":{"rendered":"http:\/\/new.smokingpaper.com\/product\/brown-2\/"},"modified":"2023-11-17T13:12:04","modified_gmt":"2023-11-17T12:12:04","slug":"medium-brown","status":"publish","type":"product","link":"https:\/\/www.smokingpaper.com\/de\/medium-brown\/","title":{"rendered":"Brown Medium"},"content":{"rendered":"","protected":false},"excerpt":{"rendered":"<p>Mit Brown Medium haben Sie ein Heft mit 50 Blatt, ideal f\u00fcr unser MEDIUM-Format. Au\u00dferdem verwendet es ungebleichtes Papier und ist somit nachhaltiger. Es hat die Ma\u00dfe 77 x 44 mm und seine ultrafeine Oberfl\u00e4che sorgt f\u00fcr maximale Transparenz und einen langsamen Abbrennen. Es enth\u00e4lt au\u00dferdem 100 % nat\u00fcrliches, pflanzliches Gummi f\u00fcr ein effizienteres und schnelleres kleben und ist FSC\u00ae-zertifiziert, da es aus Plantagen stammt, die die Artenvielfalt respektieren.<\/p>\n","protected":false},"featured_media":1274,"template":"","meta":{"_acf_changed":false,"inline_featured_image":false},"product_brand":[],"product_cat":[112,304],"product_tag":[],"class_list":{"0":"post-945","1":"product","2":"type-product","3":"status-publish","4":"has-post-thumbnail","6":"product_cat-blattchen","7":"product_cat-medium","9":"first","10":"instock","11":"shipping-taxable","12":"product-type-simple"},"acf":[],"yoast_head":"<!-- This site is optimized with the Yoast SEO plugin v26.2 - https:\/\/yoast.com\/wordpress\/plugins\/seo\/ -->\n<title>\u25b7 Zigarettenpapier Mittel Braun | Smoking Paper<\/title>\n<meta name=\"description\" content=\"Treffen Sie die beste Qualit\u00e4t Raucherpapier Medium Brown mit 50 Blatt, Raucherprodukte bei Smoking Paper. Zu den besten Preisen, Online-Produktkatalog!\" \/>\n<meta name=\"robots\" content=\"index, follow, max-snippet:-1, max-image-preview:large, max-video-preview:-1\" \/>\n<link rel=\"canonical\" href=\"https:\/\/www.smokingpaper.com\/de\/medium-brown\/\" \/>\n<meta property=\"og:locale\" content=\"de_DE\" \/>\n<meta property=\"og:type\" content=\"article\" \/>\n<meta property=\"og:title\" content=\"\u25b7 Zigarettenpapier Mittel Braun | Smoking Paper\" \/>\n<meta property=\"og:description\" content=\"Treffen Sie die beste Qualit\u00e4t Raucherpapier Medium Brown mit 50 Blatt, Raucherprodukte bei Smoking Paper. Zu den besten Preisen, Online-Produktkatalog!\" \/>\n<meta property=\"og:url\" content=\"https:\/\/www.smokingpaper.com\/de\/medium-brown\/\" \/>\n<meta property=\"og:site_name\" content=\"Smoking\" \/>\n<meta property=\"article:modified_time\" content=\"2023-11-17T12:12:04+00:00\" \/>\n<meta property=\"og:image\" content=\"https:\/\/www.smokingpaper.com\/wp-content\/uploads\/2021\/12\/686x385_39c0a-240320171219-removebg-preview.png\" \/>\n\t<meta property=\"og:image:width\" content=\"667\" \/>\n\t<meta property=\"og:image:height\" content=\"374\" \/>\n\t<meta property=\"og:image:type\" content=\"image\/png\" \/>\n<meta name=\"twitter:card\" content=\"summary_large_image\" \/>\n<meta name=\"twitter:label1\" content=\"Gesch\u00e4tzte Lesezeit\" \/>\n\t<meta name=\"twitter:data1\" content=\"1\u00a0Minute\" \/>\n<!-- \/ Yoast SEO plugin. -->","yoast_head_json":{"title":"\u25b7 Zigarettenpapier Mittel Braun | Smoking Paper","description":"Treffen Sie die beste Qualit\u00e4t Raucherpapier Medium Brown mit 50 Blatt, Raucherprodukte bei Smoking Paper. Zu den besten Preisen, Online-Produktkatalog!","robots":{"index":"index","follow":"follow","max-snippet":"max-snippet:-1","max-image-preview":"max-image-preview:large","max-video-preview":"max-video-preview:-1"},"canonical":"https:\/\/www.smokingpaper.com\/de\/medium-brown\/","og_locale":"de_DE","og_type":"article","og_title":"\u25b7 Zigarettenpapier Mittel Braun | Smoking Paper","og_description":"Treffen Sie die beste Qualit\u00e4t Raucherpapier Medium Brown mit 50 Blatt, Raucherprodukte bei Smoking Paper. Zu den besten Preisen, Online-Produktkatalog!","og_url":"https:\/\/www.smokingpaper.com\/de\/medium-brown\/","og_site_name":"Smoking","article_modified_time":"2023-11-17T12:12:04+00:00","og_image":[{"width":667,"height":374,"url":"https:\/\/www.smokingpaper.com\/wp-content\/uploads\/2021\/12\/686x385_39c0a-240320171219-removebg-preview.png","type":"image\/png"}],"twitter_card":"summary_large_image","twitter_misc":{"Gesch\u00e4tzte Lesezeit":"1\u00a0Minute"},"schema":{"@context":"https:\/\/schema.org","@graph":[{"@type":"BreadcrumbList","@id":"https:\/\/www.smokingpaper.com\/de\/medium-brown\/#breadcrumb","itemListElement":[{"@type":"ListItem","position":1,"name":"Home","item":"https:\/\/www.smokingpaper.com\/de\/"},{"@type":"ListItem","position":2,"name":"Produkte","item":"https:\/\/www.smokingpaper.com\/de\/shop\/"},{"@type":"ListItem","position":3,"name":"ZIGARETTENPAPIER","item":"https:\/\/www.smokingpaper.com\/de\/produkte\/blattchen\/"},{"@type":"ListItem","position":4,"name":"Brown Medium"}]}]}},"_links":{"self":[{"href":"https:\/\/www.smokingpaper.com\/de\/wp-json\/wp\/v2\/product\/945","targetHints":{"allow":["GET"]}}],"collection":[{"href":"https:\/\/www.smokingpaper.com\/de\/wp-json\/wp\/v2\/product"}],"about":[{"href":"https:\/\/www.smokingpaper.com\/de\/wp-json\/wp\/v2\/types\/product"}],"wp:featuredmedia":[{"embeddable":true,"href":"https:\/\/www.smokingpaper.com\/de\/wp-json\/wp\/v2\/media\/1274"}],"wp:attachment":[{"href":"https:\/\/www.smokingpaper.com\/de\/wp-json\/wp\/v2\/media?parent=945"}],"wp:term":[{"taxonomy":"product_brand","embeddable":true,"href":"https:\/\/www.smokingpaper.com\/de\/wp-json\/wp\/v2\/product_brand?post=945"},{"taxonomy":"product_cat","embeddable":true,"href":"https:\/\/www.smokingpaper.com\/de\/wp-json\/wp\/v2\/product_cat?post=945"},{"taxonomy":"product_tag","embeddable":true,"href":"https:\/\/www.smokingpaper.com\/de\/wp-json\/wp\/v2\/product_tag?post=945"}],"curies":[{"name":"wp","href":"https:\/\/api.w.org\/{rel}","templated":true}]}}