{"id":9443,"date":"2024-03-27T09:54:53","date_gmt":"2024-03-27T08:54:53","guid":{"rendered":"https:\/\/www.smokingpaper.com\/euphoria-alien-grinder\/"},"modified":"2025-05-15T13:11:29","modified_gmt":"2025-05-15T11:11:29","slug":"euphoria-alien-grinder","status":"publish","type":"product","link":"https:\/\/www.smokingpaper.com\/de\/euphoria-alien-grinder\/","title":{"rendered":"Euphoria Alien Grinder"},"content":{"rendered":"","protected":false},"excerpt":{"rendered":"<p>Mit dem <strong>Euphoria Alien<\/strong> Grinder ist h\u00f6chste Qualit\u00e4t gesichert. Nicht nur das kirschrote Finish dieses Grinders zieht alle Blicke auf sich, auch das Design des kosmischen Besuchers garantiert ein au\u00dfergew\u00f6hnliches Erlebnis. Ausgestattet mit einem langlebigen Metallrahmen und einem cleveren System, das das Mahlen, Aufbewahren und Sammeln von Pollen getrennt erm\u00f6glicht, ist dieser Grinder der perfekte Begleiter f\u00fcr eine galaktische Session. Verpasse nicht die Gelegenheit, alle 6 Modelle der Euphoria-Kollektion zu entdecken.<\/p>\n","protected":false},"featured_media":9441,"template":"","meta":{"_acf_changed":false,"inline_featured_image":false},"product_brand":[],"product_cat":[773],"product_tag":[],"class_list":{"0":"post-9443","1":"product","2":"type-product","3":"status-publish","4":"has-post-thumbnail","6":"product_cat-grinders","8":"first","9":"instock","10":"shipping-taxable","11":"product-type-simple"},"acf":[],"yoast_head":"<!-- This site is optimized with the Yoast SEO plugin v26.2 - https:\/\/yoast.com\/wordpress\/plugins\/seo\/ -->\n<title>Euphoria Alien Grinder: Alien-Erfahrung | Smoking Paper<\/title>\n<meta name=\"description\" content=\"Mit dem Euphoria Alien Grinder ist die Qualit\u00e4tsentf\u00fchrung gesichert. Das kosmische Besucherdesign garantiert ein nicht allt\u00e4gliches Erlebnis.\" \/>\n<meta name=\"robots\" content=\"index, follow, max-snippet:-1, max-image-preview:large, max-video-preview:-1\" \/>\n<link rel=\"canonical\" href=\"https:\/\/www.smokingpaper.com\/de\/euphoria-alien-grinder\/\" \/>\n<meta property=\"og:locale\" content=\"de_DE\" \/>\n<meta property=\"og:type\" content=\"article\" \/>\n<meta property=\"og:title\" content=\"Euphoria Alien Grinder: Alien-Erfahrung | Smoking Paper\" \/>\n<meta property=\"og:description\" content=\"Mit dem Euphoria Alien Grinder ist die Qualit\u00e4tsentf\u00fchrung gesichert. Das kosmische Besucherdesign garantiert ein nicht allt\u00e4gliches Erlebnis.\" \/>\n<meta property=\"og:url\" content=\"https:\/\/www.smokingpaper.com\/de\/euphoria-alien-grinder\/\" \/>\n<meta property=\"og:site_name\" content=\"Smoking\" \/>\n<meta property=\"article:modified_time\" content=\"2025-05-15T11:11:29+00:00\" \/>\n<meta property=\"og:image\" content=\"https:\/\/www.smokingpaper.com\/wp-content\/uploads\/2024\/03\/Smoking_Bandejas-y-Grindrs-ecommerce_Euphoria-2.jpg\" \/>\n\t<meta property=\"og:image:width\" content=\"1277\" \/>\n\t<meta property=\"og:image:height\" content=\"1915\" \/>\n\t<meta property=\"og:image:type\" content=\"image\/jpeg\" \/>\n<meta name=\"twitter:card\" content=\"summary_large_image\" \/>\n<!-- \/ Yoast SEO plugin. -->","yoast_head_json":{"title":"Euphoria Alien Grinder: Alien-Erfahrung | Smoking Paper","description":"Mit dem Euphoria Alien Grinder ist die Qualit\u00e4tsentf\u00fchrung gesichert. Das kosmische Besucherdesign garantiert ein nicht allt\u00e4gliches Erlebnis.","robots":{"index":"index","follow":"follow","max-snippet":"max-snippet:-1","max-image-preview":"max-image-preview:large","max-video-preview":"max-video-preview:-1"},"canonical":"https:\/\/www.smokingpaper.com\/de\/euphoria-alien-grinder\/","og_locale":"de_DE","og_type":"article","og_title":"Euphoria Alien Grinder: Alien-Erfahrung | Smoking Paper","og_description":"Mit dem Euphoria Alien Grinder ist die Qualit\u00e4tsentf\u00fchrung gesichert. Das kosmische Besucherdesign garantiert ein nicht allt\u00e4gliches Erlebnis.","og_url":"https:\/\/www.smokingpaper.com\/de\/euphoria-alien-grinder\/","og_site_name":"Smoking","article_modified_time":"2025-05-15T11:11:29+00:00","og_image":[{"width":1277,"height":1915,"url":"https:\/\/www.smokingpaper.com\/wp-content\/uploads\/2024\/03\/Smoking_Bandejas-y-Grindrs-ecommerce_Euphoria-2.jpg","type":"image\/jpeg"}],"twitter_card":"summary_large_image","schema":{"@context":"https:\/\/schema.org","@graph":[{"@type":"BreadcrumbList","@id":"https:\/\/www.smokingpaper.com\/de\/euphoria-alien-grinder\/#breadcrumb","itemListElement":[{"@type":"ListItem","position":1,"name":"Home","item":"https:\/\/www.smokingpaper.com\/de\/"},{"@type":"ListItem","position":2,"name":"Produkte","item":"https:\/\/www.smokingpaper.com\/de\/shop\/"},{"@type":"ListItem","position":3,"name":"Grinders","item":"https:\/\/www.smokingpaper.com\/de\/produkte\/grinders\/"},{"@type":"ListItem","position":4,"name":"Euphoria Alien Grinder"}]}]}},"_links":{"self":[{"href":"https:\/\/www.smokingpaper.com\/de\/wp-json\/wp\/v2\/product\/9443","targetHints":{"allow":["GET"]}}],"collection":[{"href":"https:\/\/www.smokingpaper.com\/de\/wp-json\/wp\/v2\/product"}],"about":[{"href":"https:\/\/www.smokingpaper.com\/de\/wp-json\/wp\/v2\/types\/product"}],"wp:featuredmedia":[{"embeddable":true,"href":"https:\/\/www.smokingpaper.com\/de\/wp-json\/wp\/v2\/media\/9441"}],"wp:attachment":[{"href":"https:\/\/www.smokingpaper.com\/de\/wp-json\/wp\/v2\/media?parent=9443"}],"wp:term":[{"taxonomy":"product_brand","embeddable":true,"href":"https:\/\/www.smokingpaper.com\/de\/wp-json\/wp\/v2\/product_brand?post=9443"},{"taxonomy":"product_cat","embeddable":true,"href":"https:\/\/www.smokingpaper.com\/de\/wp-json\/wp\/v2\/product_cat?post=9443"},{"taxonomy":"product_tag","embeddable":true,"href":"https:\/\/www.smokingpaper.com\/de\/wp-json\/wp\/v2\/product_tag?post=9443"}],"curies":[{"name":"wp","href":"https:\/\/api.w.org\/{rel}","templated":true}]}}