{"id":9417,"date":"2024-03-26T13:51:32","date_gmt":"2024-03-26T12:51:31","guid":{"rendered":"https:\/\/www.smokingpaper.com\/?post_type=product&#038;p=9417"},"modified":"2025-06-12T08:38:41","modified_gmt":"2025-06-12T06:38:41","slug":"euphoria-eye-grinder","status":"publish","type":"product","link":"https:\/\/www.smokingpaper.com\/de\/euphoria-eye-grinder\/","title":{"rendered":"EUPHORIA EYE GRINDER"},"content":{"rendered":"","protected":false},"excerpt":{"rendered":"<p>Der <strong>Euphoria Eye<\/strong>\u00a0Grinder \u00f6ffnet ein Fenster zu einer nat\u00fcrlicheren Welt. In sattem Gr\u00fcn gehalten, vereint dieser Grinder Funktionalit\u00e4t und Mystik mit seinem einzigartigen Design, das ein wachendes Auge in einer sternenklaren Nacht darstellt. Die robuste Metallkonstruktion garantiert Langlebigkeit, w\u00e4hrend das Mehrkammersystem f\u00fcr effizientes und sauberes Mahlen sorgt. Mit sechs verschiedenen Versionen wirst du in unserer Euphoria-Kollektion sicher das Modell finden, das perfekt zu deiner Vorstellung vom Mahlen passt.<\/p>\n","protected":false},"featured_media":11568,"template":"","meta":{"_acf_changed":false,"inline_featured_image":false},"product_brand":[],"product_cat":[773],"product_tag":[],"class_list":{"0":"post-9417","1":"product","2":"type-product","3":"status-publish","4":"has-post-thumbnail","6":"product_cat-grinders","8":"first","9":"instock","10":"shipping-taxable","11":"product-type-simple"},"acf":[],"yoast_head":"<!-- This site is optimized with the Yoast SEO plugin v26.2 - https:\/\/yoast.com\/wordpress\/plugins\/seo\/ -->\n<title>EUPHORIA EYE GRINDER: Funktionalit\u00e4t und Mystik | Smoking Paper<\/title>\n<meta name=\"description\" content=\"Der Euphoria Eye Grinder ist ein Fenster in eine gr\u00fcnere, nat\u00fcrlichere Welt. Der in sattem Gr\u00fcn gehaltene Grinder verbindet Funktionalit\u00e4t und Mystik\" \/>\n<meta name=\"robots\" content=\"index, follow, max-snippet:-1, max-image-preview:large, max-video-preview:-1\" \/>\n<link rel=\"canonical\" href=\"https:\/\/www.smokingpaper.com\/de\/euphoria-eye-grinder\/\" \/>\n<meta property=\"og:locale\" content=\"de_DE\" \/>\n<meta property=\"og:type\" content=\"article\" \/>\n<meta property=\"og:title\" content=\"EUPHORIA EYE GRINDER: Funktionalit\u00e4t und Mystik | Smoking Paper\" \/>\n<meta property=\"og:description\" content=\"Der Euphoria Eye Grinder ist ein Fenster in eine gr\u00fcnere, nat\u00fcrlichere Welt. Der in sattem Gr\u00fcn gehaltene Grinder verbindet Funktionalit\u00e4t und Mystik\" \/>\n<meta property=\"og:url\" content=\"https:\/\/www.smokingpaper.com\/de\/euphoria-eye-grinder\/\" \/>\n<meta property=\"og:site_name\" content=\"Smoking\" \/>\n<meta property=\"article:modified_time\" content=\"2025-06-12T06:38:41+00:00\" \/>\n<meta property=\"og:image\" content=\"https:\/\/www.smokingpaper.com\/wp-content\/uploads\/2024\/03\/Euphoria-Eye-Grinder-1.png\" \/>\n\t<meta property=\"og:image:width\" content=\"1277\" \/>\n\t<meta property=\"og:image:height\" content=\"1915\" \/>\n\t<meta property=\"og:image:type\" content=\"image\/png\" \/>\n<meta name=\"twitter:card\" content=\"summary_large_image\" \/>\n<!-- \/ Yoast SEO plugin. -->","yoast_head_json":{"title":"EUPHORIA EYE GRINDER: Funktionalit\u00e4t und Mystik | Smoking Paper","description":"Der Euphoria Eye Grinder ist ein Fenster in eine gr\u00fcnere, nat\u00fcrlichere Welt. Der in sattem Gr\u00fcn gehaltene Grinder verbindet Funktionalit\u00e4t und Mystik","robots":{"index":"index","follow":"follow","max-snippet":"max-snippet:-1","max-image-preview":"max-image-preview:large","max-video-preview":"max-video-preview:-1"},"canonical":"https:\/\/www.smokingpaper.com\/de\/euphoria-eye-grinder\/","og_locale":"de_DE","og_type":"article","og_title":"EUPHORIA EYE GRINDER: Funktionalit\u00e4t und Mystik | Smoking Paper","og_description":"Der Euphoria Eye Grinder ist ein Fenster in eine gr\u00fcnere, nat\u00fcrlichere Welt. Der in sattem Gr\u00fcn gehaltene Grinder verbindet Funktionalit\u00e4t und Mystik","og_url":"https:\/\/www.smokingpaper.com\/de\/euphoria-eye-grinder\/","og_site_name":"Smoking","article_modified_time":"2025-06-12T06:38:41+00:00","og_image":[{"width":1277,"height":1915,"url":"https:\/\/www.smokingpaper.com\/wp-content\/uploads\/2024\/03\/Euphoria-Eye-Grinder-1.png","type":"image\/png"}],"twitter_card":"summary_large_image","schema":{"@context":"https:\/\/schema.org","@graph":[{"@type":"BreadcrumbList","@id":"https:\/\/www.smokingpaper.com\/de\/euphoria-eye-grinder\/#breadcrumb","itemListElement":[{"@type":"ListItem","position":1,"name":"Home","item":"https:\/\/www.smokingpaper.com\/de\/"},{"@type":"ListItem","position":2,"name":"Produkte","item":"https:\/\/www.smokingpaper.com\/de\/shop\/"},{"@type":"ListItem","position":3,"name":"Grinders","item":"https:\/\/www.smokingpaper.com\/de\/produkte\/grinders\/"},{"@type":"ListItem","position":4,"name":"EUPHORIA EYE GRINDER"}]}]}},"_links":{"self":[{"href":"https:\/\/www.smokingpaper.com\/de\/wp-json\/wp\/v2\/product\/9417","targetHints":{"allow":["GET"]}}],"collection":[{"href":"https:\/\/www.smokingpaper.com\/de\/wp-json\/wp\/v2\/product"}],"about":[{"href":"https:\/\/www.smokingpaper.com\/de\/wp-json\/wp\/v2\/types\/product"}],"wp:featuredmedia":[{"embeddable":true,"href":"https:\/\/www.smokingpaper.com\/de\/wp-json\/wp\/v2\/media\/11568"}],"wp:attachment":[{"href":"https:\/\/www.smokingpaper.com\/de\/wp-json\/wp\/v2\/media?parent=9417"}],"wp:term":[{"taxonomy":"product_brand","embeddable":true,"href":"https:\/\/www.smokingpaper.com\/de\/wp-json\/wp\/v2\/product_brand?post=9417"},{"taxonomy":"product_cat","embeddable":true,"href":"https:\/\/www.smokingpaper.com\/de\/wp-json\/wp\/v2\/product_cat?post=9417"},{"taxonomy":"product_tag","embeddable":true,"href":"https:\/\/www.smokingpaper.com\/de\/wp-json\/wp\/v2\/product_tag?post=9417"}],"curies":[{"name":"wp","href":"https:\/\/api.w.org\/{rel}","templated":true}]}}