{"id":9413,"date":"2024-03-26T13:19:41","date_gmt":"2024-03-26T12:19:41","guid":{"rendered":"https:\/\/www.smokingpaper.com\/euphoria-handmahlwerk\/"},"modified":"2025-06-12T08:39:01","modified_gmt":"2025-06-12T06:39:01","slug":"euphoria-hand-grinder","status":"publish","type":"product","link":"https:\/\/www.smokingpaper.com\/de\/euphoria-hand-grinder\/","title":{"rendered":"EUPHORIA HAND GRINDER"},"content":{"rendered":"","protected":false},"excerpt":{"rendered":"<p>Mit dem <strong>Euphoria Hand<\/strong>\u00a0Grinder in leuchtendem Magenta-Pink wird jedes Mahlen zu einem Kunstwerk. Inspiriert von grenzenloser Kreativit\u00e4t, verspricht dieser Metallgrinder nicht nur eine lange Lebensdauer, sondern bringt auch Farbe und Design in deine entspannenden Momente. Mit seiner <strong>vierteiligen Struktur<\/strong> zum Mahlen, Aufbewahren und Auffangen von Pollen sorgt er daf\u00fcr, dass deine Zubereitungen perfekt und abfallfrei sind. Lass dich von unseren sechs verschiedenen Modellen der<strong> Euphoria-Kollektion<\/strong> inspirieren und genie\u00dfe die Pr\u00e4zision und das Vergn\u00fcgen, das sie dir bieten.<\/p>\n","protected":false},"featured_media":9408,"template":"","meta":{"_acf_changed":false,"inline_featured_image":false},"product_brand":[],"product_cat":[773],"product_tag":[],"class_list":{"0":"post-9413","1":"product","2":"type-product","3":"status-publish","4":"has-post-thumbnail","6":"product_cat-grinders","8":"first","9":"instock","10":"shipping-taxable","11":"product-type-simple"},"acf":[],"yoast_head":"<!-- This site is optimized with the Yoast SEO plugin v26.2 - https:\/\/yoast.com\/wordpress\/plugins\/seo\/ -->\n<title>EUPHORIA HAND GRINDER: Grenzenloser Kreativit\u00e4t | Smoking Paper<\/title>\n<meta name=\"description\" content=\"Mit dem Euphoria Handgrinder in leuchtendem Magenta-Pink wird jedes Mahlen zu einem Kunstwerk. Inspiriert von grenzenloser Kreativit\u00e4t.\" \/>\n<meta name=\"robots\" content=\"index, follow, max-snippet:-1, max-image-preview:large, max-video-preview:-1\" \/>\n<link rel=\"canonical\" href=\"https:\/\/www.smokingpaper.com\/de\/euphoria-hand-grinder\/\" \/>\n<meta property=\"og:locale\" content=\"de_DE\" \/>\n<meta property=\"og:type\" content=\"article\" \/>\n<meta property=\"og:title\" content=\"EUPHORIA HAND GRINDER: Grenzenloser Kreativit\u00e4t | Smoking Paper\" \/>\n<meta property=\"og:description\" content=\"Mit dem Euphoria Handgrinder in leuchtendem Magenta-Pink wird jedes Mahlen zu einem Kunstwerk. Inspiriert von grenzenloser Kreativit\u00e4t.\" \/>\n<meta property=\"og:url\" content=\"https:\/\/www.smokingpaper.com\/de\/euphoria-hand-grinder\/\" \/>\n<meta property=\"og:site_name\" content=\"Smoking\" \/>\n<meta property=\"article:modified_time\" content=\"2025-06-12T06:39:01+00:00\" \/>\n<meta property=\"og:image\" content=\"https:\/\/www.smokingpaper.com\/wp-content\/uploads\/2024\/03\/Smoking_Bandejas-y-Grindrs-ecommerce_Euphoria-4.jpg\" \/>\n\t<meta property=\"og:image:width\" content=\"1277\" \/>\n\t<meta property=\"og:image:height\" content=\"1915\" \/>\n\t<meta property=\"og:image:type\" content=\"image\/jpeg\" \/>\n<meta name=\"twitter:card\" content=\"summary_large_image\" \/>\n<!-- \/ Yoast SEO plugin. -->","yoast_head_json":{"title":"EUPHORIA HAND GRINDER: Grenzenloser Kreativit\u00e4t | Smoking Paper","description":"Mit dem Euphoria Handgrinder in leuchtendem Magenta-Pink wird jedes Mahlen zu einem Kunstwerk. Inspiriert von grenzenloser Kreativit\u00e4t.","robots":{"index":"index","follow":"follow","max-snippet":"max-snippet:-1","max-image-preview":"max-image-preview:large","max-video-preview":"max-video-preview:-1"},"canonical":"https:\/\/www.smokingpaper.com\/de\/euphoria-hand-grinder\/","og_locale":"de_DE","og_type":"article","og_title":"EUPHORIA HAND GRINDER: Grenzenloser Kreativit\u00e4t | Smoking Paper","og_description":"Mit dem Euphoria Handgrinder in leuchtendem Magenta-Pink wird jedes Mahlen zu einem Kunstwerk. Inspiriert von grenzenloser Kreativit\u00e4t.","og_url":"https:\/\/www.smokingpaper.com\/de\/euphoria-hand-grinder\/","og_site_name":"Smoking","article_modified_time":"2025-06-12T06:39:01+00:00","og_image":[{"width":1277,"height":1915,"url":"https:\/\/www.smokingpaper.com\/wp-content\/uploads\/2024\/03\/Smoking_Bandejas-y-Grindrs-ecommerce_Euphoria-4.jpg","type":"image\/jpeg"}],"twitter_card":"summary_large_image","schema":{"@context":"https:\/\/schema.org","@graph":[{"@type":"BreadcrumbList","@id":"https:\/\/www.smokingpaper.com\/de\/euphoria-hand-grinder\/#breadcrumb","itemListElement":[{"@type":"ListItem","position":1,"name":"Home","item":"https:\/\/www.smokingpaper.com\/de\/"},{"@type":"ListItem","position":2,"name":"Produkte","item":"https:\/\/www.smokingpaper.com\/de\/shop\/"},{"@type":"ListItem","position":3,"name":"Grinders","item":"https:\/\/www.smokingpaper.com\/de\/produkte\/grinders\/"},{"@type":"ListItem","position":4,"name":"EUPHORIA HAND GRINDER"}]}]}},"_links":{"self":[{"href":"https:\/\/www.smokingpaper.com\/de\/wp-json\/wp\/v2\/product\/9413","targetHints":{"allow":["GET"]}}],"collection":[{"href":"https:\/\/www.smokingpaper.com\/de\/wp-json\/wp\/v2\/product"}],"about":[{"href":"https:\/\/www.smokingpaper.com\/de\/wp-json\/wp\/v2\/types\/product"}],"wp:featuredmedia":[{"embeddable":true,"href":"https:\/\/www.smokingpaper.com\/de\/wp-json\/wp\/v2\/media\/9408"}],"wp:attachment":[{"href":"https:\/\/www.smokingpaper.com\/de\/wp-json\/wp\/v2\/media?parent=9413"}],"wp:term":[{"taxonomy":"product_brand","embeddable":true,"href":"https:\/\/www.smokingpaper.com\/de\/wp-json\/wp\/v2\/product_brand?post=9413"},{"taxonomy":"product_cat","embeddable":true,"href":"https:\/\/www.smokingpaper.com\/de\/wp-json\/wp\/v2\/product_cat?post=9413"},{"taxonomy":"product_tag","embeddable":true,"href":"https:\/\/www.smokingpaper.com\/de\/wp-json\/wp\/v2\/product_tag?post=9413"}],"curies":[{"name":"wp","href":"https:\/\/api.w.org\/{rel}","templated":true}]}}