{"id":9403,"date":"2024-03-26T13:04:46","date_gmt":"2024-03-26T12:04:46","guid":{"rendered":"https:\/\/www.smokingpaper.com\/euphoria-planet-grinder\/"},"modified":"2025-05-15T13:16:04","modified_gmt":"2025-05-15T11:16:04","slug":"euphoria-planet-grinder","status":"publish","type":"product","link":"https:\/\/www.smokingpaper.com\/de\/euphoria-planet-grinder\/","title":{"rendered":"Euphoria Planet Grinder"},"content":{"rendered":"","protected":false},"excerpt":{"rendered":"<p>Begib dich auf eine intergalaktische Reise mit unserem <strong>Euphoria Planet\u00a0<\/strong>Grinder! Das stimmige schwarze Design sorgt f\u00fcr ein himmlisches Erlebnis, w\u00e4hrend du deine Kr\u00e4uter m\u00fchelos zerkleinerst. Hergestellt zu 100 % aus robustem Metall, garantiert dieses Zubeh\u00f6r sowohl Langlebigkeit als auch eine kosmische \u00c4sthetik, die garantiert nicht unbemerkt bleibt. Ausgestattet mit einem Zerkleinerungsfach, einem Aufbewahrungsbeh\u00e4lter und einem Pollenauffangfach sorgt dieser Grinder f\u00fcr eine einfache und effiziente Zubereitung deines Materials. Sammle alle sechs exklusiven Modelle der <strong>Euphoria-Kollektion<\/strong> und hebe dein Ritual in die Sterne!<\/p>\n","protected":false},"featured_media":9398,"template":"","meta":{"_acf_changed":false,"inline_featured_image":false},"product_brand":[],"product_cat":[773],"product_tag":[],"class_list":{"0":"post-9403","1":"product","2":"type-product","3":"status-publish","4":"has-post-thumbnail","6":"product_cat-grinders","8":"first","9":"instock","10":"shipping-taxable","11":"product-type-simple"},"acf":[],"yoast_head":"<!-- This site is optimized with the Yoast SEO plugin v26.2 - https:\/\/yoast.com\/wordpress\/plugins\/seo\/ -->\n<title>Euphoria Planet Grinder: Galaktische Reise | Smoking Paper<\/title>\n<meta name=\"description\" content=\"Begeben Sie sich auf eine intergalaktische Reise mit unserem Euphoria Planet Grinder! Sein stellares schwarzes Design\" \/>\n<meta name=\"robots\" content=\"index, follow, max-snippet:-1, max-image-preview:large, max-video-preview:-1\" \/>\n<link rel=\"canonical\" href=\"https:\/\/www.smokingpaper.com\/de\/euphoria-planet-grinder\/\" \/>\n<meta property=\"og:locale\" content=\"de_DE\" \/>\n<meta property=\"og:type\" content=\"article\" \/>\n<meta property=\"og:title\" content=\"Euphoria Planet Grinder: Galaktische Reise | Smoking Paper\" \/>\n<meta property=\"og:description\" content=\"Begeben Sie sich auf eine intergalaktische Reise mit unserem Euphoria Planet Grinder! Sein stellares schwarzes Design\" \/>\n<meta property=\"og:url\" content=\"https:\/\/www.smokingpaper.com\/de\/euphoria-planet-grinder\/\" \/>\n<meta property=\"og:site_name\" content=\"Smoking\" \/>\n<meta property=\"article:modified_time\" content=\"2025-05-15T11:16:04+00:00\" \/>\n<meta property=\"og:image\" content=\"https:\/\/www.smokingpaper.com\/wp-content\/uploads\/2024\/03\/Smoking_Bandejas-y-Grindrs-ecommerce_Euphoria-4-v2.jpg\" \/>\n\t<meta property=\"og:image:width\" content=\"1277\" \/>\n\t<meta property=\"og:image:height\" content=\"1915\" \/>\n\t<meta property=\"og:image:type\" content=\"image\/jpeg\" \/>\n<meta name=\"twitter:card\" content=\"summary_large_image\" \/>\n<!-- \/ Yoast SEO plugin. -->","yoast_head_json":{"title":"Euphoria Planet Grinder: Galaktische Reise | Smoking Paper","description":"Begeben Sie sich auf eine intergalaktische Reise mit unserem Euphoria Planet Grinder! Sein stellares schwarzes Design","robots":{"index":"index","follow":"follow","max-snippet":"max-snippet:-1","max-image-preview":"max-image-preview:large","max-video-preview":"max-video-preview:-1"},"canonical":"https:\/\/www.smokingpaper.com\/de\/euphoria-planet-grinder\/","og_locale":"de_DE","og_type":"article","og_title":"Euphoria Planet Grinder: Galaktische Reise | Smoking Paper","og_description":"Begeben Sie sich auf eine intergalaktische Reise mit unserem Euphoria Planet Grinder! Sein stellares schwarzes Design","og_url":"https:\/\/www.smokingpaper.com\/de\/euphoria-planet-grinder\/","og_site_name":"Smoking","article_modified_time":"2025-05-15T11:16:04+00:00","og_image":[{"width":1277,"height":1915,"url":"https:\/\/www.smokingpaper.com\/wp-content\/uploads\/2024\/03\/Smoking_Bandejas-y-Grindrs-ecommerce_Euphoria-4-v2.jpg","type":"image\/jpeg"}],"twitter_card":"summary_large_image","schema":{"@context":"https:\/\/schema.org","@graph":[{"@type":"BreadcrumbList","@id":"https:\/\/www.smokingpaper.com\/de\/euphoria-planet-grinder\/#breadcrumb","itemListElement":[{"@type":"ListItem","position":1,"name":"Home","item":"https:\/\/www.smokingpaper.com\/de\/"},{"@type":"ListItem","position":2,"name":"Produkte","item":"https:\/\/www.smokingpaper.com\/de\/shop\/"},{"@type":"ListItem","position":3,"name":"Grinders","item":"https:\/\/www.smokingpaper.com\/de\/produkte\/grinders\/"},{"@type":"ListItem","position":4,"name":"Euphoria Planet Grinder"}]}]}},"_links":{"self":[{"href":"https:\/\/www.smokingpaper.com\/de\/wp-json\/wp\/v2\/product\/9403","targetHints":{"allow":["GET"]}}],"collection":[{"href":"https:\/\/www.smokingpaper.com\/de\/wp-json\/wp\/v2\/product"}],"about":[{"href":"https:\/\/www.smokingpaper.com\/de\/wp-json\/wp\/v2\/types\/product"}],"wp:featuredmedia":[{"embeddable":true,"href":"https:\/\/www.smokingpaper.com\/de\/wp-json\/wp\/v2\/media\/9398"}],"wp:attachment":[{"href":"https:\/\/www.smokingpaper.com\/de\/wp-json\/wp\/v2\/media?parent=9403"}],"wp:term":[{"taxonomy":"product_brand","embeddable":true,"href":"https:\/\/www.smokingpaper.com\/de\/wp-json\/wp\/v2\/product_brand?post=9403"},{"taxonomy":"product_cat","embeddable":true,"href":"https:\/\/www.smokingpaper.com\/de\/wp-json\/wp\/v2\/product_cat?post=9403"},{"taxonomy":"product_tag","embeddable":true,"href":"https:\/\/www.smokingpaper.com\/de\/wp-json\/wp\/v2\/product_tag?post=9403"}],"curies":[{"name":"wp","href":"https:\/\/api.w.org\/{rel}","templated":true}]}}