{"id":937,"date":"2021-12-03T08:21:47","date_gmt":"2021-12-03T07:21:47","guid":{"rendered":"http:\/\/new.smokingpaper.com\/product\/maiz\/"},"modified":"2023-12-18T17:57:16","modified_gmt":"2023-12-18T16:57:16","slug":"maiz","status":"publish","type":"product","link":"https:\/\/www.smokingpaper.com\/de\/maiz\/","title":{"rendered":"Ma\u00edz Medium"},"content":{"rendered":"","protected":false},"excerpt":{"rendered":"<p>Eine der einzigartigsten Bl\u00e4ttchen in unserem Sortiment! Das Modell Mais Medium verdankt seinen Namen der markanten gelben Farbe, die die gesamte Oberfl\u00e4che durchdringt. Ein Papier, das auch f\u00fcr Raucher gedacht ist, die gerne einen langsamen Brennvorgang genie\u00dfen wollen. 49 Bl\u00e4ttchen pro Heft mit 100% nat\u00fcrlichem Pflanzengummi, ohne Farb- oder Zusatzstoffe. So wird sichergestellt, dass Du in nur einem Handgriff einen optimalen Halt erh\u00e4ltst.<\/p>\n","protected":false},"featured_media":2206,"template":"","meta":{"_acf_changed":false,"inline_featured_image":false},"product_brand":[],"product_cat":[112,304],"product_tag":[],"class_list":{"0":"post-937","1":"product","2":"type-product","3":"status-publish","4":"has-post-thumbnail","6":"product_cat-blattchen","7":"product_cat-medium","9":"first","10":"instock","11":"shipping-taxable","12":"product-type-simple"},"acf":[],"yoast_head":"<!-- This site is optimized with the Yoast SEO plugin v26.2 - https:\/\/yoast.com\/wordpress\/plugins\/seo\/ -->\n<title>Aus Mais hergestelltes Zigarettenpapier | Smoking Paper<\/title>\n<meta name=\"description\" content=\"Finden Sie Papier die Maiz, Raucherprodukte von bester Qualit\u00e4t bei Smoking Paper \u2705 Zu Top-Preisen. Bl\u00e4ttern Sie in unserem Online-Katalog!\" \/>\n<meta name=\"robots\" content=\"index, follow, max-snippet:-1, max-image-preview:large, max-video-preview:-1\" \/>\n<link rel=\"canonical\" href=\"https:\/\/www.smokingpaper.com\/de\/maiz\/\" \/>\n<meta property=\"og:locale\" content=\"de_DE\" \/>\n<meta property=\"og:type\" content=\"article\" \/>\n<meta property=\"og:title\" content=\"Aus Mais hergestelltes Zigarettenpapier | Smoking Paper\" \/>\n<meta property=\"og:description\" content=\"Finden Sie Papier die Maiz, Raucherprodukte von bester Qualit\u00e4t bei Smoking Paper \u2705 Zu Top-Preisen. Bl\u00e4ttern Sie in unserem Online-Katalog!\" \/>\n<meta property=\"og:url\" content=\"https:\/\/www.smokingpaper.com\/de\/maiz\/\" \/>\n<meta property=\"og:site_name\" content=\"Smoking\" \/>\n<meta property=\"article:modified_time\" content=\"2023-12-18T16:57:16+00:00\" \/>\n<meta property=\"og:image\" content=\"https:\/\/www.smokingpaper.com\/wp-content\/uploads\/2021\/12\/Nuevo_proyecto__40_-removebg-preview.png\" \/>\n\t<meta property=\"og:image:width\" content=\"667\" \/>\n\t<meta property=\"og:image:height\" content=\"374\" \/>\n\t<meta property=\"og:image:type\" content=\"image\/png\" \/>\n<meta name=\"twitter:card\" content=\"summary_large_image\" \/>\n<meta name=\"twitter:label1\" content=\"Gesch\u00e4tzte Lesezeit\" \/>\n\t<meta name=\"twitter:data1\" content=\"1\u00a0Minute\" \/>\n<!-- \/ Yoast SEO plugin. -->","yoast_head_json":{"title":"Aus Mais hergestelltes Zigarettenpapier | Smoking Paper","description":"Finden Sie Papier die Maiz, Raucherprodukte von bester Qualit\u00e4t bei Smoking Paper \u2705 Zu Top-Preisen. Bl\u00e4ttern Sie in unserem Online-Katalog!","robots":{"index":"index","follow":"follow","max-snippet":"max-snippet:-1","max-image-preview":"max-image-preview:large","max-video-preview":"max-video-preview:-1"},"canonical":"https:\/\/www.smokingpaper.com\/de\/maiz\/","og_locale":"de_DE","og_type":"article","og_title":"Aus Mais hergestelltes Zigarettenpapier | Smoking Paper","og_description":"Finden Sie Papier die Maiz, Raucherprodukte von bester Qualit\u00e4t bei Smoking Paper \u2705 Zu Top-Preisen. Bl\u00e4ttern Sie in unserem Online-Katalog!","og_url":"https:\/\/www.smokingpaper.com\/de\/maiz\/","og_site_name":"Smoking","article_modified_time":"2023-12-18T16:57:16+00:00","og_image":[{"width":667,"height":374,"url":"https:\/\/www.smokingpaper.com\/wp-content\/uploads\/2021\/12\/Nuevo_proyecto__40_-removebg-preview.png","type":"image\/png"}],"twitter_card":"summary_large_image","twitter_misc":{"Gesch\u00e4tzte Lesezeit":"1\u00a0Minute"},"schema":{"@context":"https:\/\/schema.org","@graph":[{"@type":"BreadcrumbList","@id":"https:\/\/www.smokingpaper.com\/de\/maiz\/#breadcrumb","itemListElement":[{"@type":"ListItem","position":1,"name":"Home","item":"https:\/\/www.smokingpaper.com\/de\/"},{"@type":"ListItem","position":2,"name":"Produkte","item":"https:\/\/www.smokingpaper.com\/de\/shop\/"},{"@type":"ListItem","position":3,"name":"ZIGARETTENPAPIER","item":"https:\/\/www.smokingpaper.com\/de\/produkte\/blattchen\/"},{"@type":"ListItem","position":4,"name":"Ma\u00edz Medium"}]}]}},"_links":{"self":[{"href":"https:\/\/www.smokingpaper.com\/de\/wp-json\/wp\/v2\/product\/937","targetHints":{"allow":["GET"]}}],"collection":[{"href":"https:\/\/www.smokingpaper.com\/de\/wp-json\/wp\/v2\/product"}],"about":[{"href":"https:\/\/www.smokingpaper.com\/de\/wp-json\/wp\/v2\/types\/product"}],"wp:featuredmedia":[{"embeddable":true,"href":"https:\/\/www.smokingpaper.com\/de\/wp-json\/wp\/v2\/media\/2206"}],"wp:attachment":[{"href":"https:\/\/www.smokingpaper.com\/de\/wp-json\/wp\/v2\/media?parent=937"}],"wp:term":[{"taxonomy":"product_brand","embeddable":true,"href":"https:\/\/www.smokingpaper.com\/de\/wp-json\/wp\/v2\/product_brand?post=937"},{"taxonomy":"product_cat","embeddable":true,"href":"https:\/\/www.smokingpaper.com\/de\/wp-json\/wp\/v2\/product_cat?post=937"},{"taxonomy":"product_tag","embeddable":true,"href":"https:\/\/www.smokingpaper.com\/de\/wp-json\/wp\/v2\/product_tag?post=937"}],"curies":[{"name":"wp","href":"https:\/\/api.w.org\/{rel}","templated":true}]}}