{"id":935,"date":"2021-12-03T08:21:48","date_gmt":"2021-12-03T07:21:48","guid":{"rendered":"http:\/\/new.smokingpaper.com\/product\/master-bloc\/"},"modified":"2025-07-03T12:29:01","modified_gmt":"2025-07-03T10:29:01","slug":"master-bloc","status":"publish","type":"product","link":"https:\/\/www.smokingpaper.com\/de\/master-bloc\/","title":{"rendered":"Master Bloc Medium"},"content":{"rendered":"","protected":false},"excerpt":{"rendered":"<p>Ein Klassiker! Das Master Bloc Medium-Heft bietet flache, nicht ineinander greifende Bl\u00e4tter, die f\u00fcr diejenigen gedacht sind, die bereits Erfahrung in der Kunst des Rollens haben. Sein schmaleres Format als das Standardformat (77 x 37 mm) macht es ideal f\u00fcr pr\u00e4ziseres und engeres Rollen. Jedes Heft enth\u00e4lt 200 Blatt ultrad\u00fcnnes Papier (13 g\/m\u00b2) mit 100 % nat\u00fcrlichem Pflanzengummi, ohne Farb- oder Zusatzstoffe, f\u00fcr eine perfekte Verklebung beim ersten Mal. Es ist au\u00dferdem FSC\u00ae-zertifiziert, was garantiert, dass es aus W\u00e4ldern und Plantagen stammt, die verantwortungsvoll bewirtschaftet werden und die Artenvielfalt respektieren.<\/p>\n","protected":false},"featured_media":4493,"template":"","meta":{"_acf_changed":false,"inline_featured_image":false},"product_brand":[],"product_cat":[112,304],"product_tag":[],"class_list":{"0":"post-935","1":"product","2":"type-product","3":"status-publish","4":"has-post-thumbnail","6":"product_cat-blattchen","7":"product_cat-medium","9":"first","10":"instock","11":"shipping-taxable","12":"product-type-simple"},"acf":[],"yoast_head":"<!-- This site is optimized with the Yoast SEO plugin v26.2 - https:\/\/yoast.com\/wordpress\/plugins\/seo\/ -->\n<title>Papier mittel Master bloc | Smoking Paper<\/title>\n<meta name=\"description\" content=\"Finden Sie die Master Bloc, Raucherprodukte von bester Qualit\u00e4t bei Smoking Paper \u2705 Zu Top-Preisen. Produktkatalog online!\" \/>\n<meta name=\"robots\" content=\"index, follow, max-snippet:-1, max-image-preview:large, max-video-preview:-1\" \/>\n<link rel=\"canonical\" href=\"https:\/\/www.smokingpaper.com\/de\/master-bloc\/\" \/>\n<meta property=\"og:locale\" content=\"de_DE\" \/>\n<meta property=\"og:type\" content=\"article\" \/>\n<meta property=\"og:title\" content=\"Papier mittel Master bloc | Smoking Paper\" \/>\n<meta property=\"og:description\" content=\"Finden Sie die Master Bloc, Raucherprodukte von bester Qualit\u00e4t bei Smoking Paper \u2705 Zu Top-Preisen. Produktkatalog online!\" \/>\n<meta property=\"og:url\" content=\"https:\/\/www.smokingpaper.com\/de\/master-bloc\/\" \/>\n<meta property=\"og:site_name\" content=\"Smoking\" \/>\n<meta property=\"article:modified_time\" content=\"2025-07-03T10:29:01+00:00\" \/>\n<meta property=\"og:image\" content=\"https:\/\/www.smokingpaper.com\/wp-content\/uploads\/2021\/12\/Masterbloc.png\" \/>\n\t<meta property=\"og:image:width\" content=\"667\" \/>\n\t<meta property=\"og:image:height\" content=\"374\" \/>\n\t<meta property=\"og:image:type\" content=\"image\/png\" \/>\n<meta name=\"twitter:card\" content=\"summary_large_image\" \/>\n<meta name=\"twitter:label1\" content=\"Gesch\u00e4tzte Lesezeit\" \/>\n\t<meta name=\"twitter:data1\" content=\"1\u00a0Minute\" \/>\n<!-- \/ Yoast SEO plugin. -->","yoast_head_json":{"title":"Papier mittel Master bloc | Smoking Paper","description":"Finden Sie die Master Bloc, Raucherprodukte von bester Qualit\u00e4t bei Smoking Paper \u2705 Zu Top-Preisen. Produktkatalog online!","robots":{"index":"index","follow":"follow","max-snippet":"max-snippet:-1","max-image-preview":"max-image-preview:large","max-video-preview":"max-video-preview:-1"},"canonical":"https:\/\/www.smokingpaper.com\/de\/master-bloc\/","og_locale":"de_DE","og_type":"article","og_title":"Papier mittel Master bloc | Smoking Paper","og_description":"Finden Sie die Master Bloc, Raucherprodukte von bester Qualit\u00e4t bei Smoking Paper \u2705 Zu Top-Preisen. Produktkatalog online!","og_url":"https:\/\/www.smokingpaper.com\/de\/master-bloc\/","og_site_name":"Smoking","article_modified_time":"2025-07-03T10:29:01+00:00","og_image":[{"width":667,"height":374,"url":"https:\/\/www.smokingpaper.com\/wp-content\/uploads\/2021\/12\/Masterbloc.png","type":"image\/png"}],"twitter_card":"summary_large_image","twitter_misc":{"Gesch\u00e4tzte Lesezeit":"1\u00a0Minute"},"schema":{"@context":"https:\/\/schema.org","@graph":[{"@type":"BreadcrumbList","@id":"https:\/\/www.smokingpaper.com\/de\/master-bloc\/#breadcrumb","itemListElement":[{"@type":"ListItem","position":1,"name":"Home","item":"https:\/\/www.smokingpaper.com\/de\/"},{"@type":"ListItem","position":2,"name":"Produkte","item":"https:\/\/www.smokingpaper.com\/de\/shop\/"},{"@type":"ListItem","position":3,"name":"ZIGARETTENPAPIER","item":"https:\/\/www.smokingpaper.com\/de\/produkte\/blattchen\/"},{"@type":"ListItem","position":4,"name":"Master Bloc Medium"}]}]}},"_links":{"self":[{"href":"https:\/\/www.smokingpaper.com\/de\/wp-json\/wp\/v2\/product\/935","targetHints":{"allow":["GET"]}}],"collection":[{"href":"https:\/\/www.smokingpaper.com\/de\/wp-json\/wp\/v2\/product"}],"about":[{"href":"https:\/\/www.smokingpaper.com\/de\/wp-json\/wp\/v2\/types\/product"}],"wp:featuredmedia":[{"embeddable":true,"href":"https:\/\/www.smokingpaper.com\/de\/wp-json\/wp\/v2\/media\/4493"}],"wp:attachment":[{"href":"https:\/\/www.smokingpaper.com\/de\/wp-json\/wp\/v2\/media?parent=935"}],"wp:term":[{"taxonomy":"product_brand","embeddable":true,"href":"https:\/\/www.smokingpaper.com\/de\/wp-json\/wp\/v2\/product_brand?post=935"},{"taxonomy":"product_cat","embeddable":true,"href":"https:\/\/www.smokingpaper.com\/de\/wp-json\/wp\/v2\/product_cat?post=935"},{"taxonomy":"product_tag","embeddable":true,"href":"https:\/\/www.smokingpaper.com\/de\/wp-json\/wp\/v2\/product_tag?post=935"}],"curies":[{"name":"wp","href":"https:\/\/api.w.org\/{rel}","templated":true}]}}