{"id":932,"date":"2021-12-03T08:21:48","date_gmt":"2021-12-03T07:21:48","guid":{"rendered":"http:\/\/new.smokingpaper.com\/product\/master\/"},"modified":"2023-12-18T20:39:12","modified_gmt":"2023-12-18T19:39:12","slug":"master","status":"publish","type":"product","link":"https:\/\/www.smokingpaper.com\/de\/master\/","title":{"rendered":"Master Medium"},"content":{"rendered":"","protected":false},"excerpt":{"rendered":"<p class=\"fr-tag\"><span data-sheets-value=\"{&quot;1&quot;:2,&quot;2&quot;:&quot;Dank der ultrad\u00fcnnen Bl\u00e4ttchen (77 x 37 mm) mit einem Gewicht von nur 13 g\/m2 drehen Sie mit Master Medium Ihre Zigaretten genau so, wie Sie sie m\u00f6gen. Dieses Booklet enth\u00e4lt Naturkautschuk rein pflanzlichen Ursprungs, damit der Klebstoff am besten klebt. Dar\u00fcber hinaus ist es FSC\u00ae-zertifiziert, was bescheinigt, dass die 50 Bl\u00e4ttchen aus W\u00e4ldern und Plantagen stammen, die unter strengen \u00f6kologischen Auflagen unterhalten werden.&quot;}\" data-sheets-userformat=\"{&quot;2&quot;:1319869,&quot;3&quot;:{&quot;1&quot;:0},&quot;5&quot;:{&quot;1&quot;:[{&quot;1&quot;:2,&quot;2&quot;:0,&quot;5&quot;:{&quot;1&quot;:2,&quot;2&quot;:0}},{&quot;1&quot;:0,&quot;2&quot;:0,&quot;3&quot;:3},{&quot;1&quot;:1,&quot;2&quot;:0,&quot;4&quot;:2}]},&quot;6&quot;:{&quot;1&quot;:[{&quot;1&quot;:2,&quot;2&quot;:0,&quot;5&quot;:{&quot;1&quot;:2,&quot;2&quot;:0}},{&quot;1&quot;:0,&quot;2&quot;:0,&quot;3&quot;:3},{&quot;1&quot;:1,&quot;2&quot;:0,&quot;4&quot;:2}]},&quot;7&quot;:{&quot;1&quot;:[{&quot;1&quot;:2,&quot;2&quot;:0,&quot;5&quot;:{&quot;1&quot;:2,&quot;2&quot;:0}},{&quot;1&quot;:0,&quot;2&quot;:0,&quot;3&quot;:3},{&quot;1&quot;:1,&quot;2&quot;:0,&quot;4&quot;:2}]},&quot;8&quot;:{&quot;1&quot;:[{&quot;1&quot;:2,&quot;2&quot;:0,&quot;5&quot;:{&quot;1&quot;:2,&quot;2&quot;:0}},{&quot;1&quot;:0,&quot;2&quot;:0,&quot;3&quot;:3},{&quot;1&quot;:1,&quot;2&quot;:0,&quot;4&quot;:2}]},&quot;10&quot;:1,&quot;11&quot;:4,&quot;12&quot;:0,&quot;16&quot;:10,&quot;21&quot;:0,&quot;23&quot;:2}\">Dank der ultrad\u00fcnnen Bl\u00e4ttchen (77 x 37 mm) mit einem Gewicht von nur 13 g\/m2 kannst Du mit Master Medium Deine Zigaretten genau so rollen, wie Du es gerne w\u00fcrdest. Es besteht zu 100 % aus nat\u00fcrlichem, pflanzlichem Gummi, so dass der Klebstoff auf Anhieb klebt. Und da er FSC\u00ae-zertifiziert ist, ist garantiert, dass die 50 Bl\u00e4tter, die er enth\u00e4lt, aus W\u00e4ldern und Plantagen stammen, in denen die Artenvielfalt respektiert wird.<\/span><\/p>\n","protected":false},"featured_media":2148,"template":"","meta":{"_acf_changed":false,"inline_featured_image":false},"product_brand":[],"product_cat":[112,304],"product_tag":[],"class_list":{"0":"post-932","1":"product","2":"type-product","3":"status-publish","4":"has-post-thumbnail","6":"product_cat-blattchen","7":"product_cat-medium","9":"first","10":"instock","11":"shipping-taxable","12":"product-type-simple"},"acf":[],"yoast_head":"<!-- This site is optimized with the Yoast SEO plugin v26.2 - https:\/\/yoast.com\/wordpress\/plugins\/seo\/ -->\n<title>\u25b7 Papier mittel Master | Smoking Paper<\/title>\n<meta name=\"description\" content=\"Treffen Sie Smoking Paper Meistermedium, Raucherprodukte von bester Qualit\u00e4t bei Smoking Paper \u2705 Zu den besten Preisen, Raucherpapiere und Filter Katalog!\" \/>\n<meta name=\"robots\" content=\"index, follow, max-snippet:-1, max-image-preview:large, max-video-preview:-1\" \/>\n<link rel=\"canonical\" href=\"https:\/\/www.smokingpaper.com\/de\/master\/\" \/>\n<meta property=\"og:locale\" content=\"de_DE\" \/>\n<meta property=\"og:type\" content=\"article\" \/>\n<meta property=\"og:title\" content=\"\u25b7 Papier mittel Master | Smoking Paper\" \/>\n<meta property=\"og:description\" content=\"Treffen Sie Smoking Paper Meistermedium, Raucherprodukte von bester Qualit\u00e4t bei Smoking Paper \u2705 Zu den besten Preisen, Raucherpapiere und Filter Katalog!\" \/>\n<meta property=\"og:url\" content=\"https:\/\/www.smokingpaper.com\/de\/master\/\" \/>\n<meta property=\"og:site_name\" content=\"Smoking\" \/>\n<meta property=\"article:modified_time\" content=\"2023-12-18T19:39:12+00:00\" \/>\n<meta property=\"og:image\" content=\"https:\/\/www.smokingpaper.com\/wp-content\/uploads\/2021\/12\/Nuevo_proyecto__27_-removebg-preview.png\" \/>\n\t<meta property=\"og:image:width\" content=\"667\" \/>\n\t<meta property=\"og:image:height\" content=\"374\" \/>\n\t<meta property=\"og:image:type\" content=\"image\/png\" \/>\n<meta name=\"twitter:card\" content=\"summary_large_image\" \/>\n<meta name=\"twitter:label1\" content=\"Gesch\u00e4tzte Lesezeit\" \/>\n\t<meta name=\"twitter:data1\" content=\"1\u00a0Minute\" \/>\n<!-- \/ Yoast SEO plugin. -->","yoast_head_json":{"title":"\u25b7 Papier mittel Master | Smoking Paper","description":"Treffen Sie Smoking Paper Meistermedium, Raucherprodukte von bester Qualit\u00e4t bei Smoking Paper \u2705 Zu den besten Preisen, Raucherpapiere und Filter Katalog!","robots":{"index":"index","follow":"follow","max-snippet":"max-snippet:-1","max-image-preview":"max-image-preview:large","max-video-preview":"max-video-preview:-1"},"canonical":"https:\/\/www.smokingpaper.com\/de\/master\/","og_locale":"de_DE","og_type":"article","og_title":"\u25b7 Papier mittel Master | Smoking Paper","og_description":"Treffen Sie Smoking Paper Meistermedium, Raucherprodukte von bester Qualit\u00e4t bei Smoking Paper \u2705 Zu den besten Preisen, Raucherpapiere und Filter Katalog!","og_url":"https:\/\/www.smokingpaper.com\/de\/master\/","og_site_name":"Smoking","article_modified_time":"2023-12-18T19:39:12+00:00","og_image":[{"width":667,"height":374,"url":"https:\/\/www.smokingpaper.com\/wp-content\/uploads\/2021\/12\/Nuevo_proyecto__27_-removebg-preview.png","type":"image\/png"}],"twitter_card":"summary_large_image","twitter_misc":{"Gesch\u00e4tzte Lesezeit":"1\u00a0Minute"},"schema":{"@context":"https:\/\/schema.org","@graph":[{"@type":"BreadcrumbList","@id":"https:\/\/www.smokingpaper.com\/de\/master\/#breadcrumb","itemListElement":[{"@type":"ListItem","position":1,"name":"Home","item":"https:\/\/www.smokingpaper.com\/de\/"},{"@type":"ListItem","position":2,"name":"Produkte","item":"https:\/\/www.smokingpaper.com\/de\/shop\/"},{"@type":"ListItem","position":3,"name":"ZIGARETTENPAPIER","item":"https:\/\/www.smokingpaper.com\/de\/produkte\/blattchen\/"},{"@type":"ListItem","position":4,"name":"Master Medium"}]}]}},"_links":{"self":[{"href":"https:\/\/www.smokingpaper.com\/de\/wp-json\/wp\/v2\/product\/932","targetHints":{"allow":["GET"]}}],"collection":[{"href":"https:\/\/www.smokingpaper.com\/de\/wp-json\/wp\/v2\/product"}],"about":[{"href":"https:\/\/www.smokingpaper.com\/de\/wp-json\/wp\/v2\/types\/product"}],"wp:featuredmedia":[{"embeddable":true,"href":"https:\/\/www.smokingpaper.com\/de\/wp-json\/wp\/v2\/media\/2148"}],"wp:attachment":[{"href":"https:\/\/www.smokingpaper.com\/de\/wp-json\/wp\/v2\/media?parent=932"}],"wp:term":[{"taxonomy":"product_brand","embeddable":true,"href":"https:\/\/www.smokingpaper.com\/de\/wp-json\/wp\/v2\/product_brand?post=932"},{"taxonomy":"product_cat","embeddable":true,"href":"https:\/\/www.smokingpaper.com\/de\/wp-json\/wp\/v2\/product_cat?post=932"},{"taxonomy":"product_tag","embeddable":true,"href":"https:\/\/www.smokingpaper.com\/de\/wp-json\/wp\/v2\/product_tag?post=932"}],"curies":[{"name":"wp","href":"https:\/\/api.w.org\/{rel}","templated":true}]}}