{"id":903,"date":"2021-12-02T20:59:46","date_gmt":"2021-12-02T19:59:46","guid":{"rendered":"http:\/\/new.smokingpaper.com\/?post_type=product&#038;p=903"},"modified":"2025-05-19T09:39:08","modified_gmt":"2025-05-19T07:39:08","slug":"regular-long-filters","status":"publish","type":"product","link":"https:\/\/www.smokingpaper.com\/de\/regular-long-filters\/","title":{"rendered":"Regular Long Filters"},"content":{"rendered":"","protected":false},"excerpt":{"rendered":"<p><span style=\"font-weight: 400;\">Bist du auf der Suche nach l\u00e4ngeren Filtern?<\/span> <span style=\"font-weight: 400;\">Dann bist du hier genau richtig!<\/span><span style=\"font-weight: 400;\"><br \/>\n<\/span><span style=\"font-weight: 400;\">Die <\/span><b>Smoking\u00ae Regular Long Filters<\/b><span style=\"font-weight: 400;\"> haben den gleichen Durchmesser wie Standard-Zigaretten (8 mm), sind jedoch mit einer L\u00e4nge von 22 mm etwas l\u00e4nger. Diese Filter bieten eine verbesserte Filterwirkung und helfen dir, Tabak zu sparen, ohne den Genuss zu beeintr\u00e4chtigen. Jeder Beutel enth\u00e4lt 100 Filter, die du sofort f\u00fcr deine Zigaretten verwenden kannst.<\/span><\/p>\n","protected":false},"featured_media":1900,"template":"","meta":{"_acf_changed":false,"inline_featured_image":false},"product_brand":[],"product_cat":[208],"product_tag":[],"class_list":{"0":"post-903","1":"product","2":"type-product","3":"status-publish","4":"has-post-thumbnail","6":"product_cat-filters","8":"first","9":"instock","10":"shipping-taxable","11":"product-type-simple"},"acf":[],"yoast_head":"<!-- This site is optimized with the Yoast SEO plugin v26.2 - https:\/\/yoast.com\/wordpress\/plugins\/seo\/ -->\n<title>Regelm\u00e4\u00dfige lange Filter | Smoking Paper<\/title>\n<meta name=\"description\" content=\"Finden Sie die Filter klassischen regelm\u00e4\u00dfigen langem, rauchenden Produkten der besten Qualit\u00e4t beim Raucherpapier \u2705 zu Top-Preisen.\" \/>\n<meta name=\"robots\" content=\"index, follow, max-snippet:-1, max-image-preview:large, max-video-preview:-1\" \/>\n<link rel=\"canonical\" href=\"https:\/\/www.smokingpaper.com\/de\/regular-long-filters\/\" \/>\n<meta property=\"og:locale\" content=\"de_DE\" \/>\n<meta property=\"og:type\" content=\"article\" \/>\n<meta property=\"og:title\" content=\"Regelm\u00e4\u00dfige lange Filter | Smoking Paper\" \/>\n<meta property=\"og:description\" content=\"Finden Sie die Filter klassischen regelm\u00e4\u00dfigen langem, rauchenden Produkten der besten Qualit\u00e4t beim Raucherpapier \u2705 zu Top-Preisen.\" \/>\n<meta property=\"og:url\" content=\"https:\/\/www.smokingpaper.com\/de\/regular-long-filters\/\" \/>\n<meta property=\"og:site_name\" content=\"Smoking\" \/>\n<meta property=\"article:modified_time\" content=\"2025-05-19T07:39:08+00:00\" \/>\n<meta property=\"og:image\" content=\"https:\/\/www.smokingpaper.com\/wp-content\/uploads\/2021\/12\/Regular-Long-filters.png\" \/>\n\t<meta property=\"og:image:width\" content=\"667\" \/>\n\t<meta property=\"og:image:height\" content=\"374\" \/>\n\t<meta property=\"og:image:type\" content=\"image\/png\" \/>\n<meta name=\"twitter:card\" content=\"summary_large_image\" \/>\n<!-- \/ Yoast SEO plugin. -->","yoast_head_json":{"title":"Regelm\u00e4\u00dfige lange Filter | Smoking Paper","description":"Finden Sie die Filter klassischen regelm\u00e4\u00dfigen langem, rauchenden Produkten der besten Qualit\u00e4t beim Raucherpapier \u2705 zu Top-Preisen.","robots":{"index":"index","follow":"follow","max-snippet":"max-snippet:-1","max-image-preview":"max-image-preview:large","max-video-preview":"max-video-preview:-1"},"canonical":"https:\/\/www.smokingpaper.com\/de\/regular-long-filters\/","og_locale":"de_DE","og_type":"article","og_title":"Regelm\u00e4\u00dfige lange Filter | Smoking Paper","og_description":"Finden Sie die Filter klassischen regelm\u00e4\u00dfigen langem, rauchenden Produkten der besten Qualit\u00e4t beim Raucherpapier \u2705 zu Top-Preisen.","og_url":"https:\/\/www.smokingpaper.com\/de\/regular-long-filters\/","og_site_name":"Smoking","article_modified_time":"2025-05-19T07:39:08+00:00","og_image":[{"width":667,"height":374,"url":"https:\/\/www.smokingpaper.com\/wp-content\/uploads\/2021\/12\/Regular-Long-filters.png","type":"image\/png"}],"twitter_card":"summary_large_image","schema":{"@context":"https:\/\/schema.org","@graph":[{"@type":"BreadcrumbList","@id":"https:\/\/www.smokingpaper.com\/de\/regular-long-filters\/#breadcrumb","itemListElement":[{"@type":"ListItem","position":1,"name":"Home","item":"https:\/\/www.smokingpaper.com\/de\/"},{"@type":"ListItem","position":2,"name":"Produkte","item":"https:\/\/www.smokingpaper.com\/de\/shop\/"},{"@type":"ListItem","position":3,"name":"Filter","item":"https:\/\/www.smokingpaper.com\/de\/produkte\/filters\/"},{"@type":"ListItem","position":4,"name":"Regular Long Filters"}]}]}},"_links":{"self":[{"href":"https:\/\/www.smokingpaper.com\/de\/wp-json\/wp\/v2\/product\/903","targetHints":{"allow":["GET"]}}],"collection":[{"href":"https:\/\/www.smokingpaper.com\/de\/wp-json\/wp\/v2\/product"}],"about":[{"href":"https:\/\/www.smokingpaper.com\/de\/wp-json\/wp\/v2\/types\/product"}],"wp:featuredmedia":[{"embeddable":true,"href":"https:\/\/www.smokingpaper.com\/de\/wp-json\/wp\/v2\/media\/1900"}],"wp:attachment":[{"href":"https:\/\/www.smokingpaper.com\/de\/wp-json\/wp\/v2\/media?parent=903"}],"wp:term":[{"taxonomy":"product_brand","embeddable":true,"href":"https:\/\/www.smokingpaper.com\/de\/wp-json\/wp\/v2\/product_brand?post=903"},{"taxonomy":"product_cat","embeddable":true,"href":"https:\/\/www.smokingpaper.com\/de\/wp-json\/wp\/v2\/product_cat?post=903"},{"taxonomy":"product_tag","embeddable":true,"href":"https:\/\/www.smokingpaper.com\/de\/wp-json\/wp\/v2\/product_tag?post=903"}],"curies":[{"name":"wp","href":"https:\/\/api.w.org\/{rel}","templated":true}]}}