{"id":888,"date":"2021-12-02T20:45:31","date_gmt":"2021-12-02T19:45:31","guid":{"rendered":"http:\/\/new.smokingpaper.com\/?post_type=product&#038;p=888"},"modified":"2025-05-19T09:55:42","modified_gmt":"2025-05-19T07:55:42","slug":"slim-long-filters","status":"publish","type":"product","link":"https:\/\/www.smokingpaper.com\/de\/slim-long-filters\/","title":{"rendered":"Slim Long Filters 120"},"content":{"rendered":"","protected":false},"excerpt":{"rendered":"<div class=\"descripcion\">\n<div class=\"descripcion\">\n<div class=\"descripcion\">\n<div class=\"descripcion\">\n<div class=\"descripcion\">\n<div class=\"descripcion\">\n<div class=\"descripcion\">\n<div class=\"descripcion\">\n<div class=\"descripcion\">\n<div class=\"descripcion\"><span style=\"font-weight: 400;\">Unser neuester Tabakfilter \u2013<\/span><b> l\u00e4nger und effektiver <\/b><span style=\"font-weight: 400;\">im Filtern. Genie\u00dfe jeden Zug!<\/span><span style=\"font-weight: 400;\"><br \/>\n<\/span><span style=\"font-weight: 400;\">Die <\/span><b>Smoking\u00ae Slim Long Filters 120<\/b><span style=\"font-weight: 400;\"> haben mit 6 mm einen geringeren Durchmesser als die Standardfilter und eine l\u00e4ngere L\u00e4nge von 22 mm. Dadurch bieten sie eine verbesserte Filterung und eine gr\u00f6\u00dfere Tabakeinsparung bei jeder neuen Zigarette. In diesem Set erh\u00e4ltst du 120 Slim Long Filter, die mit Papier beschichtet sind und sofort f\u00fcr deine Zigaretten verwendet werden k\u00f6nnen.<\/span><\/div>\n<\/div>\n<\/div>\n<\/div>\n<\/div>\n<\/div>\n<\/div>\n<\/div>\n<\/div>\n<\/div>\n","protected":false},"featured_media":2093,"template":"","meta":{"_acf_changed":false,"inline_featured_image":false},"product_brand":[],"product_cat":[208],"product_tag":[],"class_list":{"0":"post-888","1":"product","2":"type-product","3":"status-publish","4":"has-post-thumbnail","6":"product_cat-filters","8":"first","9":"instock","10":"shipping-taxable","11":"product-type-simple"},"acf":[],"yoast_head":"<!-- This site is optimized with the Yoast SEO plugin v26.2 - https:\/\/yoast.com\/wordpress\/plugins\/seo\/ -->\n<title>Schlanke Langfilter | Smoking Paper<\/title>\n<meta name=\"description\" content=\"Finden Sie die Filter klassische schlanke lange, rauchende Produkte der besten Qualit\u00e4t beim Raucherpapier \u2705 zu Top-Preisen.\" \/>\n<meta name=\"robots\" content=\"index, follow, max-snippet:-1, max-image-preview:large, max-video-preview:-1\" \/>\n<link rel=\"canonical\" href=\"https:\/\/www.smokingpaper.com\/de\/slim-long-filters\/\" \/>\n<meta property=\"og:locale\" content=\"de_DE\" \/>\n<meta property=\"og:type\" content=\"article\" \/>\n<meta property=\"og:title\" content=\"Schlanke Langfilter | Smoking Paper\" \/>\n<meta property=\"og:description\" content=\"Finden Sie die Filter klassische schlanke lange, rauchende Produkte der besten Qualit\u00e4t beim Raucherpapier \u2705 zu Top-Preisen.\" \/>\n<meta property=\"og:url\" content=\"https:\/\/www.smokingpaper.com\/de\/slim-long-filters\/\" \/>\n<meta property=\"og:site_name\" content=\"Smoking\" \/>\n<meta property=\"article:modified_time\" content=\"2025-05-19T07:55:42+00:00\" \/>\n<meta property=\"og:image\" content=\"https:\/\/www.smokingpaper.com\/wp-content\/uploads\/2021\/12\/long.png\" \/>\n\t<meta property=\"og:image:width\" content=\"667\" \/>\n\t<meta property=\"og:image:height\" content=\"374\" \/>\n\t<meta property=\"og:image:type\" content=\"image\/png\" \/>\n<meta name=\"twitter:card\" content=\"summary_large_image\" \/>\n<!-- \/ Yoast SEO plugin. -->","yoast_head_json":{"title":"Schlanke Langfilter | Smoking Paper","description":"Finden Sie die Filter klassische schlanke lange, rauchende Produkte der besten Qualit\u00e4t beim Raucherpapier \u2705 zu Top-Preisen.","robots":{"index":"index","follow":"follow","max-snippet":"max-snippet:-1","max-image-preview":"max-image-preview:large","max-video-preview":"max-video-preview:-1"},"canonical":"https:\/\/www.smokingpaper.com\/de\/slim-long-filters\/","og_locale":"de_DE","og_type":"article","og_title":"Schlanke Langfilter | Smoking Paper","og_description":"Finden Sie die Filter klassische schlanke lange, rauchende Produkte der besten Qualit\u00e4t beim Raucherpapier \u2705 zu Top-Preisen.","og_url":"https:\/\/www.smokingpaper.com\/de\/slim-long-filters\/","og_site_name":"Smoking","article_modified_time":"2025-05-19T07:55:42+00:00","og_image":[{"width":667,"height":374,"url":"https:\/\/www.smokingpaper.com\/wp-content\/uploads\/2021\/12\/long.png","type":"image\/png"}],"twitter_card":"summary_large_image","schema":{"@context":"https:\/\/schema.org","@graph":[{"@type":"BreadcrumbList","@id":"https:\/\/www.smokingpaper.com\/de\/slim-long-filters\/#breadcrumb","itemListElement":[{"@type":"ListItem","position":1,"name":"Home","item":"https:\/\/www.smokingpaper.com\/de\/"},{"@type":"ListItem","position":2,"name":"Produkte","item":"https:\/\/www.smokingpaper.com\/de\/shop\/"},{"@type":"ListItem","position":3,"name":"Filter","item":"https:\/\/www.smokingpaper.com\/de\/produkte\/filters\/"},{"@type":"ListItem","position":4,"name":"Slim Long Filters 120"}]}]}},"_links":{"self":[{"href":"https:\/\/www.smokingpaper.com\/de\/wp-json\/wp\/v2\/product\/888","targetHints":{"allow":["GET"]}}],"collection":[{"href":"https:\/\/www.smokingpaper.com\/de\/wp-json\/wp\/v2\/product"}],"about":[{"href":"https:\/\/www.smokingpaper.com\/de\/wp-json\/wp\/v2\/types\/product"}],"wp:featuredmedia":[{"embeddable":true,"href":"https:\/\/www.smokingpaper.com\/de\/wp-json\/wp\/v2\/media\/2093"}],"wp:attachment":[{"href":"https:\/\/www.smokingpaper.com\/de\/wp-json\/wp\/v2\/media?parent=888"}],"wp:term":[{"taxonomy":"product_brand","embeddable":true,"href":"https:\/\/www.smokingpaper.com\/de\/wp-json\/wp\/v2\/product_brand?post=888"},{"taxonomy":"product_cat","embeddable":true,"href":"https:\/\/www.smokingpaper.com\/de\/wp-json\/wp\/v2\/product_cat?post=888"},{"taxonomy":"product_tag","embeddable":true,"href":"https:\/\/www.smokingpaper.com\/de\/wp-json\/wp\/v2\/product_tag?post=888"}],"curies":[{"name":"wp","href":"https:\/\/api.w.org\/{rel}","templated":true}]}}