{"id":885,"date":"2021-12-02T20:42:07","date_gmt":"2021-12-02T19:42:07","guid":{"rendered":"http:\/\/new.smokingpaper.com\/?post_type=product&#038;p=885"},"modified":"2025-05-19T10:00:01","modified_gmt":"2025-05-19T08:00:01","slug":"ultra-slim-filters","status":"publish","type":"product","link":"https:\/\/www.smokingpaper.com\/de\/ultra-slim-filters\/","title":{"rendered":"Ultra Slim Filters"},"content":{"rendered":"","protected":false},"excerpt":{"rendered":"<p><span style=\"font-weight: 400;\">Unsere <\/span><b>Ultra Slim Filter <\/b><span style=\"font-weight: 400;\">sind die d\u00fcnnsten, die du zum Drehen von Zigaretten verwenden kannst. Mit einer L\u00e4nge von 15 mm und einem Durchmesser von nur 5,3 mm kannst du damit besonders d\u00fcnne Zigaretten rollen. Dieses Set enth\u00e4lt 150 Ultra Slim Filter, die mit einer Papierbeschichtung versehen sind und den kleinstm\u00f6glichen Durchmesser bieten, um deine selbstgedrehten Zigaretten perfekt zu gestalten.<\/span><\/p>\n","protected":false},"featured_media":2229,"template":"","meta":{"_acf_changed":false,"inline_featured_image":false},"product_brand":[],"product_cat":[208],"product_tag":[],"class_list":{"0":"post-885","1":"product","2":"type-product","3":"status-publish","4":"has-post-thumbnail","6":"product_cat-filters","8":"first","9":"instock","10":"shipping-taxable","11":"product-type-simple"},"acf":[],"yoast_head":"<!-- This site is optimized with the Yoast SEO plugin v26.2 - https:\/\/yoast.com\/wordpress\/plugins\/seo\/ -->\n<title>Filters Classic Ultra Slim | Smoking Paper<\/title>\n<meta name=\"description\" content=\"Finden Sie die Filter Classic Ultra Slim, rauchende Produkte der besten Qualit\u00e4t beim Raucherpapier \u2705 zu Top-Preisen.\" \/>\n<meta name=\"robots\" content=\"index, follow, max-snippet:-1, max-image-preview:large, max-video-preview:-1\" \/>\n<link rel=\"canonical\" href=\"https:\/\/www.smokingpaper.com\/de\/ultra-slim-filters\/\" \/>\n<meta property=\"og:locale\" content=\"de_DE\" \/>\n<meta property=\"og:type\" content=\"article\" \/>\n<meta property=\"og:title\" content=\"Filters Classic Ultra Slim | Smoking Paper\" \/>\n<meta property=\"og:description\" content=\"Finden Sie die Filter Classic Ultra Slim, rauchende Produkte der besten Qualit\u00e4t beim Raucherpapier \u2705 zu Top-Preisen.\" \/>\n<meta property=\"og:url\" content=\"https:\/\/www.smokingpaper.com\/de\/ultra-slim-filters\/\" \/>\n<meta property=\"og:site_name\" content=\"Smoking\" \/>\n<meta property=\"article:modified_time\" content=\"2025-05-19T08:00:01+00:00\" \/>\n<meta property=\"og:image\" content=\"https:\/\/www.smokingpaper.com\/wp-content\/uploads\/2021\/12\/Nuevo_proyecto__43_-removebg-preview.png\" \/>\n\t<meta property=\"og:image:width\" content=\"667\" \/>\n\t<meta property=\"og:image:height\" content=\"374\" \/>\n\t<meta property=\"og:image:type\" content=\"image\/png\" \/>\n<meta name=\"twitter:card\" content=\"summary_large_image\" \/>\n<!-- \/ Yoast SEO plugin. -->","yoast_head_json":{"title":"Filters Classic Ultra Slim | Smoking Paper","description":"Finden Sie die Filter Classic Ultra Slim, rauchende Produkte der besten Qualit\u00e4t beim Raucherpapier \u2705 zu Top-Preisen.","robots":{"index":"index","follow":"follow","max-snippet":"max-snippet:-1","max-image-preview":"max-image-preview:large","max-video-preview":"max-video-preview:-1"},"canonical":"https:\/\/www.smokingpaper.com\/de\/ultra-slim-filters\/","og_locale":"de_DE","og_type":"article","og_title":"Filters Classic Ultra Slim | Smoking Paper","og_description":"Finden Sie die Filter Classic Ultra Slim, rauchende Produkte der besten Qualit\u00e4t beim Raucherpapier \u2705 zu Top-Preisen.","og_url":"https:\/\/www.smokingpaper.com\/de\/ultra-slim-filters\/","og_site_name":"Smoking","article_modified_time":"2025-05-19T08:00:01+00:00","og_image":[{"width":667,"height":374,"url":"https:\/\/www.smokingpaper.com\/wp-content\/uploads\/2021\/12\/Nuevo_proyecto__43_-removebg-preview.png","type":"image\/png"}],"twitter_card":"summary_large_image","schema":{"@context":"https:\/\/schema.org","@graph":[{"@type":"BreadcrumbList","@id":"https:\/\/www.smokingpaper.com\/de\/ultra-slim-filters\/#breadcrumb","itemListElement":[{"@type":"ListItem","position":1,"name":"Home","item":"https:\/\/www.smokingpaper.com\/de\/"},{"@type":"ListItem","position":2,"name":"Produkte","item":"https:\/\/www.smokingpaper.com\/de\/shop\/"},{"@type":"ListItem","position":3,"name":"Filter","item":"https:\/\/www.smokingpaper.com\/de\/produkte\/filters\/"},{"@type":"ListItem","position":4,"name":"Ultra Slim Filters"}]}]}},"_links":{"self":[{"href":"https:\/\/www.smokingpaper.com\/de\/wp-json\/wp\/v2\/product\/885","targetHints":{"allow":["GET"]}}],"collection":[{"href":"https:\/\/www.smokingpaper.com\/de\/wp-json\/wp\/v2\/product"}],"about":[{"href":"https:\/\/www.smokingpaper.com\/de\/wp-json\/wp\/v2\/types\/product"}],"wp:featuredmedia":[{"embeddable":true,"href":"https:\/\/www.smokingpaper.com\/de\/wp-json\/wp\/v2\/media\/2229"}],"wp:attachment":[{"href":"https:\/\/www.smokingpaper.com\/de\/wp-json\/wp\/v2\/media?parent=885"}],"wp:term":[{"taxonomy":"product_brand","embeddable":true,"href":"https:\/\/www.smokingpaper.com\/de\/wp-json\/wp\/v2\/product_brand?post=885"},{"taxonomy":"product_cat","embeddable":true,"href":"https:\/\/www.smokingpaper.com\/de\/wp-json\/wp\/v2\/product_cat?post=885"},{"taxonomy":"product_tag","embeddable":true,"href":"https:\/\/www.smokingpaper.com\/de\/wp-json\/wp\/v2\/product_tag?post=885"}],"curies":[{"name":"wp","href":"https:\/\/api.w.org\/{rel}","templated":true}]}}