{"id":882,"date":"2021-12-02T20:40:19","date_gmt":"2021-12-02T19:40:19","guid":{"rendered":"http:\/\/new.smokingpaper.com\/?post_type=product&#038;p=882"},"modified":"2025-05-16T14:00:47","modified_gmt":"2025-05-16T12:00:47","slug":"conical-black","status":"publish","type":"product","link":"https:\/\/www.smokingpaper.com\/de\/conical-black\/","title":{"rendered":"BLACK CONICAL TIPS"},"content":{"rendered":"","protected":false},"excerpt":{"rendered":"<div class=\"descripcion\">\n<div class=\"descripcion\">\n<div class=\"descripcion\">\n<div class=\"descripcion\">\n<div class=\"descripcion\">\n<div class=\"descripcion\">\n<div class=\"descripcion\">\n<div class=\"descripcion\"><b>Die neueste Filter-Revolution! <\/b><span style=\"font-weight: 400;\">Unsere <\/span><b>Black Conical Tips<\/b><span style=\"font-weight: 400;\"> enthalten 33 vorgeschnittene, extragro\u00dfe Tips im King Size-Format \u2013 perfekt f\u00fcr alle, die ein intensiveres und gleichm\u00e4\u00dfigeres Raucherlebnis suchen. Durch ihre konische Form lassen sie sich ideal zu einem Cone rollen und bieten eine stabile Basis f\u00fcr eine perfekt geformte Zigarette. Breiter und l\u00e4nger als herk\u00f6mmliche Filter, sorgen sie f\u00fcr maximalen Komfort und Style beim Drehen.<\/span><\/div>\n<\/div>\n<\/div>\n<\/div>\n<\/div>\n<\/div>\n<\/div>\n<\/div>\n","protected":false},"featured_media":812,"template":"","meta":{"_acf_changed":false,"inline_featured_image":false},"product_brand":[],"product_cat":[208],"product_tag":[],"class_list":{"0":"post-882","1":"product","2":"type-product","3":"status-publish","4":"has-post-thumbnail","6":"product_cat-filters","8":"first","9":"instock","10":"shipping-taxable","11":"product-type-simple"},"acf":[],"yoast_head":"<!-- This site is optimized with the Yoast SEO plugin v26.2 - https:\/\/yoast.com\/wordpress\/plugins\/seo\/ -->\n<title>Filter Konisch Schwarz | Smoking Paper<\/title>\n<meta name=\"description\" content=\"Finden Sie die Filter konisch schwarz, rauchen Produkte der besten Qualit\u00e4t beim Raucherpapier \u2705 zu Top-Preisen.\" \/>\n<meta name=\"robots\" content=\"index, follow, max-snippet:-1, max-image-preview:large, max-video-preview:-1\" \/>\n<link rel=\"canonical\" href=\"https:\/\/www.smokingpaper.com\/de\/conical-black\/\" \/>\n<meta property=\"og:locale\" content=\"de_DE\" \/>\n<meta property=\"og:type\" content=\"article\" \/>\n<meta property=\"og:title\" content=\"Filter Konisch Schwarz | Smoking Paper\" \/>\n<meta property=\"og:description\" content=\"Finden Sie die Filter konisch schwarz, rauchen Produkte der besten Qualit\u00e4t beim Raucherpapier \u2705 zu Top-Preisen.\" \/>\n<meta property=\"og:url\" content=\"https:\/\/www.smokingpaper.com\/de\/conical-black\/\" \/>\n<meta property=\"og:site_name\" content=\"Smoking\" \/>\n<meta property=\"article:modified_time\" content=\"2025-05-16T12:00:47+00:00\" \/>\n<meta property=\"og:image\" content=\"https:\/\/www.smokingpaper.com\/wp-content\/uploads\/2021\/12\/filtros_conical_black-removebg-preview_optimized.png\" \/>\n\t<meta property=\"og:image:width\" content=\"667\" \/>\n\t<meta property=\"og:image:height\" content=\"374\" \/>\n\t<meta property=\"og:image:type\" content=\"image\/png\" \/>\n<meta name=\"twitter:card\" content=\"summary_large_image\" \/>\n<!-- \/ Yoast SEO plugin. -->","yoast_head_json":{"title":"Filter Konisch Schwarz | Smoking Paper","description":"Finden Sie die Filter konisch schwarz, rauchen Produkte der besten Qualit\u00e4t beim Raucherpapier \u2705 zu Top-Preisen.","robots":{"index":"index","follow":"follow","max-snippet":"max-snippet:-1","max-image-preview":"max-image-preview:large","max-video-preview":"max-video-preview:-1"},"canonical":"https:\/\/www.smokingpaper.com\/de\/conical-black\/","og_locale":"de_DE","og_type":"article","og_title":"Filter Konisch Schwarz | Smoking Paper","og_description":"Finden Sie die Filter konisch schwarz, rauchen Produkte der besten Qualit\u00e4t beim Raucherpapier \u2705 zu Top-Preisen.","og_url":"https:\/\/www.smokingpaper.com\/de\/conical-black\/","og_site_name":"Smoking","article_modified_time":"2025-05-16T12:00:47+00:00","og_image":[{"width":667,"height":374,"url":"https:\/\/www.smokingpaper.com\/wp-content\/uploads\/2021\/12\/filtros_conical_black-removebg-preview_optimized.png","type":"image\/png"}],"twitter_card":"summary_large_image","schema":{"@context":"https:\/\/schema.org","@graph":[{"@type":"BreadcrumbList","@id":"https:\/\/www.smokingpaper.com\/de\/conical-black\/#breadcrumb","itemListElement":[{"@type":"ListItem","position":1,"name":"Home","item":"https:\/\/www.smokingpaper.com\/de\/"},{"@type":"ListItem","position":2,"name":"Produkte","item":"https:\/\/www.smokingpaper.com\/de\/shop\/"},{"@type":"ListItem","position":3,"name":"Filter","item":"https:\/\/www.smokingpaper.com\/de\/produkte\/filters\/"},{"@type":"ListItem","position":4,"name":"BLACK CONICAL TIPS"}]}]}},"_links":{"self":[{"href":"https:\/\/www.smokingpaper.com\/de\/wp-json\/wp\/v2\/product\/882","targetHints":{"allow":["GET"]}}],"collection":[{"href":"https:\/\/www.smokingpaper.com\/de\/wp-json\/wp\/v2\/product"}],"about":[{"href":"https:\/\/www.smokingpaper.com\/de\/wp-json\/wp\/v2\/types\/product"}],"wp:featuredmedia":[{"embeddable":true,"href":"https:\/\/www.smokingpaper.com\/de\/wp-json\/wp\/v2\/media\/812"}],"wp:attachment":[{"href":"https:\/\/www.smokingpaper.com\/de\/wp-json\/wp\/v2\/media?parent=882"}],"wp:term":[{"taxonomy":"product_brand","embeddable":true,"href":"https:\/\/www.smokingpaper.com\/de\/wp-json\/wp\/v2\/product_brand?post=882"},{"taxonomy":"product_cat","embeddable":true,"href":"https:\/\/www.smokingpaper.com\/de\/wp-json\/wp\/v2\/product_cat?post=882"},{"taxonomy":"product_tag","embeddable":true,"href":"https:\/\/www.smokingpaper.com\/de\/wp-json\/wp\/v2\/product_tag?post=882"}],"curies":[{"name":"wp","href":"https:\/\/api.w.org\/{rel}","templated":true}]}}