{"id":878,"date":"2021-12-02T20:36:46","date_gmt":"2021-12-02T19:36:46","guid":{"rendered":"http:\/\/new.smokingpaper.com\/?post_type=product&#038;p=878"},"modified":"2025-05-19T09:21:27","modified_gmt":"2025-05-19T07:21:27","slug":"conical-brown","status":"publish","type":"product","link":"https:\/\/www.smokingpaper.com\/de\/conical-brown\/","title":{"rendered":"BROWN CONICAL TIPS"},"content":{"rendered":"","protected":false},"excerpt":{"rendered":"<div class=\"descripcion\">\n<div class=\"descripcion\">\n<div class=\"descripcion\">\n<div class=\"descripcion\">\n<div class=\"descripcion\">\n<div class=\"descripcion\">\n<div class=\"descripcion\">\n<div class=\"descripcion\">\n<p><span style=\"font-weight: 400;\">Unsere <\/span><b>Brown Conical Tips <\/b><span style=\"font-weight: 400;\">sind revolution\u00e4r! Diese Packung enth\u00e4lt 33 vorgeschnittene, d\u00fcnne Filter, die ungebleicht und frei von Chlor sowie anderen sch\u00e4dlichen Zus\u00e4tzen sind. Sie garantieren ein gleichm\u00e4\u00dfiges und angenehm sanftes Raucherlebnis. Mit ihrer innovativen konischen Form erm\u00f6glichen sie das einfache Rollen einer perfekten Spitze und bieten eine stabile Basis f\u00fcr deine selbstgerollten Cones.\u00a0<\/span><\/p>\n<p><span style=\"font-weight: 400;\">Ideal f\u00fcr ein gleichm\u00e4\u00dfiges und entspanntes Raucherlebnis!<\/span><\/p>\n<\/div>\n<\/div>\n<\/div>\n<\/div>\n<\/div>\n<\/div>\n<\/div>\n<\/div>\n","protected":false},"featured_media":815,"template":"","meta":{"_acf_changed":false,"inline_featured_image":false},"product_brand":[],"product_cat":[208],"product_tag":[],"class_list":{"0":"post-878","1":"product","2":"type-product","3":"status-publish","4":"has-post-thumbnail","6":"product_cat-filters","8":"first","9":"instock","10":"shipping-taxable","11":"product-type-simple"},"acf":[],"yoast_head":"<!-- This site is optimized with the Yoast SEO plugin v26.2 - https:\/\/yoast.com\/wordpress\/plugins\/seo\/ -->\n<title>Filter Kegelf\u00f6rmig Schwarz | Smoking Paper<\/title>\n<meta name=\"description\" content=\"Finden Sie die Conical Brown, Raucherprodukte von bester Qualit\u00e4t bei Smoking Paper \u2705 Zu Top-Preisen. Produktkatalog online!\" \/>\n<meta name=\"robots\" content=\"index, follow, max-snippet:-1, max-image-preview:large, max-video-preview:-1\" \/>\n<link rel=\"canonical\" href=\"https:\/\/www.smokingpaper.com\/de\/conical-brown\/\" \/>\n<meta property=\"og:locale\" content=\"de_DE\" \/>\n<meta property=\"og:type\" content=\"article\" \/>\n<meta property=\"og:title\" content=\"Filter Kegelf\u00f6rmig Schwarz | Smoking Paper\" \/>\n<meta property=\"og:description\" content=\"Finden Sie die Conical Brown, Raucherprodukte von bester Qualit\u00e4t bei Smoking Paper \u2705 Zu Top-Preisen. Produktkatalog online!\" \/>\n<meta property=\"og:url\" content=\"https:\/\/www.smokingpaper.com\/de\/conical-brown\/\" \/>\n<meta property=\"og:site_name\" content=\"Smoking\" \/>\n<meta property=\"article:modified_time\" content=\"2025-05-19T07:21:27+00:00\" \/>\n<meta property=\"og:image\" content=\"https:\/\/www.smokingpaper.com\/wp-content\/uploads\/2021\/12\/filtros_conical_brown-removebg-preview_optimized.png\" \/>\n\t<meta property=\"og:image:width\" content=\"667\" \/>\n\t<meta property=\"og:image:height\" content=\"374\" \/>\n\t<meta property=\"og:image:type\" content=\"image\/png\" \/>\n<meta name=\"twitter:card\" content=\"summary_large_image\" \/>\n<!-- \/ Yoast SEO plugin. -->","yoast_head_json":{"title":"Filter Kegelf\u00f6rmig Schwarz | Smoking Paper","description":"Finden Sie die Conical Brown, Raucherprodukte von bester Qualit\u00e4t bei Smoking Paper \u2705 Zu Top-Preisen. Produktkatalog online!","robots":{"index":"index","follow":"follow","max-snippet":"max-snippet:-1","max-image-preview":"max-image-preview:large","max-video-preview":"max-video-preview:-1"},"canonical":"https:\/\/www.smokingpaper.com\/de\/conical-brown\/","og_locale":"de_DE","og_type":"article","og_title":"Filter Kegelf\u00f6rmig Schwarz | Smoking Paper","og_description":"Finden Sie die Conical Brown, Raucherprodukte von bester Qualit\u00e4t bei Smoking Paper \u2705 Zu Top-Preisen. Produktkatalog online!","og_url":"https:\/\/www.smokingpaper.com\/de\/conical-brown\/","og_site_name":"Smoking","article_modified_time":"2025-05-19T07:21:27+00:00","og_image":[{"width":667,"height":374,"url":"https:\/\/www.smokingpaper.com\/wp-content\/uploads\/2021\/12\/filtros_conical_brown-removebg-preview_optimized.png","type":"image\/png"}],"twitter_card":"summary_large_image","schema":{"@context":"https:\/\/schema.org","@graph":[{"@type":"BreadcrumbList","@id":"https:\/\/www.smokingpaper.com\/de\/conical-brown\/#breadcrumb","itemListElement":[{"@type":"ListItem","position":1,"name":"Home","item":"https:\/\/www.smokingpaper.com\/de\/"},{"@type":"ListItem","position":2,"name":"Produkte","item":"https:\/\/www.smokingpaper.com\/de\/shop\/"},{"@type":"ListItem","position":3,"name":"Filter","item":"https:\/\/www.smokingpaper.com\/de\/produkte\/filters\/"},{"@type":"ListItem","position":4,"name":"BROWN CONICAL TIPS"}]}]}},"_links":{"self":[{"href":"https:\/\/www.smokingpaper.com\/de\/wp-json\/wp\/v2\/product\/878","targetHints":{"allow":["GET"]}}],"collection":[{"href":"https:\/\/www.smokingpaper.com\/de\/wp-json\/wp\/v2\/product"}],"about":[{"href":"https:\/\/www.smokingpaper.com\/de\/wp-json\/wp\/v2\/types\/product"}],"wp:featuredmedia":[{"embeddable":true,"href":"https:\/\/www.smokingpaper.com\/de\/wp-json\/wp\/v2\/media\/815"}],"wp:attachment":[{"href":"https:\/\/www.smokingpaper.com\/de\/wp-json\/wp\/v2\/media?parent=878"}],"wp:term":[{"taxonomy":"product_brand","embeddable":true,"href":"https:\/\/www.smokingpaper.com\/de\/wp-json\/wp\/v2\/product_brand?post=878"},{"taxonomy":"product_cat","embeddable":true,"href":"https:\/\/www.smokingpaper.com\/de\/wp-json\/wp\/v2\/product_cat?post=878"},{"taxonomy":"product_tag","embeddable":true,"href":"https:\/\/www.smokingpaper.com\/de\/wp-json\/wp\/v2\/product_tag?post=878"}],"curies":[{"name":"wp","href":"https:\/\/api.w.org\/{rel}","templated":true}]}}