{"id":8655,"date":"2023-12-05T09:11:42","date_gmt":"2023-12-05T08:11:42","guid":{"rendered":"https:\/\/www.smokingpaper.com\/papier-supreme-king-size-tips\/"},"modified":"2025-05-16T13:26:26","modified_gmt":"2025-05-16T11:26:26","slug":"papier-supreme-king-size-tips","status":"publish","type":"product","link":"https:\/\/www.smokingpaper.com\/de\/papier-supreme-king-size-tips\/","title":{"rendered":"SUPREME KING SIZE PAPER + TIPS"},"content":{"rendered":"","protected":false},"excerpt":{"rendered":"<p><span style=\"font-weight: 400;\">Wenn du ultrad\u00fcnnes Papier mit einem ultraweichen Griff liebst, ist unser <\/span><b>Supreme+Tips-Paket<\/b><span style=\"font-weight: 400;\"> genau das Richtige f\u00fcr dich. Es enth\u00e4lt gebleichtes Papier ohne Farb- oder Konservierungsstoffe und \u00fcberzeugt mit einem modernen Design, das sofort ins Auge f\u00e4llt. Nat\u00fcrlich <\/span><b>FSC\u00ae-zertifiziert<\/b><span style=\"font-weight: 400;\"> \u2013 denn es wird aus Papier gefertigt, das aus verantwortungsvoll bewirtschafteten W\u00e4ldern stammt, in denen der Schutz der Artenvielfalt an erster Stelle steht.<\/span><\/p>\n","protected":false},"featured_media":9839,"template":"","meta":{"_acf_changed":false,"inline_featured_image":false},"product_brand":[],"product_cat":[112,111],"product_tag":[],"class_list":{"0":"post-8655","1":"product","2":"type-product","3":"status-publish","4":"has-post-thumbnail","6":"product_cat-blattchen","7":"product_cat-kingsize","9":"first","10":"instock","11":"shipping-taxable","12":"product-type-simple"},"acf":[],"yoast_head":"<!-- This site is optimized with the Yoast SEO plugin v26.2 - https:\/\/yoast.com\/wordpress\/plugins\/seo\/ -->\n<title>SUPREME KING SIZE PAPER + TIPS | Smoking<\/title>\n<meta name=\"description\" content=\"Ist es m\u00f6glich, Ultra-Soft-Touch-Papier und R\u00e4ucherkartons in einem Paket zu haben? YES YES King size supreme + Tips enth\u00e4lt 33 Papiere und 33 R\u00e4ucherkartons.\" \/>\n<meta name=\"robots\" content=\"index, follow, max-snippet:-1, max-image-preview:large, max-video-preview:-1\" \/>\n<link rel=\"canonical\" href=\"https:\/\/www.smokingpaper.com\/de\/papier-supreme-king-size-tips\/\" \/>\n<meta property=\"og:locale\" content=\"de_DE\" \/>\n<meta property=\"og:type\" content=\"article\" \/>\n<meta property=\"og:title\" content=\"SUPREME KING SIZE PAPER + TIPS | Smoking\" \/>\n<meta property=\"og:description\" content=\"Ist es m\u00f6glich, Ultra-Soft-Touch-Papier und R\u00e4ucherkartons in einem Paket zu haben? YES YES King size supreme + Tips enth\u00e4lt 33 Papiere und 33 R\u00e4ucherkartons.\" \/>\n<meta property=\"og:url\" content=\"https:\/\/www.smokingpaper.com\/de\/papier-supreme-king-size-tips\/\" \/>\n<meta property=\"og:site_name\" content=\"Smoking\" \/>\n<meta property=\"article:modified_time\" content=\"2025-05-16T11:26:26+00:00\" \/>\n<meta property=\"og:image\" content=\"https:\/\/www.smokingpaper.com\/wp-content\/uploads\/2023\/12\/3D-Smoking-SUPREM-KS-Tips-03.png\" \/>\n\t<meta property=\"og:image:width\" content=\"2993\" \/>\n\t<meta property=\"og:image:height\" content=\"1935\" \/>\n\t<meta property=\"og:image:type\" content=\"image\/png\" \/>\n<meta name=\"twitter:card\" content=\"summary_large_image\" \/>\n<!-- \/ Yoast SEO plugin. -->","yoast_head_json":{"title":"SUPREME KING SIZE PAPER + TIPS | Smoking","description":"Ist es m\u00f6glich, Ultra-Soft-Touch-Papier und R\u00e4ucherkartons in einem Paket zu haben? YES YES King size supreme + Tips enth\u00e4lt 33 Papiere und 33 R\u00e4ucherkartons.","robots":{"index":"index","follow":"follow","max-snippet":"max-snippet:-1","max-image-preview":"max-image-preview:large","max-video-preview":"max-video-preview:-1"},"canonical":"https:\/\/www.smokingpaper.com\/de\/papier-supreme-king-size-tips\/","og_locale":"de_DE","og_type":"article","og_title":"SUPREME KING SIZE PAPER + TIPS | Smoking","og_description":"Ist es m\u00f6glich, Ultra-Soft-Touch-Papier und R\u00e4ucherkartons in einem Paket zu haben? YES YES King size supreme + Tips enth\u00e4lt 33 Papiere und 33 R\u00e4ucherkartons.","og_url":"https:\/\/www.smokingpaper.com\/de\/papier-supreme-king-size-tips\/","og_site_name":"Smoking","article_modified_time":"2025-05-16T11:26:26+00:00","og_image":[{"width":2993,"height":1935,"url":"https:\/\/www.smokingpaper.com\/wp-content\/uploads\/2023\/12\/3D-Smoking-SUPREM-KS-Tips-03.png","type":"image\/png"}],"twitter_card":"summary_large_image","schema":{"@context":"https:\/\/schema.org","@graph":[{"@type":"BreadcrumbList","@id":"https:\/\/www.smokingpaper.com\/de\/papier-supreme-king-size-tips\/#breadcrumb","itemListElement":[{"@type":"ListItem","position":1,"name":"Home","item":"https:\/\/www.smokingpaper.com\/de\/"},{"@type":"ListItem","position":2,"name":"Produkte","item":"https:\/\/www.smokingpaper.com\/de\/shop\/"},{"@type":"ListItem","position":3,"name":"ZIGARETTENPAPIER","item":"https:\/\/www.smokingpaper.com\/de\/produkte\/blattchen\/"},{"@type":"ListItem","position":4,"name":"King size","item":"https:\/\/www.smokingpaper.com\/de\/produkte\/blattchen\/kingsize\/"},{"@type":"ListItem","position":5,"name":"SUPREME KING SIZE PAPER + TIPS"}]}]}},"_links":{"self":[{"href":"https:\/\/www.smokingpaper.com\/de\/wp-json\/wp\/v2\/product\/8655","targetHints":{"allow":["GET"]}}],"collection":[{"href":"https:\/\/www.smokingpaper.com\/de\/wp-json\/wp\/v2\/product"}],"about":[{"href":"https:\/\/www.smokingpaper.com\/de\/wp-json\/wp\/v2\/types\/product"}],"wp:featuredmedia":[{"embeddable":true,"href":"https:\/\/www.smokingpaper.com\/de\/wp-json\/wp\/v2\/media\/9839"}],"wp:attachment":[{"href":"https:\/\/www.smokingpaper.com\/de\/wp-json\/wp\/v2\/media?parent=8655"}],"wp:term":[{"taxonomy":"product_brand","embeddable":true,"href":"https:\/\/www.smokingpaper.com\/de\/wp-json\/wp\/v2\/product_brand?post=8655"},{"taxonomy":"product_cat","embeddable":true,"href":"https:\/\/www.smokingpaper.com\/de\/wp-json\/wp\/v2\/product_cat?post=8655"},{"taxonomy":"product_tag","embeddable":true,"href":"https:\/\/www.smokingpaper.com\/de\/wp-json\/wp\/v2\/product_tag?post=8655"}],"curies":[{"name":"wp","href":"https:\/\/api.w.org\/{rel}","templated":true}]}}