{"id":8563,"date":"2023-12-01T12:40:49","date_gmt":"2023-12-01T11:40:49","guid":{"rendered":"https:\/\/www.smokingpaper.com\/papier-supreme-medium\/"},"modified":"2025-05-16T13:28:03","modified_gmt":"2025-05-16T11:28:03","slug":"papier-supreme-medium","status":"publish","type":"product","link":"https:\/\/www.smokingpaper.com\/de\/papier-supreme-medium\/","title":{"rendered":"SUPREME MEDIUM PAPER"},"content":{"rendered":"","protected":false},"excerpt":{"rendered":"<p><span style=\"font-weight: 400;\">Entdecke die neue <\/span><b>Supreme-Produktreihe<\/b><span style=\"font-weight: 400;\"> von Smoking Paper \u2013 ein au\u00dfergew\u00f6hnlich weiches Papier f\u00fcr ein einzigartiges Raucherlebnis! Jedes Heft enth\u00e4lt 50 gebleichte Bl\u00e4ttchen mit nat\u00fcrlicher Gummierung, ganz ohne Farb- oder Zusatzstoffe. Das <\/span><b>moderne Design<\/b><span style=\"font-weight: 400;\"> trifft auf eine <\/span><b>ultraweiche Textur<\/b><span style=\"font-weight: 400;\"> \u2013 das einzige Papier auf dem Markt mit dieser speziellen Oberfl\u00e4che! Genie\u00dfe jeden Zug dank der unvergleichlichen Haptik, der zuverl\u00e4ssigen Klebeeigenschaft und dem FSC\u00ae-Zertifikat, das garantiert, dass das Papier aus nachhaltiger Forstwirtschaft stammt, in der die Artenvielfalt gesch\u00fctzt wird.<\/span><\/p>\n","protected":false},"featured_media":9851,"template":"","meta":{"_acf_changed":false,"inline_featured_image":false},"product_brand":[],"product_cat":[112,304],"product_tag":[],"class_list":{"0":"post-8563","1":"product","2":"type-product","3":"status-publish","4":"has-post-thumbnail","6":"product_cat-blattchen","7":"product_cat-medium","9":"first","10":"instock","11":"shipping-taxable","12":"product-type-simple"},"acf":[],"yoast_head":"<!-- This site is optimized with the Yoast SEO plugin v26.2 - https:\/\/yoast.com\/wordpress\/plugins\/seo\/ -->\n<title>SUPREME MEDIUM PAPER | Smoking<\/title>\n<meta name=\"description\" content=\"Kennen Sie schon die neuen Supreme-Rauchpapiere mit einzigartiger Haptik? Smoking pr\u00e4sentiert Ihnen dieses Rauchwunder, mit einem brutalen Design und Gef\u00fchl - ein Supreme-Erlebnis! \u2705\" \/>\n<meta name=\"robots\" content=\"index, follow, max-snippet:-1, max-image-preview:large, max-video-preview:-1\" \/>\n<link rel=\"canonical\" href=\"https:\/\/www.smokingpaper.com\/de\/papier-supreme-medium\/\" \/>\n<meta property=\"og:locale\" content=\"de_DE\" \/>\n<meta property=\"og:type\" content=\"article\" \/>\n<meta property=\"og:title\" content=\"SUPREME MEDIUM PAPER | Smoking\" \/>\n<meta property=\"og:description\" content=\"Kennen Sie schon die neuen Supreme-Rauchpapiere mit einzigartiger Haptik? Smoking pr\u00e4sentiert Ihnen dieses Rauchwunder, mit einem brutalen Design und Gef\u00fchl - ein Supreme-Erlebnis! \u2705\" \/>\n<meta property=\"og:url\" content=\"https:\/\/www.smokingpaper.com\/de\/papier-supreme-medium\/\" \/>\n<meta property=\"og:site_name\" content=\"Smoking\" \/>\n<meta property=\"article:modified_time\" content=\"2025-05-16T11:28:03+00:00\" \/>\n<meta property=\"og:image\" content=\"https:\/\/www.smokingpaper.com\/wp-content\/uploads\/2023\/12\/3D-LIBRITO-SMOKING-SUPREME-MEDIUM-01.png\" \/>\n\t<meta property=\"og:image:width\" content=\"2786\" \/>\n\t<meta property=\"og:image:height\" content=\"1563\" \/>\n\t<meta property=\"og:image:type\" content=\"image\/png\" \/>\n<meta name=\"twitter:card\" content=\"summary_large_image\" \/>\n<!-- \/ Yoast SEO plugin. -->","yoast_head_json":{"title":"SUPREME MEDIUM PAPER | Smoking","description":"Kennen Sie schon die neuen Supreme-Rauchpapiere mit einzigartiger Haptik? Smoking pr\u00e4sentiert Ihnen dieses Rauchwunder, mit einem brutalen Design und Gef\u00fchl - ein Supreme-Erlebnis! \u2705","robots":{"index":"index","follow":"follow","max-snippet":"max-snippet:-1","max-image-preview":"max-image-preview:large","max-video-preview":"max-video-preview:-1"},"canonical":"https:\/\/www.smokingpaper.com\/de\/papier-supreme-medium\/","og_locale":"de_DE","og_type":"article","og_title":"SUPREME MEDIUM PAPER | Smoking","og_description":"Kennen Sie schon die neuen Supreme-Rauchpapiere mit einzigartiger Haptik? Smoking pr\u00e4sentiert Ihnen dieses Rauchwunder, mit einem brutalen Design und Gef\u00fchl - ein Supreme-Erlebnis! \u2705","og_url":"https:\/\/www.smokingpaper.com\/de\/papier-supreme-medium\/","og_site_name":"Smoking","article_modified_time":"2025-05-16T11:28:03+00:00","og_image":[{"width":2786,"height":1563,"url":"https:\/\/www.smokingpaper.com\/wp-content\/uploads\/2023\/12\/3D-LIBRITO-SMOKING-SUPREME-MEDIUM-01.png","type":"image\/png"}],"twitter_card":"summary_large_image","schema":{"@context":"https:\/\/schema.org","@graph":[{"@type":"BreadcrumbList","@id":"https:\/\/www.smokingpaper.com\/de\/papier-supreme-medium\/#breadcrumb","itemListElement":[{"@type":"ListItem","position":1,"name":"Home","item":"https:\/\/www.smokingpaper.com\/de\/"},{"@type":"ListItem","position":2,"name":"Produkte","item":"https:\/\/www.smokingpaper.com\/de\/shop\/"},{"@type":"ListItem","position":3,"name":"ZIGARETTENPAPIER","item":"https:\/\/www.smokingpaper.com\/de\/produkte\/blattchen\/"},{"@type":"ListItem","position":4,"name":"SUPREME MEDIUM PAPER"}]}]}},"_links":{"self":[{"href":"https:\/\/www.smokingpaper.com\/de\/wp-json\/wp\/v2\/product\/8563","targetHints":{"allow":["GET"]}}],"collection":[{"href":"https:\/\/www.smokingpaper.com\/de\/wp-json\/wp\/v2\/product"}],"about":[{"href":"https:\/\/www.smokingpaper.com\/de\/wp-json\/wp\/v2\/types\/product"}],"wp:featuredmedia":[{"embeddable":true,"href":"https:\/\/www.smokingpaper.com\/de\/wp-json\/wp\/v2\/media\/9851"}],"wp:attachment":[{"href":"https:\/\/www.smokingpaper.com\/de\/wp-json\/wp\/v2\/media?parent=8563"}],"wp:term":[{"taxonomy":"product_brand","embeddable":true,"href":"https:\/\/www.smokingpaper.com\/de\/wp-json\/wp\/v2\/product_brand?post=8563"},{"taxonomy":"product_cat","embeddable":true,"href":"https:\/\/www.smokingpaper.com\/de\/wp-json\/wp\/v2\/product_cat?post=8563"},{"taxonomy":"product_tag","embeddable":true,"href":"https:\/\/www.smokingpaper.com\/de\/wp-json\/wp\/v2\/product_tag?post=8563"}],"curies":[{"name":"wp","href":"https:\/\/api.w.org\/{rel}","templated":true}]}}