{"id":852,"date":"2021-12-02T18:29:52","date_gmt":"2021-12-02T17:29:52","guid":{"rendered":"http:\/\/new.smokingpaper.com\/?post_type=product&#038;p=852"},"modified":"2025-05-19T09:31:38","modified_gmt":"2025-05-19T07:31:38","slug":"menthol-slim-filters","status":"publish","type":"product","link":"https:\/\/www.smokingpaper.com\/de\/menthol-slim-filters\/","title":{"rendered":"Menthol Slim Filters"},"content":{"rendered":"","protected":false},"excerpt":{"rendered":"<div class=\"descripcion\">\n<div class=\"descripcion\">\n<p><span style=\"font-weight: 400;\">Unsere <\/span><b>Menthol Slim Filter <\/b><span style=\"font-weight: 400;\">sind bei vielen Rauchern besonders beliebt. Dieses Set enth\u00e4lt 120 papierbeschichtete Filter mit einem Durchmesser von weniger als 6 mm und einer L\u00e4nge von 15 mm, die es dir erm\u00f6glichen, noch d\u00fcnnere Zigaretten zu drehen.\u00a0<\/span><\/p>\n<p><span style=\"font-weight: 400;\">Der erfrischende <\/span><b>Mentholgeschmack<\/b><span style=\"font-weight: 400;\"> sorgt f\u00fcr eine unverwechselbare Note und ein einzigartiges Raucherlebnis, das deine Zigaretten deutlich von anderen abhebt.<\/span><\/div>\n<\/div>\n","protected":false},"featured_media":2219,"template":"","meta":{"_acf_changed":false,"inline_featured_image":false},"product_brand":[],"product_cat":[208],"product_tag":[],"class_list":{"0":"post-852","1":"product","2":"type-product","3":"status-publish","4":"has-post-thumbnail","6":"product_cat-filters","8":"first","9":"instock","10":"shipping-taxable","11":"product-type-simple"},"acf":[],"yoast_head":"<!-- This site is optimized with the Yoast SEO plugin v26.2 - https:\/\/yoast.com\/wordpress\/plugins\/seo\/ -->\n<title>Filter Menthol Slim | Smoking Paper<\/title>\n<meta name=\"description\" content=\"Finden Sie die Filter Menthol Slim, das rauchende Produkte der besten Qualit\u00e4t beim Raucherpapier \u2705 zu Top-Preisen.\" \/>\n<meta name=\"robots\" content=\"index, follow, max-snippet:-1, max-image-preview:large, max-video-preview:-1\" \/>\n<link rel=\"canonical\" href=\"https:\/\/www.smokingpaper.com\/de\/menthol-slim-filters\/\" \/>\n<meta property=\"og:locale\" content=\"de_DE\" \/>\n<meta property=\"og:type\" content=\"article\" \/>\n<meta property=\"og:title\" content=\"Filter Menthol Slim | Smoking Paper\" \/>\n<meta property=\"og:description\" content=\"Finden Sie die Filter Menthol Slim, das rauchende Produkte der besten Qualit\u00e4t beim Raucherpapier \u2705 zu Top-Preisen.\" \/>\n<meta property=\"og:url\" content=\"https:\/\/www.smokingpaper.com\/de\/menthol-slim-filters\/\" \/>\n<meta property=\"og:site_name\" content=\"Smoking\" \/>\n<meta property=\"article:modified_time\" content=\"2025-05-19T07:31:38+00:00\" \/>\n<meta property=\"og:image\" content=\"https:\/\/www.smokingpaper.com\/wp-content\/uploads\/2021\/12\/Nuevo_proyecto__42_-removebg-preview.png\" \/>\n\t<meta property=\"og:image:width\" content=\"667\" \/>\n\t<meta property=\"og:image:height\" content=\"374\" \/>\n\t<meta property=\"og:image:type\" content=\"image\/png\" \/>\n<meta name=\"twitter:card\" content=\"summary_large_image\" \/>\n<!-- \/ Yoast SEO plugin. -->","yoast_head_json":{"title":"Filter Menthol Slim | Smoking Paper","description":"Finden Sie die Filter Menthol Slim, das rauchende Produkte der besten Qualit\u00e4t beim Raucherpapier \u2705 zu Top-Preisen.","robots":{"index":"index","follow":"follow","max-snippet":"max-snippet:-1","max-image-preview":"max-image-preview:large","max-video-preview":"max-video-preview:-1"},"canonical":"https:\/\/www.smokingpaper.com\/de\/menthol-slim-filters\/","og_locale":"de_DE","og_type":"article","og_title":"Filter Menthol Slim | Smoking Paper","og_description":"Finden Sie die Filter Menthol Slim, das rauchende Produkte der besten Qualit\u00e4t beim Raucherpapier \u2705 zu Top-Preisen.","og_url":"https:\/\/www.smokingpaper.com\/de\/menthol-slim-filters\/","og_site_name":"Smoking","article_modified_time":"2025-05-19T07:31:38+00:00","og_image":[{"width":667,"height":374,"url":"https:\/\/www.smokingpaper.com\/wp-content\/uploads\/2021\/12\/Nuevo_proyecto__42_-removebg-preview.png","type":"image\/png"}],"twitter_card":"summary_large_image","schema":{"@context":"https:\/\/schema.org","@graph":[{"@type":"BreadcrumbList","@id":"https:\/\/www.smokingpaper.com\/de\/menthol-slim-filters\/#breadcrumb","itemListElement":[{"@type":"ListItem","position":1,"name":"Home","item":"https:\/\/www.smokingpaper.com\/de\/"},{"@type":"ListItem","position":2,"name":"Produkte","item":"https:\/\/www.smokingpaper.com\/de\/shop\/"},{"@type":"ListItem","position":3,"name":"Filter","item":"https:\/\/www.smokingpaper.com\/de\/produkte\/filters\/"},{"@type":"ListItem","position":4,"name":"Menthol Slim Filters"}]}]}},"_links":{"self":[{"href":"https:\/\/www.smokingpaper.com\/de\/wp-json\/wp\/v2\/product\/852","targetHints":{"allow":["GET"]}}],"collection":[{"href":"https:\/\/www.smokingpaper.com\/de\/wp-json\/wp\/v2\/product"}],"about":[{"href":"https:\/\/www.smokingpaper.com\/de\/wp-json\/wp\/v2\/types\/product"}],"wp:featuredmedia":[{"embeddable":true,"href":"https:\/\/www.smokingpaper.com\/de\/wp-json\/wp\/v2\/media\/2219"}],"wp:attachment":[{"href":"https:\/\/www.smokingpaper.com\/de\/wp-json\/wp\/v2\/media?parent=852"}],"wp:term":[{"taxonomy":"product_brand","embeddable":true,"href":"https:\/\/www.smokingpaper.com\/de\/wp-json\/wp\/v2\/product_brand?post=852"},{"taxonomy":"product_cat","embeddable":true,"href":"https:\/\/www.smokingpaper.com\/de\/wp-json\/wp\/v2\/product_cat?post=852"},{"taxonomy":"product_tag","embeddable":true,"href":"https:\/\/www.smokingpaper.com\/de\/wp-json\/wp\/v2\/product_tag?post=852"}],"curies":[{"name":"wp","href":"https:\/\/api.w.org\/{rel}","templated":true}]}}