{"id":8009,"date":"2023-09-29T08:25:49","date_gmt":"2023-09-29T06:25:49","guid":{"rendered":"https:\/\/www.smokingpaper.com\/smoking-slim-paper-filters-120\/"},"modified":"2025-05-16T13:42:57","modified_gmt":"2025-05-16T11:42:57","slug":"smoking-slim-paper-filters-120","status":"publish","type":"product","link":"https:\/\/www.smokingpaper.com\/de\/smoking-slim-paper-filters-120\/","title":{"rendered":"BIOLOGISCH ABBAUBARE SLIM PAPIERFILTER 120"},"content":{"rendered":"","protected":false},"excerpt":{"rendered":"<p><span style=\"font-weight: 400;\">Unsere neuen <\/span><b>hauchd\u00fcnnen Papierfilter<\/b><span style=\"font-weight: 400;\"> sind der Hammer! In diesem Beutel erh\u00e4ltst du 120 Filter im klassischen Rolling Format, 15 mm lang und mit 6 mm Durchmesser. Mit diesen hauchd\u00fcnnen Filtern werden alle Aromen bei jedem Zug hervorgehoben. Au\u00dferdem sind sie absolut umweltfreundlich! Da das Papier aus Zellulose hergestellt wird, zersetzt es sich mit der Zeit auf nat\u00fcrliche Weise. Es ist also 100% biologisch abbaubar und enth\u00e4lt kein Plastik.<\/span><\/p>\n","protected":false},"featured_media":8002,"template":"","meta":{"_acf_changed":false,"inline_featured_image":false},"product_brand":[],"product_cat":[208],"product_tag":[],"class_list":{"0":"post-8009","1":"product","2":"type-product","3":"status-publish","4":"has-post-thumbnail","6":"product_cat-filters","8":"first","9":"instock","10":"shipping-taxable","11":"product-type-simple"},"acf":[],"yoast_head":"<!-- This site is optimized with the Yoast SEO plugin v26.2 - https:\/\/yoast.com\/wordpress\/plugins\/seo\/ -->\n<title>BIOLOGISCH ABBAUBARE SLIM PAPIERFILTER 120 | Smoking Paper<\/title>\n<meta name=\"description\" content=\"Die neuen ultrafeinen Papierfilter sind ein echter Knaller! 100% biologisch abbaubar und mit einer ultrafeinen Oberfl\u00e4che, die es Ihnen erm\u00f6glicht.\" \/>\n<meta name=\"robots\" content=\"index, follow, max-snippet:-1, max-image-preview:large, max-video-preview:-1\" \/>\n<link rel=\"canonical\" href=\"https:\/\/www.smokingpaper.com\/de\/smoking-slim-paper-filters-120\/\" \/>\n<meta property=\"og:locale\" content=\"de_DE\" \/>\n<meta property=\"og:type\" content=\"article\" \/>\n<meta property=\"og:title\" content=\"BIOLOGISCH ABBAUBARE SLIM PAPIERFILTER 120 | Smoking Paper\" \/>\n<meta property=\"og:description\" content=\"Die neuen ultrafeinen Papierfilter sind ein echter Knaller! 100% biologisch abbaubar und mit einer ultrafeinen Oberfl\u00e4che, die es Ihnen erm\u00f6glicht.\" \/>\n<meta property=\"og:url\" content=\"https:\/\/www.smokingpaper.com\/de\/smoking-slim-paper-filters-120\/\" \/>\n<meta property=\"og:site_name\" content=\"Smoking\" \/>\n<meta property=\"article:modified_time\" content=\"2025-05-16T11:42:57+00:00\" \/>\n<meta property=\"og:image\" content=\"https:\/\/www.smokingpaper.com\/wp-content\/uploads\/2023\/09\/Smoking_-Imagen-de-Producto-2.png\" \/>\n\t<meta property=\"og:image:width\" content=\"667\" \/>\n\t<meta property=\"og:image:height\" content=\"374\" \/>\n\t<meta property=\"og:image:type\" content=\"image\/png\" \/>\n<meta name=\"twitter:card\" content=\"summary_large_image\" \/>\n<!-- \/ Yoast SEO plugin. -->","yoast_head_json":{"title":"BIOLOGISCH ABBAUBARE SLIM PAPIERFILTER 120 | Smoking Paper","description":"Die neuen ultrafeinen Papierfilter sind ein echter Knaller! 100% biologisch abbaubar und mit einer ultrafeinen Oberfl\u00e4che, die es Ihnen erm\u00f6glicht.","robots":{"index":"index","follow":"follow","max-snippet":"max-snippet:-1","max-image-preview":"max-image-preview:large","max-video-preview":"max-video-preview:-1"},"canonical":"https:\/\/www.smokingpaper.com\/de\/smoking-slim-paper-filters-120\/","og_locale":"de_DE","og_type":"article","og_title":"BIOLOGISCH ABBAUBARE SLIM PAPIERFILTER 120 | Smoking Paper","og_description":"Die neuen ultrafeinen Papierfilter sind ein echter Knaller! 100% biologisch abbaubar und mit einer ultrafeinen Oberfl\u00e4che, die es Ihnen erm\u00f6glicht.","og_url":"https:\/\/www.smokingpaper.com\/de\/smoking-slim-paper-filters-120\/","og_site_name":"Smoking","article_modified_time":"2025-05-16T11:42:57+00:00","og_image":[{"width":667,"height":374,"url":"https:\/\/www.smokingpaper.com\/wp-content\/uploads\/2023\/09\/Smoking_-Imagen-de-Producto-2.png","type":"image\/png"}],"twitter_card":"summary_large_image","schema":{"@context":"https:\/\/schema.org","@graph":[{"@type":"BreadcrumbList","@id":"https:\/\/www.smokingpaper.com\/de\/smoking-slim-paper-filters-120\/#breadcrumb","itemListElement":[{"@type":"ListItem","position":1,"name":"Home","item":"https:\/\/www.smokingpaper.com\/de\/"},{"@type":"ListItem","position":2,"name":"Produkte","item":"https:\/\/www.smokingpaper.com\/de\/shop\/"},{"@type":"ListItem","position":3,"name":"Filter","item":"https:\/\/www.smokingpaper.com\/de\/produkte\/filters\/"},{"@type":"ListItem","position":4,"name":"BIOLOGISCH ABBAUBARE SLIM PAPIERFILTER 120"}]}]}},"_links":{"self":[{"href":"https:\/\/www.smokingpaper.com\/de\/wp-json\/wp\/v2\/product\/8009","targetHints":{"allow":["GET"]}}],"collection":[{"href":"https:\/\/www.smokingpaper.com\/de\/wp-json\/wp\/v2\/product"}],"about":[{"href":"https:\/\/www.smokingpaper.com\/de\/wp-json\/wp\/v2\/types\/product"}],"wp:featuredmedia":[{"embeddable":true,"href":"https:\/\/www.smokingpaper.com\/de\/wp-json\/wp\/v2\/media\/8002"}],"wp:attachment":[{"href":"https:\/\/www.smokingpaper.com\/de\/wp-json\/wp\/v2\/media?parent=8009"}],"wp:term":[{"taxonomy":"product_brand","embeddable":true,"href":"https:\/\/www.smokingpaper.com\/de\/wp-json\/wp\/v2\/product_brand?post=8009"},{"taxonomy":"product_cat","embeddable":true,"href":"https:\/\/www.smokingpaper.com\/de\/wp-json\/wp\/v2\/product_cat?post=8009"},{"taxonomy":"product_tag","embeddable":true,"href":"https:\/\/www.smokingpaper.com\/de\/wp-json\/wp\/v2\/product_tag?post=8009"}],"curies":[{"name":"wp","href":"https:\/\/api.w.org\/{rel}","templated":true}]}}