{"id":687,"date":"2021-12-02T15:48:12","date_gmt":"2021-12-02T14:48:12","guid":{"rendered":"http:\/\/new.smokingpaper.com\/product\/thinnest-tips-king-size\/"},"modified":"2024-12-12T13:43:31","modified_gmt":"2024-12-12T12:43:31","slug":"thinnest-tips-king-size","status":"publish","type":"product","link":"https:\/\/www.smokingpaper.com\/de\/thinnest-tips-king-size\/","title":{"rendered":"Thinnest King Size + Tips"},"content":{"rendered":"","protected":false},"excerpt":{"rendered":"<p><span data-sheets-value=\"{&quot;1&quot;:2,&quot;2&quot;:&quot;Das leichteste King Size-Papier der Marke - inklusive Tips - , damit es Ihnen beim Drehen Ihrer Zigaretten an nichts fehlt! Das Thinnest King Size + Tips Set ist die ideale Kombo f\u00fcr jeden Raucher und f\u00fcr jede Raucherin. Es enth\u00e4lt 33 Bl\u00e4ttchen, die mit nur 10 g\/m2 20 % leichter als der Durchschnitt sind. Sie sind f\u00fcr das King Size-Format mit 108 x 44 mm geeignet und FSC\u00ae-zertifiziert. Au\u00dferdem ist ein Bonus von 33 Tips enthalten, damit Sie Ihre Zigaretten sofort drehen k\u00f6nnen. Und nat\u00fcrlich mit rein pflanzlichem Kautschuk, ohne Farb- und Zusatzstoffe, f\u00fcr eine m\u00fchelose Haftung.&quot;}\" data-sheets-userformat=\"{&quot;2&quot;:1319869,&quot;3&quot;:{&quot;1&quot;:0},&quot;5&quot;:{&quot;1&quot;:[{&quot;1&quot;:2,&quot;2&quot;:0,&quot;5&quot;:{&quot;1&quot;:2,&quot;2&quot;:0}},{&quot;1&quot;:0,&quot;2&quot;:0,&quot;3&quot;:3},{&quot;1&quot;:1,&quot;2&quot;:0,&quot;4&quot;:2}]},&quot;6&quot;:{&quot;1&quot;:[{&quot;1&quot;:2,&quot;2&quot;:0,&quot;5&quot;:{&quot;1&quot;:2,&quot;2&quot;:0}},{&quot;1&quot;:0,&quot;2&quot;:0,&quot;3&quot;:3},{&quot;1&quot;:1,&quot;2&quot;:0,&quot;4&quot;:2}]},&quot;7&quot;:{&quot;1&quot;:[{&quot;1&quot;:2,&quot;2&quot;:0,&quot;5&quot;:{&quot;1&quot;:2,&quot;2&quot;:0}},{&quot;1&quot;:0,&quot;2&quot;:0,&quot;3&quot;:3},{&quot;1&quot;:1,&quot;2&quot;:0,&quot;4&quot;:2}]},&quot;8&quot;:{&quot;1&quot;:[{&quot;1&quot;:2,&quot;2&quot;:0,&quot;5&quot;:{&quot;1&quot;:2,&quot;2&quot;:0}},{&quot;1&quot;:0,&quot;2&quot;:0,&quot;3&quot;:3},{&quot;1&quot;:1,&quot;2&quot;:0,&quot;4&quot;:2}]},&quot;10&quot;:1,&quot;11&quot;:4,&quot;12&quot;:0,&quot;16&quot;:10,&quot;21&quot;:0,&quot;23&quot;:2}\">Das leichteste King Size-Papier der Marke &#8211; inklusive Tips &#8211; , damit es Dir beim Drehen Deiner Zigaretten an nichts fehlt! Das Thinnest King Size + Tips Set ist das ideale Kombo f\u00fcr jeden Raucher und f\u00fcr jede Raucherin. Es enth\u00e4lt 33 Bl\u00e4ttchen, die mit nur 12 g\/m2 20 % leichter als der Durchschnitt sind. Sie sind f\u00fcr das King Size-Format mit 108 x 44 mm geeignet und FSC\u00ae-zertifiziert. Au\u00dferdem ist ein Bonus von 33 Tips enthalten, damit Du deine Zigaretten sofort drehen kannst. Und Nat\u00fcrlich hat es Gummi aus 100% nat\u00fcrlichen pflanzlichen Ursprungs, ohne Farbstoffe oder andere Zus\u00e4tze, um einen wirksamen Stick mit dem ersten Lecken zu erhalten.<\/span><\/p>\n","protected":false},"featured_media":7535,"template":"","meta":{"_acf_changed":false,"inline_featured_image":false},"product_brand":[],"product_cat":[112,111],"product_tag":[],"class_list":{"0":"post-687","1":"product","2":"type-product","3":"status-publish","4":"has-post-thumbnail","6":"product_cat-blattchen","7":"product_cat-kingsize","9":"first","10":"instock","11":"shipping-taxable","12":"product-type-simple"},"acf":[],"yoast_head":"<!-- This site is optimized with the Yoast SEO plugin v26.2 - https:\/\/yoast.com\/wordpress\/plugins\/seo\/ -->\n<title>Bl\u00e4ttchen King Size Thinnest + Tips | Smoking Paper<\/title>\n<meta name=\"description\" content=\"Finden Sie die King-Size, die feinsten + Tipps, Raucherprodukte der besten Qualit\u00e4t in Rolling Papers \u2705 zu den besten Preisen - Rolling Papers Katalog!\" \/>\n<meta name=\"robots\" content=\"index, follow, max-snippet:-1, max-image-preview:large, max-video-preview:-1\" \/>\n<link rel=\"canonical\" href=\"https:\/\/www.smokingpaper.com\/de\/thinnest-tips-king-size\/\" \/>\n<meta property=\"og:locale\" content=\"de_DE\" \/>\n<meta property=\"og:type\" content=\"article\" \/>\n<meta property=\"og:title\" content=\"Bl\u00e4ttchen King Size Thinnest + Tips | Smoking Paper\" \/>\n<meta property=\"og:description\" content=\"Finden Sie die King-Size, die feinsten + Tipps, Raucherprodukte der besten Qualit\u00e4t in Rolling Papers \u2705 zu den besten Preisen - Rolling Papers Katalog!\" \/>\n<meta property=\"og:url\" content=\"https:\/\/www.smokingpaper.com\/de\/thinnest-tips-king-size\/\" \/>\n<meta property=\"og:site_name\" content=\"Smoking\" \/>\n<meta property=\"article:modified_time\" content=\"2024-12-12T12:43:31+00:00\" \/>\n<meta property=\"og:image\" content=\"https:\/\/www.smokingpaper.com\/wp-content\/uploads\/2022\/01\/3d-smoking-thinnest-ks-tips.png\" \/>\n\t<meta property=\"og:image:width\" content=\"1188\" \/>\n\t<meta property=\"og:image:height\" content=\"768\" \/>\n\t<meta property=\"og:image:type\" content=\"image\/png\" \/>\n<meta name=\"twitter:card\" content=\"summary_large_image\" \/>\n<meta name=\"twitter:label1\" content=\"Gesch\u00e4tzte Lesezeit\" \/>\n\t<meta name=\"twitter:data1\" content=\"1\u00a0Minute\" \/>\n<!-- \/ Yoast SEO plugin. -->","yoast_head_json":{"title":"Bl\u00e4ttchen King Size Thinnest + Tips | Smoking Paper","description":"Finden Sie die King-Size, die feinsten + Tipps, Raucherprodukte der besten Qualit\u00e4t in Rolling Papers \u2705 zu den besten Preisen - Rolling Papers Katalog!","robots":{"index":"index","follow":"follow","max-snippet":"max-snippet:-1","max-image-preview":"max-image-preview:large","max-video-preview":"max-video-preview:-1"},"canonical":"https:\/\/www.smokingpaper.com\/de\/thinnest-tips-king-size\/","og_locale":"de_DE","og_type":"article","og_title":"Bl\u00e4ttchen King Size Thinnest + Tips | Smoking Paper","og_description":"Finden Sie die King-Size, die feinsten + Tipps, Raucherprodukte der besten Qualit\u00e4t in Rolling Papers \u2705 zu den besten Preisen - Rolling Papers Katalog!","og_url":"https:\/\/www.smokingpaper.com\/de\/thinnest-tips-king-size\/","og_site_name":"Smoking","article_modified_time":"2024-12-12T12:43:31+00:00","og_image":[{"width":1188,"height":768,"url":"https:\/\/www.smokingpaper.com\/wp-content\/uploads\/2022\/01\/3d-smoking-thinnest-ks-tips.png","type":"image\/png"}],"twitter_card":"summary_large_image","twitter_misc":{"Gesch\u00e4tzte Lesezeit":"1\u00a0Minute"},"schema":{"@context":"https:\/\/schema.org","@graph":[{"@type":"BreadcrumbList","@id":"https:\/\/www.smokingpaper.com\/de\/thinnest-tips-king-size\/#breadcrumb","itemListElement":[{"@type":"ListItem","position":1,"name":"Home","item":"https:\/\/www.smokingpaper.com\/de\/"},{"@type":"ListItem","position":2,"name":"Produkte","item":"https:\/\/www.smokingpaper.com\/de\/shop\/"},{"@type":"ListItem","position":3,"name":"ZIGARETTENPAPIER","item":"https:\/\/www.smokingpaper.com\/de\/produkte\/blattchen\/"},{"@type":"ListItem","position":4,"name":"Thinnest King Size + Tips"}]}]}},"_links":{"self":[{"href":"https:\/\/www.smokingpaper.com\/de\/wp-json\/wp\/v2\/product\/687","targetHints":{"allow":["GET"]}}],"collection":[{"href":"https:\/\/www.smokingpaper.com\/de\/wp-json\/wp\/v2\/product"}],"about":[{"href":"https:\/\/www.smokingpaper.com\/de\/wp-json\/wp\/v2\/types\/product"}],"wp:featuredmedia":[{"embeddable":true,"href":"https:\/\/www.smokingpaper.com\/de\/wp-json\/wp\/v2\/media\/7535"}],"wp:attachment":[{"href":"https:\/\/www.smokingpaper.com\/de\/wp-json\/wp\/v2\/media?parent=687"}],"wp:term":[{"taxonomy":"product_brand","embeddable":true,"href":"https:\/\/www.smokingpaper.com\/de\/wp-json\/wp\/v2\/product_brand?post=687"},{"taxonomy":"product_cat","embeddable":true,"href":"https:\/\/www.smokingpaper.com\/de\/wp-json\/wp\/v2\/product_cat?post=687"},{"taxonomy":"product_tag","embeddable":true,"href":"https:\/\/www.smokingpaper.com\/de\/wp-json\/wp\/v2\/product_tag?post=687"}],"curies":[{"name":"wp","href":"https:\/\/api.w.org\/{rel}","templated":true}]}}