{"id":6720,"date":"2023-04-13T11:37:16","date_gmt":"2023-04-13T09:37:16","guid":{"rendered":"https:\/\/www.smokingpaper.com\/rolling-tray-inferno\/"},"modified":"2025-05-19T11:24:44","modified_gmt":"2025-05-19T09:24:44","slug":"rolling-tray-inferno","status":"publish","type":"product","link":"https:\/\/www.smokingpaper.com\/de\/rolling-tray-inferno\/","title":{"rendered":"Drehunterlage Inferno"},"content":{"rendered":"","protected":false},"excerpt":{"rendered":"<p><span style=\"font-weight: 400;\">Lass dich vom Weltuntergang nicht aus der Ruhe bringen \u2013 und schon gar nicht beim Drehen! Mit der <\/span><b>Inferno Drehunterlage<\/b><span style=\"font-weight: 400;\"> bleibst du cool und deinem Stil treu. Diese auff\u00e4llige und gleichzeitig praktische Drehunterlage macht jede Zigarette zum Statement.<\/span><\/p>\n<p><span style=\"font-weight: 400;\">Hergestellt aus widerstandsf\u00e4higem Zinn und mit einem Design, das alle Blicke auf sich zieht, ist diese Drehunterlage bereit f\u00fcr alles \u2013 selbst f\u00fcr das letzte Gefecht. Die clever geformten Kanten sorgen daf\u00fcr, dass kein Kr\u00fcmel Tabak verloren geht.<\/span><\/p>\n<p><span style=\"font-weight: 400;\">Hol dir die <\/span><b>Inferno<\/b><span style=\"font-weight: 400;\"> und entdecke die ganze <\/span><b>Galaxy Collection<\/b><span style=\"font-weight: 400;\"> von <\/span><b>Smoking\u00ae<\/b><span style=\"font-weight: 400;\"> \u2013 f\u00fcr jeden Vibe die passende Unterlage.<\/span><\/p>\n","protected":false},"featured_media":11230,"template":"","meta":{"_acf_changed":false,"inline_featured_image":false},"product_brand":[],"product_cat":[776],"product_tag":[],"class_list":{"0":"post-6720","1":"product","2":"type-product","3":"status-publish","4":"has-post-thumbnail","6":"product_cat-drehunterlagen","8":"first","9":"instock","10":"shipping-taxable","11":"product-type-simple"},"acf":[],"yoast_head":"<!-- This site is optimized with the Yoast SEO plugin v26.2 - https:\/\/yoast.com\/wordpress\/plugins\/seo\/ -->\n<title>Drehunterlage Inferno | Smoking Paper<\/title>\n<meta name=\"robots\" content=\"index, follow, max-snippet:-1, max-image-preview:large, max-video-preview:-1\" \/>\n<link rel=\"canonical\" href=\"https:\/\/www.smokingpaper.com\/de\/rolling-tray-inferno\/\" \/>\n<meta property=\"og:locale\" content=\"de_DE\" \/>\n<meta property=\"og:type\" content=\"article\" \/>\n<meta property=\"og:title\" content=\"Drehunterlage Inferno | Smoking Paper\" \/>\n<meta property=\"og:description\" content=\"Lass dich vom Weltuntergang nicht aus der Ruhe bringen \u2013 und schon gar nicht beim Drehen! Mit der Inferno Drehunterlage bleibst du cool und deinem Stil treu. Diese auff\u00e4llige und gleichzeitig praktische Drehunterlage macht jede Zigarette zum Statement.  Hergestellt aus widerstandsf\u00e4higem Zinn und mit einem Design, das alle Blicke auf sich zieht, ist diese Drehunterlage bereit f\u00fcr alles \u2013 selbst f\u00fcr das letzte Gefecht. Die clever geformten Kanten sorgen daf\u00fcr, dass kein Kr\u00fcmel Tabak verloren geht.  Hol dir die Inferno und entdecke die ganze Galaxy Collection von Smoking\u00ae \u2013 f\u00fcr jeden Vibe die passende Unterlage.\" \/>\n<meta property=\"og:url\" content=\"https:\/\/www.smokingpaper.com\/de\/rolling-tray-inferno\/\" \/>\n<meta property=\"og:site_name\" content=\"Smoking\" \/>\n<meta property=\"article:modified_time\" content=\"2025-05-19T09:24:44+00:00\" \/>\n<meta property=\"og:image\" content=\"https:\/\/www.smokingpaper.com\/wp-content\/uploads\/2023\/04\/Rolling-Tray-Inferno-2-690x1024.png\" \/>\n\t<meta property=\"og:image:width\" content=\"690\" \/>\n\t<meta property=\"og:image:height\" content=\"1024\" \/>\n\t<meta property=\"og:image:type\" content=\"image\/png\" \/>\n<meta name=\"twitter:card\" content=\"summary_large_image\" \/>\n<!-- \/ Yoast SEO plugin. -->","yoast_head_json":{"title":"Drehunterlage Inferno | Smoking Paper","robots":{"index":"index","follow":"follow","max-snippet":"max-snippet:-1","max-image-preview":"max-image-preview:large","max-video-preview":"max-video-preview:-1"},"canonical":"https:\/\/www.smokingpaper.com\/de\/rolling-tray-inferno\/","og_locale":"de_DE","og_type":"article","og_title":"Drehunterlage Inferno | Smoking Paper","og_description":"Lass dich vom Weltuntergang nicht aus der Ruhe bringen \u2013 und schon gar nicht beim Drehen! Mit der Inferno Drehunterlage bleibst du cool und deinem Stil treu. Diese auff\u00e4llige und gleichzeitig praktische Drehunterlage macht jede Zigarette zum Statement.  Hergestellt aus widerstandsf\u00e4higem Zinn und mit einem Design, das alle Blicke auf sich zieht, ist diese Drehunterlage bereit f\u00fcr alles \u2013 selbst f\u00fcr das letzte Gefecht. Die clever geformten Kanten sorgen daf\u00fcr, dass kein Kr\u00fcmel Tabak verloren geht.  Hol dir die Inferno und entdecke die ganze Galaxy Collection von Smoking\u00ae \u2013 f\u00fcr jeden Vibe die passende Unterlage.","og_url":"https:\/\/www.smokingpaper.com\/de\/rolling-tray-inferno\/","og_site_name":"Smoking","article_modified_time":"2025-05-19T09:24:44+00:00","og_image":[{"width":690,"height":1024,"url":"https:\/\/www.smokingpaper.com\/wp-content\/uploads\/2023\/04\/Rolling-Tray-Inferno-2-690x1024.png","type":"image\/png"}],"twitter_card":"summary_large_image","schema":{"@context":"https:\/\/schema.org","@graph":[{"@type":"BreadcrumbList","@id":"https:\/\/www.smokingpaper.com\/de\/rolling-tray-inferno\/#breadcrumb","itemListElement":[{"@type":"ListItem","position":1,"name":"Home","item":"https:\/\/www.smokingpaper.com\/de\/"},{"@type":"ListItem","position":2,"name":"Produkte","item":"https:\/\/www.smokingpaper.com\/de\/shop\/"},{"@type":"ListItem","position":3,"name":"Drehunterlagen","item":"https:\/\/www.smokingpaper.com\/de\/produkte\/drehunterlagen\/"},{"@type":"ListItem","position":4,"name":"Drehunterlage Inferno"}]}]}},"_links":{"self":[{"href":"https:\/\/www.smokingpaper.com\/de\/wp-json\/wp\/v2\/product\/6720","targetHints":{"allow":["GET"]}}],"collection":[{"href":"https:\/\/www.smokingpaper.com\/de\/wp-json\/wp\/v2\/product"}],"about":[{"href":"https:\/\/www.smokingpaper.com\/de\/wp-json\/wp\/v2\/types\/product"}],"wp:featuredmedia":[{"embeddable":true,"href":"https:\/\/www.smokingpaper.com\/de\/wp-json\/wp\/v2\/media\/11230"}],"wp:attachment":[{"href":"https:\/\/www.smokingpaper.com\/de\/wp-json\/wp\/v2\/media?parent=6720"}],"wp:term":[{"taxonomy":"product_brand","embeddable":true,"href":"https:\/\/www.smokingpaper.com\/de\/wp-json\/wp\/v2\/product_brand?post=6720"},{"taxonomy":"product_cat","embeddable":true,"href":"https:\/\/www.smokingpaper.com\/de\/wp-json\/wp\/v2\/product_cat?post=6720"},{"taxonomy":"product_tag","embeddable":true,"href":"https:\/\/www.smokingpaper.com\/de\/wp-json\/wp\/v2\/product_tag?post=6720"}],"curies":[{"name":"wp","href":"https:\/\/api.w.org\/{rel}","templated":true}]}}