{"id":663,"date":"2021-12-02T14:39:42","date_gmt":"2021-12-02T13:39:42","guid":{"rendered":"http:\/\/new.smokingpaper.com\/product\/organic-king-size\/"},"modified":"2023-10-07T13:15:14","modified_gmt":"2023-10-07T11:15:14","slug":"organic-king-size","status":"publish","type":"product","link":"https:\/\/www.smokingpaper.com\/de\/organic-king-size\/","title":{"rendered":"Organic King Size"},"content":{"rendered":"","protected":false},"excerpt":{"rendered":"<p>Unser umweltfreundlichstes Papier. Das verantwortungsvollste und nachhaltigste Produkt in Sachen Umweltschutz. Mit dem Kauf eines Produkts aus dem Smoking Organic-Sortiment tr\u00e4gst Du zur Anpflanzung von B\u00e4umen in Abholzungsgebieten bei. Erlebe dieses ungebleichte Papier aus biologischem Anbau, ohne Farb- oder Zusatzstoffe, ohne Pestizide, Herbizide oder Kunstd\u00fcnger und mit BIO-Zertifizierung. Mit dem TREE FREE-Siegel, das belegt, dass f\u00fcr die Herstellung keine B\u00e4ume gef\u00e4llt wurden.<\/p>\n","protected":false},"featured_media":7613,"template":"","meta":{"_acf_changed":false,"inline_featured_image":false},"product_brand":[],"product_cat":[112,111],"product_tag":[],"class_list":{"0":"post-663","1":"product","2":"type-product","3":"status-publish","4":"has-post-thumbnail","6":"product_cat-blattchen","7":"product_cat-kingsize","9":"first","10":"instock","11":"shipping-taxable","12":"product-type-simple"},"acf":[],"yoast_head":"<!-- This site is optimized with the Yoast SEO plugin v26.2 - https:\/\/yoast.com\/wordpress\/plugins\/seo\/ -->\n<title>Bl\u00e4ttchen King Size Organic | Smoking Paper<\/title>\n<meta name=\"description\" content=\"Finden Sie die K\u00f6nigsgr\u00f6\u00dfe Bio, Raucherprodukte der besten Qualit\u00e4t beim Raucherpapier \u2705 zu Top-Preisen, Verpassen Sie nicht unseren Produktkatalog online!\" \/>\n<meta name=\"robots\" content=\"index, follow, max-snippet:-1, max-image-preview:large, max-video-preview:-1\" \/>\n<link rel=\"canonical\" href=\"https:\/\/www.smokingpaper.com\/de\/organic-king-size\/\" \/>\n<meta property=\"og:locale\" content=\"de_DE\" \/>\n<meta property=\"og:type\" content=\"article\" \/>\n<meta property=\"og:title\" content=\"Bl\u00e4ttchen King Size Organic | Smoking Paper\" \/>\n<meta property=\"og:description\" content=\"Finden Sie die K\u00f6nigsgr\u00f6\u00dfe Bio, Raucherprodukte der besten Qualit\u00e4t beim Raucherpapier \u2705 zu Top-Preisen, Verpassen Sie nicht unseren Produktkatalog online!\" \/>\n<meta property=\"og:url\" content=\"https:\/\/www.smokingpaper.com\/de\/organic-king-size\/\" \/>\n<meta property=\"og:site_name\" content=\"Smoking\" \/>\n<meta property=\"article:modified_time\" content=\"2023-10-07T11:15:14+00:00\" \/>\n<meta property=\"og:image\" content=\"https:\/\/www.smokingpaper.com\/wp-content\/uploads\/2021\/12\/3D_LIBRITO_ORGANIC_KS__Grande_-removebg-preview.png\" \/>\n\t<meta property=\"og:image:width\" content=\"714\" \/>\n\t<meta property=\"og:image:height\" content=\"349\" \/>\n\t<meta property=\"og:image:type\" content=\"image\/png\" \/>\n<meta name=\"twitter:card\" content=\"summary_large_image\" \/>\n<meta name=\"twitter:label1\" content=\"Gesch\u00e4tzte Lesezeit\" \/>\n\t<meta name=\"twitter:data1\" content=\"1\u00a0Minute\" \/>\n<!-- \/ Yoast SEO plugin. -->","yoast_head_json":{"title":"Bl\u00e4ttchen King Size Organic | Smoking Paper","description":"Finden Sie die K\u00f6nigsgr\u00f6\u00dfe Bio, Raucherprodukte der besten Qualit\u00e4t beim Raucherpapier \u2705 zu Top-Preisen, Verpassen Sie nicht unseren Produktkatalog online!","robots":{"index":"index","follow":"follow","max-snippet":"max-snippet:-1","max-image-preview":"max-image-preview:large","max-video-preview":"max-video-preview:-1"},"canonical":"https:\/\/www.smokingpaper.com\/de\/organic-king-size\/","og_locale":"de_DE","og_type":"article","og_title":"Bl\u00e4ttchen King Size Organic | Smoking Paper","og_description":"Finden Sie die K\u00f6nigsgr\u00f6\u00dfe Bio, Raucherprodukte der besten Qualit\u00e4t beim Raucherpapier \u2705 zu Top-Preisen, Verpassen Sie nicht unseren Produktkatalog online!","og_url":"https:\/\/www.smokingpaper.com\/de\/organic-king-size\/","og_site_name":"Smoking","article_modified_time":"2023-10-07T11:15:14+00:00","og_image":[{"width":714,"height":349,"url":"https:\/\/www.smokingpaper.com\/wp-content\/uploads\/2021\/12\/3D_LIBRITO_ORGANIC_KS__Grande_-removebg-preview.png","type":"image\/png"}],"twitter_card":"summary_large_image","twitter_misc":{"Gesch\u00e4tzte Lesezeit":"1\u00a0Minute"},"schema":{"@context":"https:\/\/schema.org","@graph":[{"@type":"BreadcrumbList","@id":"https:\/\/www.smokingpaper.com\/de\/organic-king-size\/#breadcrumb","itemListElement":[{"@type":"ListItem","position":1,"name":"Home","item":"https:\/\/www.smokingpaper.com\/de\/"},{"@type":"ListItem","position":2,"name":"Produkte","item":"https:\/\/www.smokingpaper.com\/de\/shop\/"},{"@type":"ListItem","position":3,"name":"ZIGARETTENPAPIER","item":"https:\/\/www.smokingpaper.com\/de\/produkte\/blattchen\/"},{"@type":"ListItem","position":4,"name":"Organic King Size"}]}]}},"_links":{"self":[{"href":"https:\/\/www.smokingpaper.com\/de\/wp-json\/wp\/v2\/product\/663","targetHints":{"allow":["GET"]}}],"collection":[{"href":"https:\/\/www.smokingpaper.com\/de\/wp-json\/wp\/v2\/product"}],"about":[{"href":"https:\/\/www.smokingpaper.com\/de\/wp-json\/wp\/v2\/types\/product"}],"wp:featuredmedia":[{"embeddable":true,"href":"https:\/\/www.smokingpaper.com\/de\/wp-json\/wp\/v2\/media\/7613"}],"wp:attachment":[{"href":"https:\/\/www.smokingpaper.com\/de\/wp-json\/wp\/v2\/media?parent=663"}],"wp:term":[{"taxonomy":"product_brand","embeddable":true,"href":"https:\/\/www.smokingpaper.com\/de\/wp-json\/wp\/v2\/product_brand?post=663"},{"taxonomy":"product_cat","embeddable":true,"href":"https:\/\/www.smokingpaper.com\/de\/wp-json\/wp\/v2\/product_cat?post=663"},{"taxonomy":"product_tag","embeddable":true,"href":"https:\/\/www.smokingpaper.com\/de\/wp-json\/wp\/v2\/product_tag?post=663"}],"curies":[{"name":"wp","href":"https:\/\/api.w.org\/{rel}","templated":true}]}}