{"id":658,"date":"2021-12-02T14:31:44","date_gmt":"2021-12-02T13:31:44","guid":{"rendered":"http:\/\/new.smokingpaper.com\/product\/master-king-size\/"},"modified":"2023-12-18T20:35:39","modified_gmt":"2023-12-18T19:35:39","slug":"master-king-size","status":"publish","type":"product","link":"https:\/\/www.smokingpaper.com\/de\/master-king-size\/","title":{"rendered":"Master King Size"},"content":{"rendered":"","protected":false},"excerpt":{"rendered":"<p><span data-sheets-value=\"{&quot;1&quot;:2,&quot;2&quot;:&quot;Das Master King Size Booklet ist f\u00fcr diejenigen gedacht, die ihren eigenen Stil in der Kunst des Rollens haben und bereits \u00fcber eine gewisse Erfahrung in der Herstellung ihrer Zigaretten verf\u00fcgen. Ein Booklet mit 33 ultrad\u00fcnnen Bl\u00e4ttchen und einem Format von 108 x 37 mm, eines der leichtesten Zigarettenpapiere am Markt. Dar\u00fcber hinaus besteht es aus rein pflanzlichem Naturkautschuk ohne Farbstoffe oder andere Zusatzstoffe f\u00fcr eine feste Haftung. Dieses Produkt ist FSC\u00ae -zertifiziert, weil seine Inhaltsstoffe von Plantagen stammen, die unter strengen \u00f6kologischen Auflagen unterhalten werden.&quot;}\" data-sheets-userformat=\"{&quot;2&quot;:1319869,&quot;3&quot;:{&quot;1&quot;:0},&quot;5&quot;:{&quot;1&quot;:[{&quot;1&quot;:2,&quot;2&quot;:0,&quot;5&quot;:{&quot;1&quot;:2,&quot;2&quot;:0}},{&quot;1&quot;:0,&quot;2&quot;:0,&quot;3&quot;:3},{&quot;1&quot;:1,&quot;2&quot;:0,&quot;4&quot;:2}]},&quot;6&quot;:{&quot;1&quot;:[{&quot;1&quot;:2,&quot;2&quot;:0,&quot;5&quot;:{&quot;1&quot;:2,&quot;2&quot;:0}},{&quot;1&quot;:0,&quot;2&quot;:0,&quot;3&quot;:3},{&quot;1&quot;:1,&quot;2&quot;:0,&quot;4&quot;:2}]},&quot;7&quot;:{&quot;1&quot;:[{&quot;1&quot;:2,&quot;2&quot;:0,&quot;5&quot;:{&quot;1&quot;:2,&quot;2&quot;:0}},{&quot;1&quot;:0,&quot;2&quot;:0,&quot;3&quot;:3},{&quot;1&quot;:1,&quot;2&quot;:0,&quot;4&quot;:2}]},&quot;8&quot;:{&quot;1&quot;:[{&quot;1&quot;:2,&quot;2&quot;:0,&quot;5&quot;:{&quot;1&quot;:2,&quot;2&quot;:0}},{&quot;1&quot;:0,&quot;2&quot;:0,&quot;3&quot;:3},{&quot;1&quot;:1,&quot;2&quot;:0,&quot;4&quot;:2}]},&quot;10&quot;:1,&quot;11&quot;:4,&quot;12&quot;:0,&quot;16&quot;:10,&quot;21&quot;:0,&quot;23&quot;:2}\">Das Master King Size Booklet ist f\u00fcr diejenigen gedacht, die ihren eigenen Stil in der Kunst des Rollens haben und bereits \u00fcber eine gewisse Erfahrung in der Herstellung ihrer Zigaretten verf\u00fcgen. Ein Booklet mit 33 ultrad\u00fcnnen Bl\u00e4ttchen und einem Format von 108 x 37 mm, eines der leichtesten Zigarettenpapiere am Markt. Au\u00dferdem enth\u00e4lt es 100 % nat\u00fcrliches Gummi pflanzlichen Ursprungs, ohne Farbstoffe oder andere Zus\u00e4tze, f\u00fcr ein perfektes Kleben beim ersten Versuch. Ein FSC\u00ae-zertifiziertes Produkt, da es aus Plantagen stammt, die die Artenvielfalt erhalten.<\/span><\/p>\n","protected":false},"featured_media":1035,"template":"","meta":{"_acf_changed":false,"inline_featured_image":false},"product_brand":[],"product_cat":[112,111],"product_tag":[],"class_list":{"0":"post-658","1":"product","2":"type-product","3":"status-publish","4":"has-post-thumbnail","6":"product_cat-blattchen","7":"product_cat-kingsize","9":"first","10":"instock","11":"shipping-taxable","12":"product-type-simple"},"acf":[],"yoast_head":"<!-- This site is optimized with the Yoast SEO plugin v26.2 - https:\/\/yoast.com\/wordpress\/plugins\/seo\/ -->\n<title>Bl\u00e4ttchen King Size Master | Smoking Paper<\/title>\n<meta name=\"description\" content=\"Lernen Sie den King-Size-Master zum Rauchen mit 33 Blatt kennen, das beste Qualit\u00e4tspapier f\u00fcr Raucher \u2705 Sie kennen unseren Raucherpapier-Katalog!\" \/>\n<meta name=\"robots\" content=\"index, follow, max-snippet:-1, max-image-preview:large, max-video-preview:-1\" \/>\n<link rel=\"canonical\" href=\"https:\/\/www.smokingpaper.com\/de\/master-king-size\/\" \/>\n<meta property=\"og:locale\" content=\"de_DE\" \/>\n<meta property=\"og:type\" content=\"article\" \/>\n<meta property=\"og:title\" content=\"Bl\u00e4ttchen King Size Master | Smoking Paper\" \/>\n<meta property=\"og:description\" content=\"Lernen Sie den King-Size-Master zum Rauchen mit 33 Blatt kennen, das beste Qualit\u00e4tspapier f\u00fcr Raucher \u2705 Sie kennen unseren Raucherpapier-Katalog!\" \/>\n<meta property=\"og:url\" content=\"https:\/\/www.smokingpaper.com\/de\/master-king-size\/\" \/>\n<meta property=\"og:site_name\" content=\"Smoking\" \/>\n<meta property=\"article:modified_time\" content=\"2023-12-18T19:35:39+00:00\" \/>\n<meta property=\"og:image\" content=\"https:\/\/www.smokingpaper.com\/wp-content\/uploads\/2021\/12\/ks-master-removebg-preview.png\" \/>\n\t<meta property=\"og:image:width\" content=\"667\" \/>\n\t<meta property=\"og:image:height\" content=\"374\" \/>\n\t<meta property=\"og:image:type\" content=\"image\/png\" \/>\n<meta name=\"twitter:card\" content=\"summary_large_image\" \/>\n<meta name=\"twitter:label1\" content=\"Gesch\u00e4tzte Lesezeit\" \/>\n\t<meta name=\"twitter:data1\" content=\"1\u00a0Minute\" \/>\n<!-- \/ Yoast SEO plugin. -->","yoast_head_json":{"title":"Bl\u00e4ttchen King Size Master | Smoking Paper","description":"Lernen Sie den King-Size-Master zum Rauchen mit 33 Blatt kennen, das beste Qualit\u00e4tspapier f\u00fcr Raucher \u2705 Sie kennen unseren Raucherpapier-Katalog!","robots":{"index":"index","follow":"follow","max-snippet":"max-snippet:-1","max-image-preview":"max-image-preview:large","max-video-preview":"max-video-preview:-1"},"canonical":"https:\/\/www.smokingpaper.com\/de\/master-king-size\/","og_locale":"de_DE","og_type":"article","og_title":"Bl\u00e4ttchen King Size Master | Smoking Paper","og_description":"Lernen Sie den King-Size-Master zum Rauchen mit 33 Blatt kennen, das beste Qualit\u00e4tspapier f\u00fcr Raucher \u2705 Sie kennen unseren Raucherpapier-Katalog!","og_url":"https:\/\/www.smokingpaper.com\/de\/master-king-size\/","og_site_name":"Smoking","article_modified_time":"2023-12-18T19:35:39+00:00","og_image":[{"width":667,"height":374,"url":"https:\/\/www.smokingpaper.com\/wp-content\/uploads\/2021\/12\/ks-master-removebg-preview.png","type":"image\/png"}],"twitter_card":"summary_large_image","twitter_misc":{"Gesch\u00e4tzte Lesezeit":"1\u00a0Minute"},"schema":{"@context":"https:\/\/schema.org","@graph":[{"@type":"BreadcrumbList","@id":"https:\/\/www.smokingpaper.com\/de\/master-king-size\/#breadcrumb","itemListElement":[{"@type":"ListItem","position":1,"name":"Home","item":"https:\/\/www.smokingpaper.com\/de\/"},{"@type":"ListItem","position":2,"name":"Produkte","item":"https:\/\/www.smokingpaper.com\/de\/shop\/"},{"@type":"ListItem","position":3,"name":"ZIGARETTENPAPIER","item":"https:\/\/www.smokingpaper.com\/de\/produkte\/blattchen\/"},{"@type":"ListItem","position":4,"name":"Master King Size"}]}]}},"_links":{"self":[{"href":"https:\/\/www.smokingpaper.com\/de\/wp-json\/wp\/v2\/product\/658","targetHints":{"allow":["GET"]}}],"collection":[{"href":"https:\/\/www.smokingpaper.com\/de\/wp-json\/wp\/v2\/product"}],"about":[{"href":"https:\/\/www.smokingpaper.com\/de\/wp-json\/wp\/v2\/types\/product"}],"wp:featuredmedia":[{"embeddable":true,"href":"https:\/\/www.smokingpaper.com\/de\/wp-json\/wp\/v2\/media\/1035"}],"wp:attachment":[{"href":"https:\/\/www.smokingpaper.com\/de\/wp-json\/wp\/v2\/media?parent=658"}],"wp:term":[{"taxonomy":"product_brand","embeddable":true,"href":"https:\/\/www.smokingpaper.com\/de\/wp-json\/wp\/v2\/product_brand?post=658"},{"taxonomy":"product_cat","embeddable":true,"href":"https:\/\/www.smokingpaper.com\/de\/wp-json\/wp\/v2\/product_cat?post=658"},{"taxonomy":"product_tag","embeddable":true,"href":"https:\/\/www.smokingpaper.com\/de\/wp-json\/wp\/v2\/product_tag?post=658"}],"curies":[{"name":"wp","href":"https:\/\/api.w.org\/{rel}","templated":true}]}}