{"id":652,"date":"2021-12-02T14:25:34","date_gmt":"2021-12-02T13:25:34","guid":{"rendered":"http:\/\/new.smokingpaper.com\/product\/luxury-deluxe-king-size\/"},"modified":"2023-12-18T17:49:57","modified_gmt":"2023-12-18T16:49:57","slug":"luxury-deluxe-king-size","status":"publish","type":"product","link":"https:\/\/www.smokingpaper.com\/de\/luxury-deluxe-king-size\/","title":{"rendered":"Luxury Pack Deluxe King Size"},"content":{"rendered":"","protected":false},"excerpt":{"rendered":"<p>Das Deluxe Pack, nach dem Du schon immer gesucht hast! Mit diesem Kombi-Pack mit Bl\u00e4ttchen und Mundst\u00fccken kannst Du Dir Deine Lieblingszigaretten problemlos selbst drehen. Mit der unschlagbaren Qualit\u00e4t der Deluxe-Linie erwarten Dich in diesem Pack 33 Papers im King-Size-Format, mit 108 x 44 mm gro\u00dfen Bl\u00e4ttchen und einem hauchd\u00fcnnen Papier (13 g\/m2). F\u00fcr die perfekte Zigarette kannst Du diese Bl\u00e4ttchen mit einem der 33 passenden kegelf\u00f6rmigen Mundst\u00fccke abrunden.<\/p>\n","protected":false},"featured_media":1032,"template":"","meta":{"_acf_changed":false,"inline_featured_image":false},"product_brand":[],"product_cat":[112,111],"product_tag":[],"class_list":{"0":"post-652","1":"product","2":"type-product","3":"status-publish","4":"has-post-thumbnail","6":"product_cat-blattchen","7":"product_cat-kingsize","9":"first","10":"instock","11":"shipping-taxable","12":"product-type-simple"},"acf":[],"yoast_head":"<!-- This site is optimized with the Yoast SEO plugin v26.2 - https:\/\/yoast.com\/wordpress\/plugins\/seo\/ -->\n<title>\u25b7 Bl\u00e4ttchen King Size Luxury Deluxe | Smoking Paper<\/title>\n<meta name=\"description\" content=\"Dieses Paket enth\u00e4lt Filter und Papiere f\u00fcr Raucher\u2705. Lernen Sie diese ber\u00fchmte Serie von Smoking Paper kennen. F\u00fcr echte Raucher!\" \/>\n<meta name=\"robots\" content=\"index, follow, max-snippet:-1, max-image-preview:large, max-video-preview:-1\" \/>\n<link rel=\"canonical\" href=\"https:\/\/www.smokingpaper.com\/de\/luxury-deluxe-king-size\/\" \/>\n<meta property=\"og:locale\" content=\"de_DE\" \/>\n<meta property=\"og:type\" content=\"article\" \/>\n<meta property=\"og:title\" content=\"\u25b7 Bl\u00e4ttchen King Size Luxury Deluxe | Smoking Paper\" \/>\n<meta property=\"og:description\" content=\"Dieses Paket enth\u00e4lt Filter und Papiere f\u00fcr Raucher\u2705. Lernen Sie diese ber\u00fchmte Serie von Smoking Paper kennen. F\u00fcr echte Raucher!\" \/>\n<meta property=\"og:url\" content=\"https:\/\/www.smokingpaper.com\/de\/luxury-deluxe-king-size\/\" \/>\n<meta property=\"og:site_name\" content=\"Smoking\" \/>\n<meta property=\"article:modified_time\" content=\"2023-12-18T16:49:57+00:00\" \/>\n<meta property=\"og:image\" content=\"https:\/\/www.smokingpaper.com\/wp-content\/uploads\/2021\/12\/luxury_deluxe-removebg-preview.png\" \/>\n\t<meta property=\"og:image:width\" content=\"667\" \/>\n\t<meta property=\"og:image:height\" content=\"374\" \/>\n\t<meta property=\"og:image:type\" content=\"image\/png\" \/>\n<meta name=\"twitter:card\" content=\"summary_large_image\" \/>\n<meta name=\"twitter:label1\" content=\"Gesch\u00e4tzte Lesezeit\" \/>\n\t<meta name=\"twitter:data1\" content=\"1\u00a0Minute\" \/>\n<!-- \/ Yoast SEO plugin. -->","yoast_head_json":{"title":"\u25b7 Bl\u00e4ttchen King Size Luxury Deluxe | Smoking Paper","description":"Dieses Paket enth\u00e4lt Filter und Papiere f\u00fcr Raucher\u2705. Lernen Sie diese ber\u00fchmte Serie von Smoking Paper kennen. F\u00fcr echte Raucher!","robots":{"index":"index","follow":"follow","max-snippet":"max-snippet:-1","max-image-preview":"max-image-preview:large","max-video-preview":"max-video-preview:-1"},"canonical":"https:\/\/www.smokingpaper.com\/de\/luxury-deluxe-king-size\/","og_locale":"de_DE","og_type":"article","og_title":"\u25b7 Bl\u00e4ttchen King Size Luxury Deluxe | Smoking Paper","og_description":"Dieses Paket enth\u00e4lt Filter und Papiere f\u00fcr Raucher\u2705. Lernen Sie diese ber\u00fchmte Serie von Smoking Paper kennen. F\u00fcr echte Raucher!","og_url":"https:\/\/www.smokingpaper.com\/de\/luxury-deluxe-king-size\/","og_site_name":"Smoking","article_modified_time":"2023-12-18T16:49:57+00:00","og_image":[{"width":667,"height":374,"url":"https:\/\/www.smokingpaper.com\/wp-content\/uploads\/2021\/12\/luxury_deluxe-removebg-preview.png","type":"image\/png"}],"twitter_card":"summary_large_image","twitter_misc":{"Gesch\u00e4tzte Lesezeit":"1\u00a0Minute"},"schema":{"@context":"https:\/\/schema.org","@graph":[{"@type":"BreadcrumbList","@id":"https:\/\/www.smokingpaper.com\/de\/luxury-deluxe-king-size\/#breadcrumb","itemListElement":[{"@type":"ListItem","position":1,"name":"Home","item":"https:\/\/www.smokingpaper.com\/de\/"},{"@type":"ListItem","position":2,"name":"Produkte","item":"https:\/\/www.smokingpaper.com\/de\/shop\/"},{"@type":"ListItem","position":3,"name":"ZIGARETTENPAPIER","item":"https:\/\/www.smokingpaper.com\/de\/produkte\/blattchen\/"},{"@type":"ListItem","position":4,"name":"Luxury Pack Deluxe King Size"}]}]}},"_links":{"self":[{"href":"https:\/\/www.smokingpaper.com\/de\/wp-json\/wp\/v2\/product\/652","targetHints":{"allow":["GET"]}}],"collection":[{"href":"https:\/\/www.smokingpaper.com\/de\/wp-json\/wp\/v2\/product"}],"about":[{"href":"https:\/\/www.smokingpaper.com\/de\/wp-json\/wp\/v2\/types\/product"}],"wp:featuredmedia":[{"embeddable":true,"href":"https:\/\/www.smokingpaper.com\/de\/wp-json\/wp\/v2\/media\/1032"}],"wp:attachment":[{"href":"https:\/\/www.smokingpaper.com\/de\/wp-json\/wp\/v2\/media?parent=652"}],"wp:term":[{"taxonomy":"product_brand","embeddable":true,"href":"https:\/\/www.smokingpaper.com\/de\/wp-json\/wp\/v2\/product_brand?post=652"},{"taxonomy":"product_cat","embeddable":true,"href":"https:\/\/www.smokingpaper.com\/de\/wp-json\/wp\/v2\/product_cat?post=652"},{"taxonomy":"product_tag","embeddable":true,"href":"https:\/\/www.smokingpaper.com\/de\/wp-json\/wp\/v2\/product_tag?post=652"}],"curies":[{"name":"wp","href":"https:\/\/api.w.org\/{rel}","templated":true}]}}