{"id":6435,"date":"2023-03-15T15:49:04","date_gmt":"2023-03-15T14:49:04","guid":{"rendered":"https:\/\/www.smokingpaper.com\/?post_type=product&#038;p=6435"},"modified":"2025-05-16T13:51:24","modified_gmt":"2025-05-16T11:51:24","slug":"brown-medium-tips","status":"publish","type":"product","link":"https:\/\/www.smokingpaper.com\/de\/brown-medium-tips\/","title":{"rendered":"BROWN MEDIUM TIPS"},"content":{"rendered":"","protected":false},"excerpt":{"rendered":"<p><span style=\"font-weight: 400;\">Auf der Suche nach einem besseren Raucherlebnis? Unsere <\/span><b>Brown Medium Tips<\/b><span style=\"font-weight: 400;\"> sind die ideale Erg\u00e4nzung f\u00fcr alle, die Wert auf Nat\u00fcrlichkeit und Qualit\u00e4t legen. Hergestellt aus ungebleichtem Karton, sind sie frei von chemischen Zus\u00e4tzen \u2013 f\u00fcr ein reines, authentisches Raucherlebnis.<\/span><\/p>\n<p><span style=\"font-weight: 400;\">Jede Packung enth\u00e4lt gebrauchsfertige Tips, die f\u00fcr einen angenehmen Zug und optimalen Halt sorgen.<\/span><\/p>\n<p><span style=\"font-weight: 400;\">Genie\u00dfe ein<\/span><b> sanftes, harmonisches Raucherlebnis <\/b><span style=\"font-weight: 400;\">mit unseren Brown Medium Tips.<\/span><\/p>\n","protected":false},"featured_media":6731,"template":"","meta":{"_acf_changed":false,"inline_featured_image":false},"product_brand":[],"product_cat":[208],"product_tag":[],"class_list":{"0":"post-6435","1":"product","2":"type-product","3":"status-publish","4":"has-post-thumbnail","6":"product_cat-filters","8":"first","9":"instock","10":"shipping-taxable","11":"product-type-simple"},"acf":[],"yoast_head":"<!-- This site is optimized with the Yoast SEO plugin v26.2 - https:\/\/yoast.com\/wordpress\/plugins\/seo\/ -->\n<title>BROWN MEDIUM TIPS | Smoking Paper<\/title>\n<meta name=\"description\" content=\"Verteilt die beliebtesten Kartonfilter von Smoking Paper. Enth\u00e4lt 50 Kartons und sind frei von Chlor und Bleichmittel - besuchen Sie uns jetzt!\" \/>\n<meta name=\"robots\" content=\"index, follow, max-snippet:-1, max-image-preview:large, max-video-preview:-1\" \/>\n<link rel=\"canonical\" href=\"https:\/\/www.smokingpaper.com\/de\/brown-medium-tips\/\" \/>\n<meta property=\"og:locale\" content=\"de_DE\" \/>\n<meta property=\"og:type\" content=\"article\" \/>\n<meta property=\"og:title\" content=\"BROWN MEDIUM TIPS | Smoking Paper\" \/>\n<meta property=\"og:description\" content=\"Verteilt die beliebtesten Kartonfilter von Smoking Paper. Enth\u00e4lt 50 Kartons und sind frei von Chlor und Bleichmittel - besuchen Sie uns jetzt!\" \/>\n<meta property=\"og:url\" content=\"https:\/\/www.smokingpaper.com\/de\/brown-medium-tips\/\" \/>\n<meta property=\"og:site_name\" content=\"Smoking\" \/>\n<meta property=\"article:modified_time\" content=\"2025-05-16T11:51:24+00:00\" \/>\n<meta property=\"og:image\" content=\"https:\/\/www.smokingpaper.com\/wp-content\/uploads\/2023\/03\/Taco-Brown-Tips-Med-pequeno-1.png\" \/>\n\t<meta property=\"og:image:width\" content=\"617\" \/>\n\t<meta property=\"og:image:height\" content=\"404\" \/>\n\t<meta property=\"og:image:type\" content=\"image\/png\" \/>\n<meta name=\"twitter:card\" content=\"summary_large_image\" \/>\n<!-- \/ Yoast SEO plugin. -->","yoast_head_json":{"title":"BROWN MEDIUM TIPS | Smoking Paper","description":"Verteilt die beliebtesten Kartonfilter von Smoking Paper. Enth\u00e4lt 50 Kartons und sind frei von Chlor und Bleichmittel - besuchen Sie uns jetzt!","robots":{"index":"index","follow":"follow","max-snippet":"max-snippet:-1","max-image-preview":"max-image-preview:large","max-video-preview":"max-video-preview:-1"},"canonical":"https:\/\/www.smokingpaper.com\/de\/brown-medium-tips\/","og_locale":"de_DE","og_type":"article","og_title":"BROWN MEDIUM TIPS | Smoking Paper","og_description":"Verteilt die beliebtesten Kartonfilter von Smoking Paper. Enth\u00e4lt 50 Kartons und sind frei von Chlor und Bleichmittel - besuchen Sie uns jetzt!","og_url":"https:\/\/www.smokingpaper.com\/de\/brown-medium-tips\/","og_site_name":"Smoking","article_modified_time":"2025-05-16T11:51:24+00:00","og_image":[{"width":617,"height":404,"url":"https:\/\/www.smokingpaper.com\/wp-content\/uploads\/2023\/03\/Taco-Brown-Tips-Med-pequeno-1.png","type":"image\/png"}],"twitter_card":"summary_large_image","schema":{"@context":"https:\/\/schema.org","@graph":[{"@type":"BreadcrumbList","@id":"https:\/\/www.smokingpaper.com\/de\/brown-medium-tips\/#breadcrumb","itemListElement":[{"@type":"ListItem","position":1,"name":"Home","item":"https:\/\/www.smokingpaper.com\/de\/"},{"@type":"ListItem","position":2,"name":"Produkte","item":"https:\/\/www.smokingpaper.com\/de\/shop\/"},{"@type":"ListItem","position":3,"name":"Filter","item":"https:\/\/www.smokingpaper.com\/de\/produkte\/filters\/"},{"@type":"ListItem","position":4,"name":"BROWN MEDIUM TIPS"}]}]}},"_links":{"self":[{"href":"https:\/\/www.smokingpaper.com\/de\/wp-json\/wp\/v2\/product\/6435","targetHints":{"allow":["GET"]}}],"collection":[{"href":"https:\/\/www.smokingpaper.com\/de\/wp-json\/wp\/v2\/product"}],"about":[{"href":"https:\/\/www.smokingpaper.com\/de\/wp-json\/wp\/v2\/types\/product"}],"wp:featuredmedia":[{"embeddable":true,"href":"https:\/\/www.smokingpaper.com\/de\/wp-json\/wp\/v2\/media\/6731"}],"wp:attachment":[{"href":"https:\/\/www.smokingpaper.com\/de\/wp-json\/wp\/v2\/media?parent=6435"}],"wp:term":[{"taxonomy":"product_brand","embeddable":true,"href":"https:\/\/www.smokingpaper.com\/de\/wp-json\/wp\/v2\/product_brand?post=6435"},{"taxonomy":"product_cat","embeddable":true,"href":"https:\/\/www.smokingpaper.com\/de\/wp-json\/wp\/v2\/product_cat?post=6435"},{"taxonomy":"product_tag","embeddable":true,"href":"https:\/\/www.smokingpaper.com\/de\/wp-json\/wp\/v2\/product_tag?post=6435"}],"curies":[{"name":"wp","href":"https:\/\/api.w.org\/{rel}","templated":true}]}}