{"id":643,"date":"2021-12-02T14:27:05","date_gmt":"2021-12-02T13:27:05","guid":{"rendered":"http:\/\/new.smokingpaper.com\/?post_type=product&#038;p=643"},"modified":"2025-05-15T11:34:16","modified_gmt":"2025-05-15T09:34:16","slug":"metal-rolling-box-70","status":"publish","type":"product","link":"https:\/\/www.smokingpaper.com\/de\/metal-rolling-box-70\/","title":{"rendered":"Metal Rolling Box 70"},"content":{"rendered":"","protected":false},"excerpt":{"rendered":"<p>Willst du deine Zigaretten schnell und unkompliziert drehen? Dann hol dir die praktische Metal Rolling Box 70 von Smoking\u00ae \u2013 die perfekte Drehmaschine f\u00fcr REGULAR SIZE-Zigaretten mit 70 mm L\u00e4nge. Die hochwertige Metallverarbeitung sorgt nicht nur f\u00fcr Langlebigkeit, sondern verleiht der Box auch eine elegante Optik \u2013 abgerundet durch das markante Smoking\u00ae-Logo auf dem Deckel. Du willst wissen, wie sie funktioniert? Auf unserem YouTube-Kanal zeigen dir praktische Tutorials, wie du mit dieser Rolling Box schneller denn je drehst.<\/p>\n","protected":false},"featured_media":7876,"template":"","meta":{"_acf_changed":false,"inline_featured_image":false},"product_brand":[],"product_cat":[122],"product_tag":[],"class_list":{"0":"post-643","1":"product","2":"type-product","3":"status-publish","4":"has-post-thumbnail","6":"product_cat-zubehoer","8":"first","9":"instock","10":"shipping-taxable","11":"product-type-simple"},"acf":[],"yoast_head":"<!-- This site is optimized with the Yoast SEO plugin v26.2 - https:\/\/yoast.com\/wordpress\/plugins\/seo\/ -->\n<title>Metall-Rolling-Box 70 | Smoking Paper<\/title>\n<meta name=\"description\" content=\"Finden Sie die Metal Rolling Box 70, Raucherprodukte der besten Qualit\u00e4t beim Raucherpapier \u2705 zu Top-Preisen.\" \/>\n<meta name=\"robots\" content=\"index, follow, max-snippet:-1, max-image-preview:large, max-video-preview:-1\" \/>\n<link rel=\"canonical\" href=\"https:\/\/www.smokingpaper.com\/de\/metal-rolling-box-70\/\" \/>\n<meta property=\"og:locale\" content=\"de_DE\" \/>\n<meta property=\"og:type\" content=\"article\" \/>\n<meta property=\"og:title\" content=\"Metall-Rolling-Box 70 | Smoking Paper\" \/>\n<meta property=\"og:description\" content=\"Finden Sie die Metal Rolling Box 70, Raucherprodukte der besten Qualit\u00e4t beim Raucherpapier \u2705 zu Top-Preisen.\" \/>\n<meta property=\"og:url\" content=\"https:\/\/www.smokingpaper.com\/de\/metal-rolling-box-70\/\" \/>\n<meta property=\"og:site_name\" content=\"Smoking\" \/>\n<meta property=\"article:modified_time\" content=\"2025-05-15T09:34:16+00:00\" \/>\n<meta property=\"og:image\" content=\"https:\/\/www.smokingpaper.com\/wp-content\/uploads\/2021\/12\/ROLLING-BOX.png\" \/>\n\t<meta property=\"og:image:width\" content=\"667\" \/>\n\t<meta property=\"og:image:height\" content=\"525\" \/>\n\t<meta property=\"og:image:type\" content=\"image\/png\" \/>\n<meta name=\"twitter:card\" content=\"summary_large_image\" \/>\n<meta name=\"twitter:label1\" content=\"Gesch\u00e4tzte Lesezeit\" \/>\n\t<meta name=\"twitter:data1\" content=\"1\u00a0Minute\" \/>\n<!-- \/ Yoast SEO plugin. -->","yoast_head_json":{"title":"Metall-Rolling-Box 70 | Smoking Paper","description":"Finden Sie die Metal Rolling Box 70, Raucherprodukte der besten Qualit\u00e4t beim Raucherpapier \u2705 zu Top-Preisen.","robots":{"index":"index","follow":"follow","max-snippet":"max-snippet:-1","max-image-preview":"max-image-preview:large","max-video-preview":"max-video-preview:-1"},"canonical":"https:\/\/www.smokingpaper.com\/de\/metal-rolling-box-70\/","og_locale":"de_DE","og_type":"article","og_title":"Metall-Rolling-Box 70 | Smoking Paper","og_description":"Finden Sie die Metal Rolling Box 70, Raucherprodukte der besten Qualit\u00e4t beim Raucherpapier \u2705 zu Top-Preisen.","og_url":"https:\/\/www.smokingpaper.com\/de\/metal-rolling-box-70\/","og_site_name":"Smoking","article_modified_time":"2025-05-15T09:34:16+00:00","og_image":[{"width":667,"height":525,"url":"https:\/\/www.smokingpaper.com\/wp-content\/uploads\/2021\/12\/ROLLING-BOX.png","type":"image\/png"}],"twitter_card":"summary_large_image","twitter_misc":{"Gesch\u00e4tzte Lesezeit":"1\u00a0Minute"},"schema":{"@context":"https:\/\/schema.org","@graph":[{"@type":"BreadcrumbList","@id":"https:\/\/www.smokingpaper.com\/de\/metal-rolling-box-70\/#breadcrumb","itemListElement":[{"@type":"ListItem","position":1,"name":"Home","item":"https:\/\/www.smokingpaper.com\/de\/"},{"@type":"ListItem","position":2,"name":"Produkte","item":"https:\/\/www.smokingpaper.com\/de\/shop\/"},{"@type":"ListItem","position":3,"name":"Zubeh\u00f6er","item":"https:\/\/www.smokingpaper.com\/de\/produkte\/zubehoer\/"},{"@type":"ListItem","position":4,"name":"Metal Rolling Box 70"}]}]}},"_links":{"self":[{"href":"https:\/\/www.smokingpaper.com\/de\/wp-json\/wp\/v2\/product\/643","targetHints":{"allow":["GET"]}}],"collection":[{"href":"https:\/\/www.smokingpaper.com\/de\/wp-json\/wp\/v2\/product"}],"about":[{"href":"https:\/\/www.smokingpaper.com\/de\/wp-json\/wp\/v2\/types\/product"}],"wp:featuredmedia":[{"embeddable":true,"href":"https:\/\/www.smokingpaper.com\/de\/wp-json\/wp\/v2\/media\/7876"}],"wp:attachment":[{"href":"https:\/\/www.smokingpaper.com\/de\/wp-json\/wp\/v2\/media?parent=643"}],"wp:term":[{"taxonomy":"product_brand","embeddable":true,"href":"https:\/\/www.smokingpaper.com\/de\/wp-json\/wp\/v2\/product_brand?post=643"},{"taxonomy":"product_cat","embeddable":true,"href":"https:\/\/www.smokingpaper.com\/de\/wp-json\/wp\/v2\/product_cat?post=643"},{"taxonomy":"product_tag","embeddable":true,"href":"https:\/\/www.smokingpaper.com\/de\/wp-json\/wp\/v2\/product_tag?post=643"}],"curies":[{"name":"wp","href":"https:\/\/api.w.org\/{rel}","templated":true}]}}