{"id":640,"date":"2021-12-02T14:20:24","date_gmt":"2021-12-02T13:20:24","guid":{"rendered":"http:\/\/new.smokingpaper.com\/product\/luxury-brown-king-size\/"},"modified":"2023-12-18T17:46:08","modified_gmt":"2023-12-18T16:46:08","slug":"luxury-brown-king-size","status":"publish","type":"product","link":"https:\/\/www.smokingpaper.com\/de\/luxury-brown-king-size\/","title":{"rendered":"Luxury Pack Brown King Size"},"content":{"rendered":"","protected":false},"excerpt":{"rendered":"<p>Das Luxury-Sortiment bietet mit den King Size Rolling Papers genau das Richtige f\u00fcr Deine Zigaretten. Das Luxury Pack Brown King Size enth\u00e4lt 33 Bl\u00e4ttchen pro Heft, damit Du stets das N\u00f6tige dabeihast. Ein extra gro\u00dfes Bl\u00e4ttchenformat von 108 x 44 mm und hauchd\u00fcnnes 13 g\/m2-Papier sorgen f\u00fcr ein optimales Erlebnis. Dieses Pack enth\u00e4lt au\u00dferdem 33 kegelf\u00f6rmige Papptips. Sowohl die Tips als auch das Papier sind ungebleicht, also frei von Farb- und anderen Zusatzstoffen.<\/p>\n","protected":false},"featured_media":1029,"template":"","meta":{"_acf_changed":false,"inline_featured_image":false},"product_brand":[],"product_cat":[112,111],"product_tag":[],"class_list":{"0":"post-640","1":"product","2":"type-product","3":"status-publish","4":"has-post-thumbnail","6":"product_cat-blattchen","7":"product_cat-kingsize","9":"first","10":"instock","11":"shipping-taxable","12":"product-type-simple"},"acf":[],"yoast_head":"<!-- This site is optimized with the Yoast SEO plugin v26.2 - https:\/\/yoast.com\/wordpress\/plugins\/seo\/ -->\n<title>\u25b7 Bl\u00e4ttchen King Size Luxury Brown | Smoking Paper<\/title>\n<meta name=\"description\" content=\"Erleben Sie die braunen Luxus-King-Size, Rauchen Produkte von h\u00f6chster Qualit\u00e4t in Rolling Papers \u2705. Ein einzigartiges und anderes Papier mit jedem Zug!\" \/>\n<meta name=\"robots\" content=\"index, follow, max-snippet:-1, max-image-preview:large, max-video-preview:-1\" \/>\n<link rel=\"canonical\" href=\"https:\/\/www.smokingpaper.com\/de\/luxury-brown-king-size\/\" \/>\n<meta property=\"og:locale\" content=\"de_DE\" \/>\n<meta property=\"og:type\" content=\"article\" \/>\n<meta property=\"og:title\" content=\"\u25b7 Bl\u00e4ttchen King Size Luxury Brown | Smoking Paper\" \/>\n<meta property=\"og:description\" content=\"Erleben Sie die braunen Luxus-King-Size, Rauchen Produkte von h\u00f6chster Qualit\u00e4t in Rolling Papers \u2705. Ein einzigartiges und anderes Papier mit jedem Zug!\" \/>\n<meta property=\"og:url\" content=\"https:\/\/www.smokingpaper.com\/de\/luxury-brown-king-size\/\" \/>\n<meta property=\"og:site_name\" content=\"Smoking\" \/>\n<meta property=\"article:modified_time\" content=\"2023-12-18T16:46:08+00:00\" \/>\n<meta property=\"og:image\" content=\"https:\/\/www.smokingpaper.com\/wp-content\/uploads\/2021\/12\/luxury_brown-removebg-preview.png\" \/>\n\t<meta property=\"og:image:width\" content=\"667\" \/>\n\t<meta property=\"og:image:height\" content=\"374\" \/>\n\t<meta property=\"og:image:type\" content=\"image\/png\" \/>\n<meta name=\"twitter:card\" content=\"summary_large_image\" \/>\n<meta name=\"twitter:label1\" content=\"Gesch\u00e4tzte Lesezeit\" \/>\n\t<meta name=\"twitter:data1\" content=\"1\u00a0Minute\" \/>\n<!-- \/ Yoast SEO plugin. -->","yoast_head_json":{"title":"\u25b7 Bl\u00e4ttchen King Size Luxury Brown | Smoking Paper","description":"Erleben Sie die braunen Luxus-King-Size, Rauchen Produkte von h\u00f6chster Qualit\u00e4t in Rolling Papers \u2705. Ein einzigartiges und anderes Papier mit jedem Zug!","robots":{"index":"index","follow":"follow","max-snippet":"max-snippet:-1","max-image-preview":"max-image-preview:large","max-video-preview":"max-video-preview:-1"},"canonical":"https:\/\/www.smokingpaper.com\/de\/luxury-brown-king-size\/","og_locale":"de_DE","og_type":"article","og_title":"\u25b7 Bl\u00e4ttchen King Size Luxury Brown | Smoking Paper","og_description":"Erleben Sie die braunen Luxus-King-Size, Rauchen Produkte von h\u00f6chster Qualit\u00e4t in Rolling Papers \u2705. Ein einzigartiges und anderes Papier mit jedem Zug!","og_url":"https:\/\/www.smokingpaper.com\/de\/luxury-brown-king-size\/","og_site_name":"Smoking","article_modified_time":"2023-12-18T16:46:08+00:00","og_image":[{"width":667,"height":374,"url":"https:\/\/www.smokingpaper.com\/wp-content\/uploads\/2021\/12\/luxury_brown-removebg-preview.png","type":"image\/png"}],"twitter_card":"summary_large_image","twitter_misc":{"Gesch\u00e4tzte Lesezeit":"1\u00a0Minute"},"schema":{"@context":"https:\/\/schema.org","@graph":[{"@type":"BreadcrumbList","@id":"https:\/\/www.smokingpaper.com\/de\/luxury-brown-king-size\/#breadcrumb","itemListElement":[{"@type":"ListItem","position":1,"name":"Home","item":"https:\/\/www.smokingpaper.com\/de\/"},{"@type":"ListItem","position":2,"name":"Produkte","item":"https:\/\/www.smokingpaper.com\/de\/shop\/"},{"@type":"ListItem","position":3,"name":"ZIGARETTENPAPIER","item":"https:\/\/www.smokingpaper.com\/de\/produkte\/blattchen\/"},{"@type":"ListItem","position":4,"name":"Luxury Pack Brown King Size"}]}]}},"_links":{"self":[{"href":"https:\/\/www.smokingpaper.com\/de\/wp-json\/wp\/v2\/product\/640","targetHints":{"allow":["GET"]}}],"collection":[{"href":"https:\/\/www.smokingpaper.com\/de\/wp-json\/wp\/v2\/product"}],"about":[{"href":"https:\/\/www.smokingpaper.com\/de\/wp-json\/wp\/v2\/types\/product"}],"wp:featuredmedia":[{"embeddable":true,"href":"https:\/\/www.smokingpaper.com\/de\/wp-json\/wp\/v2\/media\/1029"}],"wp:attachment":[{"href":"https:\/\/www.smokingpaper.com\/de\/wp-json\/wp\/v2\/media?parent=640"}],"wp:term":[{"taxonomy":"product_brand","embeddable":true,"href":"https:\/\/www.smokingpaper.com\/de\/wp-json\/wp\/v2\/product_brand?post=640"},{"taxonomy":"product_cat","embeddable":true,"href":"https:\/\/www.smokingpaper.com\/de\/wp-json\/wp\/v2\/product_cat?post=640"},{"taxonomy":"product_tag","embeddable":true,"href":"https:\/\/www.smokingpaper.com\/de\/wp-json\/wp\/v2\/product_tag?post=640"}],"curies":[{"name":"wp","href":"https:\/\/api.w.org\/{rel}","templated":true}]}}