{"id":628,"date":"2021-12-02T14:20:07","date_gmt":"2021-12-02T13:20:07","guid":{"rendered":"http:\/\/new.smokingpaper.com\/?post_type=product&#038;p=628"},"modified":"2025-05-15T11:36:26","modified_gmt":"2025-05-15T09:36:26","slug":"metal-rolling-machine-110","status":"publish","type":"product","link":"https:\/\/www.smokingpaper.com\/de\/metal-rolling-machine-110\/","title":{"rendered":"Metal Rolling Machine 110"},"content":{"rendered":"","protected":false},"excerpt":{"rendered":"<p>Die Metal Rolling Machine 110 ist dein zuverl\u00e4ssiger Begleiter f\u00fcr perfekt gedrehte King Size-Zigaretten mit einer L\u00e4nge von 110 mm. Dank des robusten Metallgeh\u00e4uses ist sie besonders langlebig und h\u00e4lt auch h\u00e4ufiger Nutzung problemlos stand. Die Handhabung ist denkbar einfach \u2013 und wenn du deine Technik noch weiter verbessern willst, findest du auf unserem YouTube-Kanal hilfreiche Tutorials f\u00fcr ein noch besseres Ergebnis.<\/p>\n","protected":false},"featured_media":7873,"template":"","meta":{"_acf_changed":false,"inline_featured_image":false},"product_brand":[],"product_cat":[122],"product_tag":[],"class_list":{"0":"post-628","1":"product","2":"type-product","3":"status-publish","4":"has-post-thumbnail","6":"product_cat-zubehoer","8":"first","9":"instock","10":"shipping-taxable","11":"product-type-simple"},"acf":[],"yoast_head":"<!-- This site is optimized with the Yoast SEO plugin v26.2 - https:\/\/yoast.com\/wordpress\/plugins\/seo\/ -->\n<title>Metallwalzmaschine 110 | Smoking Paper<\/title>\n<meta name=\"description\" content=\"Finden Sie die Metal Rolling Machine 110 , die Raucherprodukte der besten Qualit\u00e4t beim Raucherpapier \u2705 zu Top-Preisen.\" \/>\n<meta name=\"robots\" content=\"index, follow, max-snippet:-1, max-image-preview:large, max-video-preview:-1\" \/>\n<link rel=\"canonical\" href=\"https:\/\/www.smokingpaper.com\/de\/metal-rolling-machine-110\/\" \/>\n<meta property=\"og:locale\" content=\"de_DE\" \/>\n<meta property=\"og:type\" content=\"article\" \/>\n<meta property=\"og:title\" content=\"Metallwalzmaschine 110 | Smoking Paper\" \/>\n<meta property=\"og:description\" content=\"Finden Sie die Metal Rolling Machine 110 , die Raucherprodukte der besten Qualit\u00e4t beim Raucherpapier \u2705 zu Top-Preisen.\" \/>\n<meta property=\"og:url\" content=\"https:\/\/www.smokingpaper.com\/de\/metal-rolling-machine-110\/\" \/>\n<meta property=\"og:site_name\" content=\"Smoking\" \/>\n<meta property=\"article:modified_time\" content=\"2025-05-15T09:36:26+00:00\" \/>\n<meta property=\"og:image\" content=\"https:\/\/www.smokingpaper.com\/wp-content\/uploads\/2021\/12\/RollingMachine110mmROJO.png\" \/>\n\t<meta property=\"og:image:width\" content=\"667\" \/>\n\t<meta property=\"og:image:height\" content=\"343\" \/>\n\t<meta property=\"og:image:type\" content=\"image\/png\" \/>\n<meta name=\"twitter:card\" content=\"summary_large_image\" \/>\n<meta name=\"twitter:label1\" content=\"Gesch\u00e4tzte Lesezeit\" \/>\n\t<meta name=\"twitter:data1\" content=\"1\u00a0Minute\" \/>\n<!-- \/ Yoast SEO plugin. -->","yoast_head_json":{"title":"Metallwalzmaschine 110 | Smoking Paper","description":"Finden Sie die Metal Rolling Machine 110 , die Raucherprodukte der besten Qualit\u00e4t beim Raucherpapier \u2705 zu Top-Preisen.","robots":{"index":"index","follow":"follow","max-snippet":"max-snippet:-1","max-image-preview":"max-image-preview:large","max-video-preview":"max-video-preview:-1"},"canonical":"https:\/\/www.smokingpaper.com\/de\/metal-rolling-machine-110\/","og_locale":"de_DE","og_type":"article","og_title":"Metallwalzmaschine 110 | Smoking Paper","og_description":"Finden Sie die Metal Rolling Machine 110 , die Raucherprodukte der besten Qualit\u00e4t beim Raucherpapier \u2705 zu Top-Preisen.","og_url":"https:\/\/www.smokingpaper.com\/de\/metal-rolling-machine-110\/","og_site_name":"Smoking","article_modified_time":"2025-05-15T09:36:26+00:00","og_image":[{"width":667,"height":343,"url":"https:\/\/www.smokingpaper.com\/wp-content\/uploads\/2021\/12\/RollingMachine110mmROJO.png","type":"image\/png"}],"twitter_card":"summary_large_image","twitter_misc":{"Gesch\u00e4tzte Lesezeit":"1\u00a0Minute"},"schema":{"@context":"https:\/\/schema.org","@graph":[{"@type":"BreadcrumbList","@id":"https:\/\/www.smokingpaper.com\/de\/metal-rolling-machine-110\/#breadcrumb","itemListElement":[{"@type":"ListItem","position":1,"name":"Home","item":"https:\/\/www.smokingpaper.com\/de\/"},{"@type":"ListItem","position":2,"name":"Produkte","item":"https:\/\/www.smokingpaper.com\/de\/shop\/"},{"@type":"ListItem","position":3,"name":"Zubeh\u00f6er","item":"https:\/\/www.smokingpaper.com\/de\/produkte\/zubehoer\/"},{"@type":"ListItem","position":4,"name":"Metal Rolling Machine 110"}]}]}},"_links":{"self":[{"href":"https:\/\/www.smokingpaper.com\/de\/wp-json\/wp\/v2\/product\/628","targetHints":{"allow":["GET"]}}],"collection":[{"href":"https:\/\/www.smokingpaper.com\/de\/wp-json\/wp\/v2\/product"}],"about":[{"href":"https:\/\/www.smokingpaper.com\/de\/wp-json\/wp\/v2\/types\/product"}],"wp:featuredmedia":[{"embeddable":true,"href":"https:\/\/www.smokingpaper.com\/de\/wp-json\/wp\/v2\/media\/7873"}],"wp:attachment":[{"href":"https:\/\/www.smokingpaper.com\/de\/wp-json\/wp\/v2\/media?parent=628"}],"wp:term":[{"taxonomy":"product_brand","embeddable":true,"href":"https:\/\/www.smokingpaper.com\/de\/wp-json\/wp\/v2\/product_brand?post=628"},{"taxonomy":"product_cat","embeddable":true,"href":"https:\/\/www.smokingpaper.com\/de\/wp-json\/wp\/v2\/product_cat?post=628"},{"taxonomy":"product_tag","embeddable":true,"href":"https:\/\/www.smokingpaper.com\/de\/wp-json\/wp\/v2\/product_tag?post=628"}],"curies":[{"name":"wp","href":"https:\/\/api.w.org\/{rel}","templated":true}]}}