{"id":6038,"date":"2022-12-22T17:25:51","date_gmt":"2022-12-22T16:28:27","guid":{"rendered":"https:\/\/www.smokingpaper.com\/?post_type=product&#038;p=6038"},"modified":"2025-06-12T10:48:03","modified_gmt":"2025-06-12T08:48:03","slug":"aschenbecher-surf","status":"publish","type":"product","link":"https:\/\/www.smokingpaper.com\/de\/aschenbecher-surf\/","title":{"rendered":"Aschenbecher Surf"},"content":{"rendered":"","protected":false},"excerpt":{"rendered":"<p>F\u00fcr echte Surfer: der <strong>Aschenbecher \u201eSurf\u201c<\/strong>. Du liebst das Wellenreiten, das Meeresrauschen und das Gef\u00fchl, st\u00e4ndig in Bewegung zu sein? Dann ist unser Surf-Aschenbecher wie f\u00fcr dich gemacht. Mit seinem sommerlichen Design bringt er den Surfer-Vibe direkt zu dir nach Hause \u2013 oder wohin auch immer du ihn mitnimmst.<\/p>\n<p>Vergiss beim n\u00e4chsten Ausflug nicht dein Surfbrett, dein Zigarettenpapier und diesen einzigartigen Surf-Aschenbecher \u2013 das perfekte Trio f\u00fcr entspannte Sessions am Wasser.<\/p>\n<p><strong>Warum du ihn lieben wirst:<\/strong><\/p>\n<p>Weil er nicht nur praktisch und robust ist, sondern auch mit seinem blauen Design mit Strand- und Palmenmotiv sofort Urlaubsgef\u00fchle weckt. Dank der drei Einkerbungen kannst du ihn easy mit Freunden teilen \u2013 ideal f\u00fcr entspannte Pausen zwischen zwei Wellen.<\/p>\n","protected":false},"featured_media":6040,"template":"","meta":{"_acf_changed":false,"inline_featured_image":false},"product_brand":[],"product_cat":[786],"product_tag":[],"class_list":{"0":"post-6038","1":"product","2":"type-product","3":"status-publish","4":"has-post-thumbnail","6":"product_cat-aschenbecher","8":"first","9":"instock","10":"shipping-taxable","11":"product-type-simple"},"acf":[],"yoast_head":"<!-- This site is optimized with the Yoast SEO plugin v26.2 - https:\/\/yoast.com\/wordpress\/plugins\/seo\/ -->\n<title>Aschenbecher Surf | Smoking Paper<\/title>\n<meta name=\"description\" content=\"Entdecken Sie unseren Surf Aschenbecher und kaufen Sie Aschenbecher der Marke Smoking! Einzigartige und lustige Aschenbecher\" \/>\n<meta name=\"robots\" content=\"index, follow, max-snippet:-1, max-image-preview:large, max-video-preview:-1\" \/>\n<link rel=\"canonical\" href=\"https:\/\/www.smokingpaper.com\/de\/aschenbecher-surf\/\" \/>\n<meta property=\"og:locale\" content=\"de_DE\" \/>\n<meta property=\"og:type\" content=\"article\" \/>\n<meta property=\"og:title\" content=\"Aschenbecher Surf | Smoking Paper\" \/>\n<meta property=\"og:description\" content=\"Entdecken Sie unseren Surf Aschenbecher und kaufen Sie Aschenbecher der Marke Smoking! Einzigartige und lustige Aschenbecher\" \/>\n<meta property=\"og:url\" content=\"https:\/\/www.smokingpaper.com\/de\/aschenbecher-surf\/\" \/>\n<meta property=\"og:site_name\" content=\"Smoking\" \/>\n<meta property=\"article:modified_time\" content=\"2025-06-12T08:48:03+00:00\" \/>\n<meta property=\"og:image\" content=\"https:\/\/www.smokingpaper.com\/wp-content\/uploads\/2022\/12\/cenicero-surf-1.jpg\" \/>\n\t<meta property=\"og:image:width\" content=\"683\" \/>\n\t<meta property=\"og:image:height\" content=\"1024\" \/>\n\t<meta property=\"og:image:type\" content=\"image\/jpeg\" \/>\n<meta name=\"twitter:card\" content=\"summary_large_image\" \/>\n<!-- \/ Yoast SEO plugin. -->","yoast_head_json":{"title":"Aschenbecher Surf | Smoking Paper","description":"Entdecken Sie unseren Surf Aschenbecher und kaufen Sie Aschenbecher der Marke Smoking! Einzigartige und lustige Aschenbecher","robots":{"index":"index","follow":"follow","max-snippet":"max-snippet:-1","max-image-preview":"max-image-preview:large","max-video-preview":"max-video-preview:-1"},"canonical":"https:\/\/www.smokingpaper.com\/de\/aschenbecher-surf\/","og_locale":"de_DE","og_type":"article","og_title":"Aschenbecher Surf | Smoking Paper","og_description":"Entdecken Sie unseren Surf Aschenbecher und kaufen Sie Aschenbecher der Marke Smoking! Einzigartige und lustige Aschenbecher","og_url":"https:\/\/www.smokingpaper.com\/de\/aschenbecher-surf\/","og_site_name":"Smoking","article_modified_time":"2025-06-12T08:48:03+00:00","og_image":[{"width":683,"height":1024,"url":"https:\/\/www.smokingpaper.com\/wp-content\/uploads\/2022\/12\/cenicero-surf-1.jpg","type":"image\/jpeg"}],"twitter_card":"summary_large_image","schema":{"@context":"https:\/\/schema.org","@graph":[{"@type":"BreadcrumbList","@id":"https:\/\/www.smokingpaper.com\/de\/aschenbecher-surf\/#breadcrumb","itemListElement":[{"@type":"ListItem","position":1,"name":"Home","item":"https:\/\/www.smokingpaper.com\/de\/"},{"@type":"ListItem","position":2,"name":"Produkte","item":"https:\/\/www.smokingpaper.com\/de\/shop\/"},{"@type":"ListItem","position":3,"name":"Aschenbecher","item":"https:\/\/www.smokingpaper.com\/de\/produkte\/aschenbecher\/"},{"@type":"ListItem","position":4,"name":"Aschenbecher Surf"}]}]}},"_links":{"self":[{"href":"https:\/\/www.smokingpaper.com\/de\/wp-json\/wp\/v2\/product\/6038","targetHints":{"allow":["GET"]}}],"collection":[{"href":"https:\/\/www.smokingpaper.com\/de\/wp-json\/wp\/v2\/product"}],"about":[{"href":"https:\/\/www.smokingpaper.com\/de\/wp-json\/wp\/v2\/types\/product"}],"wp:featuredmedia":[{"embeddable":true,"href":"https:\/\/www.smokingpaper.com\/de\/wp-json\/wp\/v2\/media\/6040"}],"wp:attachment":[{"href":"https:\/\/www.smokingpaper.com\/de\/wp-json\/wp\/v2\/media?parent=6038"}],"wp:term":[{"taxonomy":"product_brand","embeddable":true,"href":"https:\/\/www.smokingpaper.com\/de\/wp-json\/wp\/v2\/product_brand?post=6038"},{"taxonomy":"product_cat","embeddable":true,"href":"https:\/\/www.smokingpaper.com\/de\/wp-json\/wp\/v2\/product_cat?post=6038"},{"taxonomy":"product_tag","embeddable":true,"href":"https:\/\/www.smokingpaper.com\/de\/wp-json\/wp\/v2\/product_tag?post=6038"}],"curies":[{"name":"wp","href":"https:\/\/api.w.org\/{rel}","templated":true}]}}