{"id":6032,"date":"2022-12-22T17:21:30","date_gmt":"2022-12-22T16:21:30","guid":{"rendered":"https:\/\/www.smokingpaper.com\/?post_type=product&#038;p=6032"},"modified":"2025-06-12T10:47:47","modified_gmt":"2025-06-12T08:47:47","slug":"aschenbecher-skater","status":"publish","type":"product","link":"https:\/\/www.smokingpaper.com\/de\/aschenbecher-skater\/","title":{"rendered":"Aschenbecher Skater"},"content":{"rendered":"<p>Skater aufgepasst \u2013 euer Aschenbecher ist da! Mit dem <strong>Skater-Aschenbecher<\/strong> von Smoking Paper bringst du deine Leidenschaft f\u00fcr Skateboarding stilvoll zum Ausdruck. Wenn dein Herz f\u00fcr Tricks, Rampen und Rollen schl\u00e4gt, ist dieser Aschenbecher wie f\u00fcr dich gemacht.<\/p>\n<p>Sein Look? Schlicht in Wei\u00df mit einem Durchmesser von 20 cm \u2013 aber auf der Unterseite wartet ein cooles <strong>Skateboard-Design<\/strong>, das dich bei jedem Zug an dein n\u00e4chstes Abenteuer erinnert. Fast so, als h\u00e4ttest du ihn selbst entworfen.<\/p>\n<p><strong>Warum du ihn lieben wirst:<\/strong><\/p>\n<p>Weil er nicht nur mit seinem stylischen Design punktet, sondern auch robust, leicht zu reinigen und ideal f\u00fcr entspannte Runden mit deinen Freunden ist. Drei praktische Einkerbungen sorgen daf\u00fcr, dass du nie allein rauchen musst \u2013 ganz im Sinne der Skate-Community: teilen, chillen, rollen.<\/p>\n","protected":false},"excerpt":{"rendered":"<p>Skater aufgepasst \u2013 euer Aschenbecher ist da! Mit dem <strong>Skater-Aschenbecher<\/strong> von Smoking Paper bringst du deine Leidenschaft f\u00fcr Skateboarding stilvoll zum Ausdruck. Wenn dein Herz f\u00fcr Tricks, Rampen und Rollen schl\u00e4gt, ist dieser Aschenbecher wie f\u00fcr dich gemacht.<\/p>\n<p>Sein Look? Schlicht in Wei\u00df mit einem Durchmesser von 20 cm \u2013 aber auf der Unterseite wartet ein cooles <strong>Skateboard-Design<\/strong>, das dich bei jedem Zug an dein n\u00e4chstes Abenteuer erinnert. Fast so, als h\u00e4ttest du ihn selbst entworfen.<\/p>\n<p><strong>Warum du ihn lieben wirst:<\/strong><\/p>\n<p>Weil er nicht nur mit seinem stylischen Design punktet, sondern auch robust, leicht zu reinigen und ideal f\u00fcr entspannte Runden mit deinen Freunden ist. Drei praktische Einkerbungen sorgen daf\u00fcr, dass du nie allein rauchen musst \u2013 ganz im Sinne der Skate-Community: teilen, chillen, rollen.<\/p>\n","protected":false},"featured_media":6050,"template":"","meta":{"_acf_changed":false,"inline_featured_image":false},"product_brand":[],"product_cat":[786],"product_tag":[],"class_list":{"0":"post-6032","1":"product","2":"type-product","3":"status-publish","4":"has-post-thumbnail","6":"product_cat-aschenbecher","8":"first","9":"instock","10":"shipping-taxable","11":"product-type-simple"},"acf":[],"yoast_head":"<!-- This site is optimized with the Yoast SEO plugin v26.2 - https:\/\/yoast.com\/wordpress\/plugins\/seo\/ -->\n<title>Aschenbecher Skater | Smoking Paper<\/title>\n<meta name=\"description\" content=\"Entdecken Sie den neuen Aschenbecher mit einem einzigartigen Design, White \u201eSkater\u201c. Hergestellt aus Stahl, siehe unseren Katalog f\u00fcr weitere Informationen!\" \/>\n<meta name=\"robots\" content=\"index, follow, max-snippet:-1, max-image-preview:large, max-video-preview:-1\" \/>\n<link rel=\"canonical\" href=\"https:\/\/www.smokingpaper.com\/de\/aschenbecher-skater\/\" \/>\n<meta property=\"og:locale\" content=\"de_DE\" \/>\n<meta property=\"og:type\" content=\"article\" \/>\n<meta property=\"og:title\" content=\"Aschenbecher Skater | Smoking Paper\" \/>\n<meta property=\"og:description\" content=\"Entdecken Sie den neuen Aschenbecher mit einem einzigartigen Design, White \u201eSkater\u201c. Hergestellt aus Stahl, siehe unseren Katalog f\u00fcr weitere Informationen!\" \/>\n<meta property=\"og:url\" content=\"https:\/\/www.smokingpaper.com\/de\/aschenbecher-skater\/\" \/>\n<meta property=\"og:site_name\" content=\"Smoking\" \/>\n<meta property=\"article:modified_time\" content=\"2025-06-12T08:47:47+00:00\" \/>\n<meta property=\"og:image\" content=\"https:\/\/www.smokingpaper.com\/wp-content\/uploads\/2022\/12\/cenicero-skate.jpg\" \/>\n\t<meta property=\"og:image:width\" content=\"683\" \/>\n\t<meta property=\"og:image:height\" content=\"1024\" \/>\n\t<meta property=\"og:image:type\" content=\"image\/jpeg\" \/>\n<meta name=\"twitter:card\" content=\"summary_large_image\" \/>\n<meta name=\"twitter:label1\" content=\"Gesch\u00e4tzte Lesezeit\" \/>\n\t<meta name=\"twitter:data1\" content=\"1\u00a0Minute\" \/>\n<!-- \/ Yoast SEO plugin. -->","yoast_head_json":{"title":"Aschenbecher Skater | Smoking Paper","description":"Entdecken Sie den neuen Aschenbecher mit einem einzigartigen Design, White \u201eSkater\u201c. Hergestellt aus Stahl, siehe unseren Katalog f\u00fcr weitere Informationen!","robots":{"index":"index","follow":"follow","max-snippet":"max-snippet:-1","max-image-preview":"max-image-preview:large","max-video-preview":"max-video-preview:-1"},"canonical":"https:\/\/www.smokingpaper.com\/de\/aschenbecher-skater\/","og_locale":"de_DE","og_type":"article","og_title":"Aschenbecher Skater | Smoking Paper","og_description":"Entdecken Sie den neuen Aschenbecher mit einem einzigartigen Design, White \u201eSkater\u201c. Hergestellt aus Stahl, siehe unseren Katalog f\u00fcr weitere Informationen!","og_url":"https:\/\/www.smokingpaper.com\/de\/aschenbecher-skater\/","og_site_name":"Smoking","article_modified_time":"2025-06-12T08:47:47+00:00","og_image":[{"width":683,"height":1024,"url":"https:\/\/www.smokingpaper.com\/wp-content\/uploads\/2022\/12\/cenicero-skate.jpg","type":"image\/jpeg"}],"twitter_card":"summary_large_image","twitter_misc":{"Gesch\u00e4tzte Lesezeit":"1\u00a0Minute"},"schema":{"@context":"https:\/\/schema.org","@graph":[{"@type":"BreadcrumbList","@id":"https:\/\/www.smokingpaper.com\/de\/aschenbecher-skater\/#breadcrumb","itemListElement":[{"@type":"ListItem","position":1,"name":"Home","item":"https:\/\/www.smokingpaper.com\/de\/"},{"@type":"ListItem","position":2,"name":"Produkte","item":"https:\/\/www.smokingpaper.com\/de\/shop\/"},{"@type":"ListItem","position":3,"name":"Aschenbecher","item":"https:\/\/www.smokingpaper.com\/de\/produkte\/aschenbecher\/"},{"@type":"ListItem","position":4,"name":"Aschenbecher Skater"}]}]}},"_links":{"self":[{"href":"https:\/\/www.smokingpaper.com\/de\/wp-json\/wp\/v2\/product\/6032","targetHints":{"allow":["GET"]}}],"collection":[{"href":"https:\/\/www.smokingpaper.com\/de\/wp-json\/wp\/v2\/product"}],"about":[{"href":"https:\/\/www.smokingpaper.com\/de\/wp-json\/wp\/v2\/types\/product"}],"wp:featuredmedia":[{"embeddable":true,"href":"https:\/\/www.smokingpaper.com\/de\/wp-json\/wp\/v2\/media\/6050"}],"wp:attachment":[{"href":"https:\/\/www.smokingpaper.com\/de\/wp-json\/wp\/v2\/media?parent=6032"}],"wp:term":[{"taxonomy":"product_brand","embeddable":true,"href":"https:\/\/www.smokingpaper.com\/de\/wp-json\/wp\/v2\/product_brand?post=6032"},{"taxonomy":"product_cat","embeddable":true,"href":"https:\/\/www.smokingpaper.com\/de\/wp-json\/wp\/v2\/product_cat?post=6032"},{"taxonomy":"product_tag","embeddable":true,"href":"https:\/\/www.smokingpaper.com\/de\/wp-json\/wp\/v2\/product_tag?post=6032"}],"curies":[{"name":"wp","href":"https:\/\/api.w.org\/{rel}","templated":true}]}}