{"id":597,"date":"2021-12-02T13:56:11","date_gmt":"2021-12-02T12:56:11","guid":{"rendered":"http:\/\/new.smokingpaper.com\/?post_type=product&#038;p=597"},"modified":"2025-06-11T17:05:59","modified_gmt":"2025-06-11T15:05:59","slug":"standard-filling-machine-110","status":"publish","type":"product","link":"https:\/\/www.smokingpaper.com\/de\/standard-filling-machine-110\/","title":{"rendered":"STANDARD FILLING MACHINE 110"},"content":{"rendered":"","protected":false},"excerpt":{"rendered":"<p>Entdecke die Standard Filling Machine 110 und drehe deine Zigaretten im Handumdrehen! Mit einer L\u00e4nge von 110 mm und einem Durchmesser von 8 mm ist sie die ideale Drehmaschine f\u00fcr KING SIZE-Zigaretten. Die spezielle Methacrylat-Oberfl\u00e4che sorgt f\u00fcr eine angenehme Haptik und hohe Widerstandsf\u00e4higkeit. Auf unserem YouTube-Kanal findest du ein Tutorial, das dir zeigt, wie du deine KING SIZE-Zigaretten mit dieser Maschine perfekt drehst.<\/p>\n","protected":false},"featured_media":732,"template":"","meta":{"_acf_changed":false,"inline_featured_image":false},"product_brand":[],"product_cat":[122],"product_tag":[],"class_list":{"0":"post-597","1":"product","2":"type-product","3":"status-publish","4":"has-post-thumbnail","6":"product_cat-zubehoer","8":"first","9":"instock","10":"shipping-taxable","11":"product-type-simple"},"acf":[],"yoast_head":"<!-- This site is optimized with the Yoast SEO plugin v26.2 - https:\/\/yoast.com\/wordpress\/plugins\/seo\/ -->\n<title>Standard-F\u00fcllmaschine | Smoking Paper<\/title>\n<meta name=\"description\" content=\"Finden Sie die Standard-F\u00fcllmaschine, die Raucherprodukte der besten Qualit\u00e4t beim Raucherpapier \u2705 zu Top-Preisen.\" \/>\n<meta name=\"robots\" content=\"index, follow, max-snippet:-1, max-image-preview:large, max-video-preview:-1\" \/>\n<link rel=\"canonical\" href=\"https:\/\/www.smokingpaper.com\/de\/standard-filling-machine-110\/\" \/>\n<meta property=\"og:locale\" content=\"de_DE\" \/>\n<meta property=\"og:type\" content=\"article\" \/>\n<meta property=\"og:title\" content=\"Standard-F\u00fcllmaschine | Smoking Paper\" \/>\n<meta property=\"og:description\" content=\"Finden Sie die Standard-F\u00fcllmaschine, die Raucherprodukte der besten Qualit\u00e4t beim Raucherpapier \u2705 zu Top-Preisen.\" \/>\n<meta property=\"og:url\" content=\"https:\/\/www.smokingpaper.com\/de\/standard-filling-machine-110\/\" \/>\n<meta property=\"og:site_name\" content=\"Smoking\" \/>\n<meta property=\"article:modified_time\" content=\"2025-06-11T15:05:59+00:00\" \/>\n<meta property=\"og:image\" content=\"https:\/\/www.smokingpaper.com\/wp-content\/uploads\/2021\/12\/standard_filling_machine-removebg-preview_optimized.png\" \/>\n\t<meta property=\"og:image:width\" content=\"667\" \/>\n\t<meta property=\"og:image:height\" content=\"374\" \/>\n\t<meta property=\"og:image:type\" content=\"image\/png\" \/>\n<meta name=\"twitter:card\" content=\"summary_large_image\" \/>\n<meta name=\"twitter:label1\" content=\"Gesch\u00e4tzte Lesezeit\" \/>\n\t<meta name=\"twitter:data1\" content=\"1\u00a0Minute\" \/>\n<!-- \/ Yoast SEO plugin. -->","yoast_head_json":{"title":"Standard-F\u00fcllmaschine | Smoking Paper","description":"Finden Sie die Standard-F\u00fcllmaschine, die Raucherprodukte der besten Qualit\u00e4t beim Raucherpapier \u2705 zu Top-Preisen.","robots":{"index":"index","follow":"follow","max-snippet":"max-snippet:-1","max-image-preview":"max-image-preview:large","max-video-preview":"max-video-preview:-1"},"canonical":"https:\/\/www.smokingpaper.com\/de\/standard-filling-machine-110\/","og_locale":"de_DE","og_type":"article","og_title":"Standard-F\u00fcllmaschine | Smoking Paper","og_description":"Finden Sie die Standard-F\u00fcllmaschine, die Raucherprodukte der besten Qualit\u00e4t beim Raucherpapier \u2705 zu Top-Preisen.","og_url":"https:\/\/www.smokingpaper.com\/de\/standard-filling-machine-110\/","og_site_name":"Smoking","article_modified_time":"2025-06-11T15:05:59+00:00","og_image":[{"width":667,"height":374,"url":"https:\/\/www.smokingpaper.com\/wp-content\/uploads\/2021\/12\/standard_filling_machine-removebg-preview_optimized.png","type":"image\/png"}],"twitter_card":"summary_large_image","twitter_misc":{"Gesch\u00e4tzte Lesezeit":"1\u00a0Minute"},"schema":{"@context":"https:\/\/schema.org","@graph":[{"@type":"BreadcrumbList","@id":"https:\/\/www.smokingpaper.com\/de\/standard-filling-machine-110\/#breadcrumb","itemListElement":[{"@type":"ListItem","position":1,"name":"Home","item":"https:\/\/www.smokingpaper.com\/de\/"},{"@type":"ListItem","position":2,"name":"Produkte","item":"https:\/\/www.smokingpaper.com\/de\/shop\/"},{"@type":"ListItem","position":3,"name":"Zubeh\u00f6er","item":"https:\/\/www.smokingpaper.com\/de\/produkte\/zubehoer\/"},{"@type":"ListItem","position":4,"name":"STANDARD FILLING MACHINE 110"}]}]}},"_links":{"self":[{"href":"https:\/\/www.smokingpaper.com\/de\/wp-json\/wp\/v2\/product\/597","targetHints":{"allow":["GET"]}}],"collection":[{"href":"https:\/\/www.smokingpaper.com\/de\/wp-json\/wp\/v2\/product"}],"about":[{"href":"https:\/\/www.smokingpaper.com\/de\/wp-json\/wp\/v2\/types\/product"}],"wp:featuredmedia":[{"embeddable":true,"href":"https:\/\/www.smokingpaper.com\/de\/wp-json\/wp\/v2\/media\/732"}],"wp:attachment":[{"href":"https:\/\/www.smokingpaper.com\/de\/wp-json\/wp\/v2\/media?parent=597"}],"wp:term":[{"taxonomy":"product_brand","embeddable":true,"href":"https:\/\/www.smokingpaper.com\/de\/wp-json\/wp\/v2\/product_brand?post=597"},{"taxonomy":"product_cat","embeddable":true,"href":"https:\/\/www.smokingpaper.com\/de\/wp-json\/wp\/v2\/product_cat?post=597"},{"taxonomy":"product_tag","embeddable":true,"href":"https:\/\/www.smokingpaper.com\/de\/wp-json\/wp\/v2\/product_tag?post=597"}],"curies":[{"name":"wp","href":"https:\/\/api.w.org\/{rel}","templated":true}]}}