{"id":590,"date":"2021-12-02T13:42:23","date_gmt":"2021-12-02T12:42:23","guid":{"rendered":"http:\/\/new.smokingpaper.com\/?post_type=product&#038;p=590"},"modified":"2023-12-18T17:28:00","modified_gmt":"2023-12-18T16:28:00","slug":"deluxe-tips-king-size","status":"publish","type":"product","link":"https:\/\/www.smokingpaper.com\/de\/deluxe-tips-king-size\/","title":{"rendered":"Deluxe King Size + Tips"},"content":{"rendered":"","protected":false},"excerpt":{"rendered":"<p>Deluxe King Size + Tips ist die perfekte Kombination, um alles zu haben, was Du zum Rollen deiner King Size-Zigaretten brauchst. Diese Packung enth\u00e4lt 33 Bl\u00e4tter im Format 108 x 44 mm. Mit einem ultrafeinen 13 g\/m2, Slow-Burn, Smoking\u00ae-Wasserzeichen und FSC\u00ae-zertifiziert. Und sie enthalten 100 % nat\u00fcrliches Gummi pflanzlichen Ursprungs, ohne Farbstoffe oder andere Zus\u00e4tze. Die Packung wird mit 33 Tips geliefert, damit Du den perfekten Filter f\u00fcr deine King Size-Zigaretten finden kannst.<\/p>\n","protected":false},"featured_media":1012,"template":"","meta":{"_acf_changed":false,"inline_featured_image":false},"product_brand":[],"product_cat":[112,111],"product_tag":[],"class_list":{"0":"post-590","1":"product","2":"type-product","3":"status-publish","4":"has-post-thumbnail","6":"product_cat-blattchen","7":"product_cat-kingsize","9":"first","10":"instock","11":"shipping-taxable","12":"product-type-simple"},"acf":[],"yoast_head":"<!-- This site is optimized with the Yoast SEO plugin v26.2 - https:\/\/yoast.com\/wordpress\/plugins\/seo\/ -->\n<title>Bl\u00e4ttchen King Size Deluxe + Tips | Smoking Paper<\/title>\n<meta name=\"description\" content=\"Finden Sie die King Size Deluxe + Tips, Raucherprodukte der besten Qualit\u00e4t beim Raucherpapier \u2705 zu Top-Preisen. Papier und Pappe f\u00fcr Raucher!\" \/>\n<meta name=\"robots\" content=\"index, follow, max-snippet:-1, max-image-preview:large, max-video-preview:-1\" \/>\n<link rel=\"canonical\" href=\"https:\/\/www.smokingpaper.com\/de\/deluxe-tips-king-size\/\" \/>\n<meta property=\"og:locale\" content=\"de_DE\" \/>\n<meta property=\"og:type\" content=\"article\" \/>\n<meta property=\"og:title\" content=\"Bl\u00e4ttchen King Size Deluxe + Tips | Smoking Paper\" \/>\n<meta property=\"og:description\" content=\"Finden Sie die King Size Deluxe + Tips, Raucherprodukte der besten Qualit\u00e4t beim Raucherpapier \u2705 zu Top-Preisen. Papier und Pappe f\u00fcr Raucher!\" \/>\n<meta property=\"og:url\" content=\"https:\/\/www.smokingpaper.com\/de\/deluxe-tips-king-size\/\" \/>\n<meta property=\"og:site_name\" content=\"Smoking\" \/>\n<meta property=\"article:modified_time\" content=\"2023-12-18T16:28:00+00:00\" \/>\n<meta property=\"og:image\" content=\"https:\/\/www.smokingpaper.com\/wp-content\/uploads\/2021\/12\/ks-deluxe-tip-removebg-preview.png\" \/>\n\t<meta property=\"og:image:width\" content=\"621\" \/>\n\t<meta property=\"og:image:height\" content=\"402\" \/>\n\t<meta property=\"og:image:type\" content=\"image\/png\" \/>\n<meta name=\"twitter:card\" content=\"summary_large_image\" \/>\n<meta name=\"twitter:label1\" content=\"Gesch\u00e4tzte Lesezeit\" \/>\n\t<meta name=\"twitter:data1\" content=\"1\u00a0Minute\" \/>\n<!-- \/ Yoast SEO plugin. -->","yoast_head_json":{"title":"Bl\u00e4ttchen King Size Deluxe + Tips | Smoking Paper","description":"Finden Sie die King Size Deluxe + Tips, Raucherprodukte der besten Qualit\u00e4t beim Raucherpapier \u2705 zu Top-Preisen. Papier und Pappe f\u00fcr Raucher!","robots":{"index":"index","follow":"follow","max-snippet":"max-snippet:-1","max-image-preview":"max-image-preview:large","max-video-preview":"max-video-preview:-1"},"canonical":"https:\/\/www.smokingpaper.com\/de\/deluxe-tips-king-size\/","og_locale":"de_DE","og_type":"article","og_title":"Bl\u00e4ttchen King Size Deluxe + Tips | Smoking Paper","og_description":"Finden Sie die King Size Deluxe + Tips, Raucherprodukte der besten Qualit\u00e4t beim Raucherpapier \u2705 zu Top-Preisen. Papier und Pappe f\u00fcr Raucher!","og_url":"https:\/\/www.smokingpaper.com\/de\/deluxe-tips-king-size\/","og_site_name":"Smoking","article_modified_time":"2023-12-18T16:28:00+00:00","og_image":[{"width":621,"height":402,"url":"https:\/\/www.smokingpaper.com\/wp-content\/uploads\/2021\/12\/ks-deluxe-tip-removebg-preview.png","type":"image\/png"}],"twitter_card":"summary_large_image","twitter_misc":{"Gesch\u00e4tzte Lesezeit":"1\u00a0Minute"},"schema":{"@context":"https:\/\/schema.org","@graph":[{"@type":"BreadcrumbList","@id":"https:\/\/www.smokingpaper.com\/de\/deluxe-tips-king-size\/#breadcrumb","itemListElement":[{"@type":"ListItem","position":1,"name":"Home","item":"https:\/\/www.smokingpaper.com\/de\/"},{"@type":"ListItem","position":2,"name":"Produkte","item":"https:\/\/www.smokingpaper.com\/de\/shop\/"},{"@type":"ListItem","position":3,"name":"ZIGARETTENPAPIER","item":"https:\/\/www.smokingpaper.com\/de\/produkte\/blattchen\/"},{"@type":"ListItem","position":4,"name":"Deluxe King Size + Tips"}]}]}},"_links":{"self":[{"href":"https:\/\/www.smokingpaper.com\/de\/wp-json\/wp\/v2\/product\/590","targetHints":{"allow":["GET"]}}],"collection":[{"href":"https:\/\/www.smokingpaper.com\/de\/wp-json\/wp\/v2\/product"}],"about":[{"href":"https:\/\/www.smokingpaper.com\/de\/wp-json\/wp\/v2\/types\/product"}],"wp:featuredmedia":[{"embeddable":true,"href":"https:\/\/www.smokingpaper.com\/de\/wp-json\/wp\/v2\/media\/1012"}],"wp:attachment":[{"href":"https:\/\/www.smokingpaper.com\/de\/wp-json\/wp\/v2\/media?parent=590"}],"wp:term":[{"taxonomy":"product_brand","embeddable":true,"href":"https:\/\/www.smokingpaper.com\/de\/wp-json\/wp\/v2\/product_brand?post=590"},{"taxonomy":"product_cat","embeddable":true,"href":"https:\/\/www.smokingpaper.com\/de\/wp-json\/wp\/v2\/product_cat?post=590"},{"taxonomy":"product_tag","embeddable":true,"href":"https:\/\/www.smokingpaper.com\/de\/wp-json\/wp\/v2\/product_tag?post=590"}],"curies":[{"name":"wp","href":"https:\/\/api.w.org\/{rel}","templated":true}]}}