{"id":552,"date":"2021-12-02T12:38:12","date_gmt":"2021-12-02T11:38:12","guid":{"rendered":"http:\/\/new.smokingpaper.com\/product\/extra-long-filter-tubes\/"},"modified":"2025-06-11T17:26:00","modified_gmt":"2025-06-11T15:26:00","slug":"zigarettenhuelsen-mit-extra-langem-filter","status":"publish","type":"product","link":"https:\/\/www.smokingpaper.com\/de\/zigarettenhuelsen-mit-extra-langem-filter\/","title":{"rendered":"ZIGARETTENH\u00dcLSEN MIT EXTRA LANGEM FILTER"},"content":{"rendered":"","protected":false},"excerpt":{"rendered":"<p>Mit dieser Box erh\u00e4ltst du 200 H\u00fclsen mit extra langen 24-mm-Filtern. Jede H\u00fclse ist insgesamt 84 mm lang und hat einen Durchmesser von 8 mm \u2013 die ideale Gr\u00f6\u00dfe f\u00fcr alle, die gerne etwas l\u00e4ngere Zigaretten genie\u00dfen.<\/p>\n<p>Das schlichte, klassische Design \u00e4hnelt dem herk\u00f6mmlicher Zigaretten, wird aber durch das rote Smoking\u00ae-Logo dezent aufgewertet. So vereinen die H\u00fclsen Funktionalit\u00e4t mit einem stilvollen Look.<\/p>\n","protected":false},"featured_media":3096,"template":"","meta":{"_acf_changed":false,"inline_featured_image":false},"product_brand":[],"product_cat":[98],"product_tag":[],"class_list":{"0":"post-552","1":"product","2":"type-product","3":"status-publish","4":"has-post-thumbnail","6":"product_cat-huelsen","8":"first","9":"instock","10":"shipping-taxable","11":"product-type-simple"},"acf":[],"yoast_head":"<!-- This site is optimized with the Yoast SEO plugin v26.2 - https:\/\/yoast.com\/wordpress\/plugins\/seo\/ -->\n<title>Extra lange Filterschl\u00e4uche | Smoking Paper<\/title>\n<meta name=\"description\" content=\"Finden Sie die extra langen Filterr\u00f6hrchen, rauchende Produkte der besten Qualit\u00e4t beim Raucherpapier \u2705 zu Top-Preisen, verpassen.\" \/>\n<meta name=\"robots\" content=\"index, follow, max-snippet:-1, max-image-preview:large, max-video-preview:-1\" \/>\n<link rel=\"canonical\" href=\"https:\/\/www.smokingpaper.com\/de\/zigarettenhuelsen-mit-extra-langem-filter\/\" \/>\n<meta property=\"og:locale\" content=\"de_DE\" \/>\n<meta property=\"og:type\" content=\"article\" \/>\n<meta property=\"og:title\" content=\"Extra lange Filterschl\u00e4uche | Smoking Paper\" \/>\n<meta property=\"og:description\" content=\"Finden Sie die extra langen Filterr\u00f6hrchen, rauchende Produkte der besten Qualit\u00e4t beim Raucherpapier \u2705 zu Top-Preisen, verpassen.\" \/>\n<meta property=\"og:url\" content=\"https:\/\/www.smokingpaper.com\/de\/zigarettenhuelsen-mit-extra-langem-filter\/\" \/>\n<meta property=\"og:site_name\" content=\"Smoking\" \/>\n<meta property=\"article:modified_time\" content=\"2025-06-11T15:26:00+00:00\" \/>\n<meta property=\"og:image\" content=\"https:\/\/www.smokingpaper.com\/wp-content\/uploads\/2021\/12\/2_optimized.png\" \/>\n\t<meta property=\"og:image:width\" content=\"692\" \/>\n\t<meta property=\"og:image:height\" content=\"527\" \/>\n\t<meta property=\"og:image:type\" content=\"image\/png\" \/>\n<meta name=\"twitter:card\" content=\"summary_large_image\" \/>\n<!-- \/ Yoast SEO plugin. -->","yoast_head_json":{"title":"Extra lange Filterschl\u00e4uche | Smoking Paper","description":"Finden Sie die extra langen Filterr\u00f6hrchen, rauchende Produkte der besten Qualit\u00e4t beim Raucherpapier \u2705 zu Top-Preisen, verpassen.","robots":{"index":"index","follow":"follow","max-snippet":"max-snippet:-1","max-image-preview":"max-image-preview:large","max-video-preview":"max-video-preview:-1"},"canonical":"https:\/\/www.smokingpaper.com\/de\/zigarettenhuelsen-mit-extra-langem-filter\/","og_locale":"de_DE","og_type":"article","og_title":"Extra lange Filterschl\u00e4uche | Smoking Paper","og_description":"Finden Sie die extra langen Filterr\u00f6hrchen, rauchende Produkte der besten Qualit\u00e4t beim Raucherpapier \u2705 zu Top-Preisen, verpassen.","og_url":"https:\/\/www.smokingpaper.com\/de\/zigarettenhuelsen-mit-extra-langem-filter\/","og_site_name":"Smoking","article_modified_time":"2025-06-11T15:26:00+00:00","og_image":[{"width":692,"height":527,"url":"https:\/\/www.smokingpaper.com\/wp-content\/uploads\/2021\/12\/2_optimized.png","type":"image\/png"}],"twitter_card":"summary_large_image","schema":{"@context":"https:\/\/schema.org","@graph":[{"@type":"BreadcrumbList","@id":"https:\/\/www.smokingpaper.com\/de\/zigarettenhuelsen-mit-extra-langem-filter\/#breadcrumb","itemListElement":[{"@type":"ListItem","position":1,"name":"Home","item":"https:\/\/www.smokingpaper.com\/de\/"},{"@type":"ListItem","position":2,"name":"Produkte","item":"https:\/\/www.smokingpaper.com\/de\/shop\/"},{"@type":"ListItem","position":3,"name":"H\u00fclsen","item":"https:\/\/www.smokingpaper.com\/de\/produkte\/huelsen\/"},{"@type":"ListItem","position":4,"name":"ZIGARETTENH\u00dcLSEN MIT EXTRA LANGEM FILTER"}]}]}},"_links":{"self":[{"href":"https:\/\/www.smokingpaper.com\/de\/wp-json\/wp\/v2\/product\/552","targetHints":{"allow":["GET"]}}],"collection":[{"href":"https:\/\/www.smokingpaper.com\/de\/wp-json\/wp\/v2\/product"}],"about":[{"href":"https:\/\/www.smokingpaper.com\/de\/wp-json\/wp\/v2\/types\/product"}],"wp:featuredmedia":[{"embeddable":true,"href":"https:\/\/www.smokingpaper.com\/de\/wp-json\/wp\/v2\/media\/3096"}],"wp:attachment":[{"href":"https:\/\/www.smokingpaper.com\/de\/wp-json\/wp\/v2\/media?parent=552"}],"wp:term":[{"taxonomy":"product_brand","embeddable":true,"href":"https:\/\/www.smokingpaper.com\/de\/wp-json\/wp\/v2\/product_brand?post=552"},{"taxonomy":"product_cat","embeddable":true,"href":"https:\/\/www.smokingpaper.com\/de\/wp-json\/wp\/v2\/product_cat?post=552"},{"taxonomy":"product_tag","embeddable":true,"href":"https:\/\/www.smokingpaper.com\/de\/wp-json\/wp\/v2\/product_tag?post=552"}],"curies":[{"name":"wp","href":"https:\/\/api.w.org\/{rel}","templated":true}]}}