{"id":5444,"date":"2022-07-01T12:46:20","date_gmt":"2022-07-01T10:46:20","guid":{"rendered":"https:\/\/www.smokingpaper.com\/skateboard\/"},"modified":"2025-05-16T09:10:54","modified_gmt":"2025-05-16T07:10:54","slug":"skateboard","status":"publish","type":"product","link":"https:\/\/www.smokingpaper.com\/de\/skateboard\/","title":{"rendered":"SKATEBOARD"},"content":{"rendered":"","protected":false},"excerpt":{"rendered":"<p>Smoking Paper beteiligt sich an der<strong> Skater-Revolution<\/strong> mit einem einzigartigen Produkt! Wir sind stets auf der Suche nach Innovationen und haben deshalb ein Skateboard entwickelt, das durch sein auff\u00e4lliges und bahnbrechendes Design sofort ins Auge f\u00e4llt. Jedes Mal, wenn du es auspackst, wirst du garantiert im Mittelpunkt stehen.<\/p>\n<p>Das <strong>Smoking Paper Skateboard<\/strong> besticht nicht nur durch erstklassige Qualit\u00e4t, sondern auch durch ein au\u00dfergew\u00f6hnliches Design, das nahtlos in unsere charakteristische Grafiklinie \u00fcbergeht. Es k\u00f6nnte das perfekte Geschenk f\u00fcr dich sein. Hast du schon alle Details entdeckt? Informiere dich und sichere dir jetzt dein Skateboard, bevor es ausverkauft ist!<\/p>\n<p>Hier kaufen<\/p>\n","protected":false},"featured_media":5486,"template":"","meta":{"_acf_changed":false,"inline_featured_image":false},"product_brand":[],"product_cat":[460],"product_tag":[],"class_list":{"0":"post-5444","1":"product","2":"type-product","3":"status-publish","4":"has-post-thumbnail","6":"product_cat-apparel","8":"first","9":"instock","10":"shipping-taxable","11":"product-type-simple"},"acf":[],"yoast_head":"<!-- This site is optimized with the Yoast SEO plugin v26.2 - https:\/\/yoast.com\/wordpress\/plugins\/seo\/ -->\n<title>Skateboard mit einem exklusiven Design | Smoking Paper<\/title>\n<meta name=\"description\" content=\"Das Smoking Paper Skateboard hat ein herausragendes Design, das in die Fu\u00dfstapfen unserer Signaturmarke tritt. Es kommt ohne Bindungen . Wirst du es dir holen?\" \/>\n<meta name=\"robots\" content=\"index, follow, max-snippet:-1, max-image-preview:large, max-video-preview:-1\" \/>\n<link rel=\"canonical\" href=\"https:\/\/www.smokingpaper.com\/de\/skateboard\/\" \/>\n<meta property=\"og:locale\" content=\"de_DE\" \/>\n<meta property=\"og:type\" content=\"article\" \/>\n<meta property=\"og:title\" content=\"Skateboard mit einem exklusiven Design | Smoking Paper\" \/>\n<meta property=\"og:description\" content=\"Das Smoking Paper Skateboard hat ein herausragendes Design, das in die Fu\u00dfstapfen unserer Signaturmarke tritt. Es kommt ohne Bindungen . Wirst du es dir holen?\" \/>\n<meta property=\"og:url\" content=\"https:\/\/www.smokingpaper.com\/de\/skateboard\/\" \/>\n<meta property=\"og:site_name\" content=\"Smoking\" \/>\n<meta property=\"article:modified_time\" content=\"2025-05-16T07:10:54+00:00\" \/>\n<meta property=\"og:image\" content=\"https:\/\/www.smokingpaper.com\/wp-content\/uploads\/2022\/07\/cristian-removebg-preview.png\" \/>\n\t<meta property=\"og:image:width\" content=\"441\" \/>\n\t<meta property=\"og:image:height\" content=\"565\" \/>\n\t<meta property=\"og:image:type\" content=\"image\/png\" \/>\n<meta name=\"twitter:card\" content=\"summary_large_image\" \/>\n<!-- \/ Yoast SEO plugin. -->","yoast_head_json":{"title":"Skateboard mit einem exklusiven Design | Smoking Paper","description":"Das Smoking Paper Skateboard hat ein herausragendes Design, das in die Fu\u00dfstapfen unserer Signaturmarke tritt. Es kommt ohne Bindungen . Wirst du es dir holen?","robots":{"index":"index","follow":"follow","max-snippet":"max-snippet:-1","max-image-preview":"max-image-preview:large","max-video-preview":"max-video-preview:-1"},"canonical":"https:\/\/www.smokingpaper.com\/de\/skateboard\/","og_locale":"de_DE","og_type":"article","og_title":"Skateboard mit einem exklusiven Design | Smoking Paper","og_description":"Das Smoking Paper Skateboard hat ein herausragendes Design, das in die Fu\u00dfstapfen unserer Signaturmarke tritt. Es kommt ohne Bindungen . Wirst du es dir holen?","og_url":"https:\/\/www.smokingpaper.com\/de\/skateboard\/","og_site_name":"Smoking","article_modified_time":"2025-05-16T07:10:54+00:00","og_image":[{"width":441,"height":565,"url":"https:\/\/www.smokingpaper.com\/wp-content\/uploads\/2022\/07\/cristian-removebg-preview.png","type":"image\/png"}],"twitter_card":"summary_large_image","schema":{"@context":"https:\/\/schema.org","@graph":[{"@type":"BreadcrumbList","@id":"https:\/\/www.smokingpaper.com\/de\/skateboard\/#breadcrumb","itemListElement":[{"@type":"ListItem","position":1,"name":"Home","item":"https:\/\/www.smokingpaper.com\/de\/"},{"@type":"ListItem","position":2,"name":"Produkte","item":"https:\/\/www.smokingpaper.com\/de\/shop\/"},{"@type":"ListItem","position":3,"name":"Apparel","item":"https:\/\/www.smokingpaper.com\/de\/produkte\/apparel\/"},{"@type":"ListItem","position":4,"name":"SKATEBOARD"}]}]}},"_links":{"self":[{"href":"https:\/\/www.smokingpaper.com\/de\/wp-json\/wp\/v2\/product\/5444","targetHints":{"allow":["GET"]}}],"collection":[{"href":"https:\/\/www.smokingpaper.com\/de\/wp-json\/wp\/v2\/product"}],"about":[{"href":"https:\/\/www.smokingpaper.com\/de\/wp-json\/wp\/v2\/types\/product"}],"wp:featuredmedia":[{"embeddable":true,"href":"https:\/\/www.smokingpaper.com\/de\/wp-json\/wp\/v2\/media\/5486"}],"wp:attachment":[{"href":"https:\/\/www.smokingpaper.com\/de\/wp-json\/wp\/v2\/media?parent=5444"}],"wp:term":[{"taxonomy":"product_brand","embeddable":true,"href":"https:\/\/www.smokingpaper.com\/de\/wp-json\/wp\/v2\/product_brand?post=5444"},{"taxonomy":"product_cat","embeddable":true,"href":"https:\/\/www.smokingpaper.com\/de\/wp-json\/wp\/v2\/product_cat?post=5444"},{"taxonomy":"product_tag","embeddable":true,"href":"https:\/\/www.smokingpaper.com\/de\/wp-json\/wp\/v2\/product_tag?post=5444"}],"curies":[{"name":"wp","href":"https:\/\/api.w.org\/{rel}","templated":true}]}}