{"id":5420,"date":"2022-06-30T11:48:44","date_gmt":"2022-06-30T09:48:44","guid":{"rendered":"https:\/\/www.smokingpaper.com\/?post_type=product&#038;p=5420"},"modified":"2023-12-18T21:28:52","modified_gmt":"2023-12-18T20:28:52","slug":"organic-king-size-tips","status":"publish","type":"product","link":"https:\/\/www.smokingpaper.com\/de\/organic-king-size-tips\/","title":{"rendered":"Organic King Size + Tips"},"content":{"rendered":"","protected":false},"excerpt":{"rendered":"<p>Alle Vorz\u00fcge des Bio-Sortiments in einem umfangreichen und praktischen Pack. Lass Dich von unserem umweltfreundlichsten Papier aus 100% zertifiziertem Bio-Naturhanf begeistern. Dieser Pack enth\u00e4lt 33 King Size 108 x 44 mm Bl\u00e4ttchen und 33 vorgefertigte Tips. Mit den Vorz\u00fcgen unseres hauchd\u00fcnnen, langsam brennenden Papiers und einem nat\u00fcrlichen Pflanzengummi, das keine Farbstoffe oder andere Zusatzstoffe enth\u00e4lt.<\/p>\n","protected":false},"featured_media":5423,"template":"","meta":{"_acf_changed":false,"inline_featured_image":false},"product_brand":[],"product_cat":[112,111],"product_tag":[],"class_list":{"0":"post-5420","1":"product","2":"type-product","3":"status-publish","4":"has-post-thumbnail","6":"product_cat-blattchen","7":"product_cat-kingsize","9":"first","10":"instock","11":"shipping-taxable","12":"product-type-simple"},"acf":[],"yoast_head":"<!-- This site is optimized with the Yoast SEO plugin v26.2 - https:\/\/yoast.com\/wordpress\/plugins\/seo\/ -->\n<title>Bl\u00e4ttchen Organic King Size + Tips | Smoking<\/title>\n<meta name=\"description\" content=\"Organic King Size + Tips Hefte, Raucherpapierprodukte in bester Qualit\u00e4t \u2705 zu Top-Preisen. Raucherpapier und Rauchtipps Katalog hier!\" \/>\n<meta name=\"robots\" content=\"index, follow, max-snippet:-1, max-image-preview:large, max-video-preview:-1\" \/>\n<link rel=\"canonical\" href=\"https:\/\/www.smokingpaper.com\/de\/organic-king-size-tips\/\" \/>\n<meta property=\"og:locale\" content=\"de_DE\" \/>\n<meta property=\"og:type\" content=\"article\" \/>\n<meta property=\"og:title\" content=\"Bl\u00e4ttchen Organic King Size + Tips | Smoking\" \/>\n<meta property=\"og:description\" content=\"Organic King Size + Tips Hefte, Raucherpapierprodukte in bester Qualit\u00e4t \u2705 zu Top-Preisen. Raucherpapier und Rauchtipps Katalog hier!\" \/>\n<meta property=\"og:url\" content=\"https:\/\/www.smokingpaper.com\/de\/organic-king-size-tips\/\" \/>\n<meta property=\"og:site_name\" content=\"Smoking\" \/>\n<meta property=\"article:modified_time\" content=\"2023-12-18T20:28:52+00:00\" \/>\n<meta property=\"og:image\" content=\"https:\/\/www.smokingpaper.com\/wp-content\/uploads\/2022\/06\/organic_king_size_tip-removebg-preview.png\" \/>\n\t<meta property=\"og:image:width\" content=\"593\" \/>\n\t<meta property=\"og:image:height\" content=\"421\" \/>\n\t<meta property=\"og:image:type\" content=\"image\/png\" \/>\n<meta name=\"twitter:card\" content=\"summary_large_image\" \/>\n<meta name=\"twitter:label1\" content=\"Gesch\u00e4tzte Lesezeit\" \/>\n\t<meta name=\"twitter:data1\" content=\"1\u00a0Minute\" \/>\n<!-- \/ Yoast SEO plugin. -->","yoast_head_json":{"title":"Bl\u00e4ttchen Organic King Size + Tips | Smoking","description":"Organic King Size + Tips Hefte, Raucherpapierprodukte in bester Qualit\u00e4t \u2705 zu Top-Preisen. Raucherpapier und Rauchtipps Katalog hier!","robots":{"index":"index","follow":"follow","max-snippet":"max-snippet:-1","max-image-preview":"max-image-preview:large","max-video-preview":"max-video-preview:-1"},"canonical":"https:\/\/www.smokingpaper.com\/de\/organic-king-size-tips\/","og_locale":"de_DE","og_type":"article","og_title":"Bl\u00e4ttchen Organic King Size + Tips | Smoking","og_description":"Organic King Size + Tips Hefte, Raucherpapierprodukte in bester Qualit\u00e4t \u2705 zu Top-Preisen. Raucherpapier und Rauchtipps Katalog hier!","og_url":"https:\/\/www.smokingpaper.com\/de\/organic-king-size-tips\/","og_site_name":"Smoking","article_modified_time":"2023-12-18T20:28:52+00:00","og_image":[{"width":593,"height":421,"url":"https:\/\/www.smokingpaper.com\/wp-content\/uploads\/2022\/06\/organic_king_size_tip-removebg-preview.png","type":"image\/png"}],"twitter_card":"summary_large_image","twitter_misc":{"Gesch\u00e4tzte Lesezeit":"1\u00a0Minute"},"schema":{"@context":"https:\/\/schema.org","@graph":[{"@type":"BreadcrumbList","@id":"https:\/\/www.smokingpaper.com\/de\/organic-king-size-tips\/#breadcrumb","itemListElement":[{"@type":"ListItem","position":1,"name":"Home","item":"https:\/\/www.smokingpaper.com\/de\/"},{"@type":"ListItem","position":2,"name":"Produkte","item":"https:\/\/www.smokingpaper.com\/de\/shop\/"},{"@type":"ListItem","position":3,"name":"ZIGARETTENPAPIER","item":"https:\/\/www.smokingpaper.com\/de\/produkte\/blattchen\/"},{"@type":"ListItem","position":4,"name":"Organic King Size + Tips"}]}]}},"_links":{"self":[{"href":"https:\/\/www.smokingpaper.com\/de\/wp-json\/wp\/v2\/product\/5420","targetHints":{"allow":["GET"]}}],"collection":[{"href":"https:\/\/www.smokingpaper.com\/de\/wp-json\/wp\/v2\/product"}],"about":[{"href":"https:\/\/www.smokingpaper.com\/de\/wp-json\/wp\/v2\/types\/product"}],"wp:featuredmedia":[{"embeddable":true,"href":"https:\/\/www.smokingpaper.com\/de\/wp-json\/wp\/v2\/media\/5423"}],"wp:attachment":[{"href":"https:\/\/www.smokingpaper.com\/de\/wp-json\/wp\/v2\/media?parent=5420"}],"wp:term":[{"taxonomy":"product_brand","embeddable":true,"href":"https:\/\/www.smokingpaper.com\/de\/wp-json\/wp\/v2\/product_brand?post=5420"},{"taxonomy":"product_cat","embeddable":true,"href":"https:\/\/www.smokingpaper.com\/de\/wp-json\/wp\/v2\/product_cat?post=5420"},{"taxonomy":"product_tag","embeddable":true,"href":"https:\/\/www.smokingpaper.com\/de\/wp-json\/wp\/v2\/product_tag?post=5420"}],"curies":[{"name":"wp","href":"https:\/\/api.w.org\/{rel}","templated":true}]}}