{"id":4996,"date":"2022-06-14T13:43:23","date_gmt":"2022-06-14T11:43:23","guid":{"rendered":"https:\/\/www.smokingpaper.com\/?post_type=product&#038;p=4996"},"modified":"2025-05-19T10:27:20","modified_gmt":"2025-05-19T08:27:20","slug":"borwn-ks-cones-x4","status":"publish","type":"product","link":"https:\/\/www.smokingpaper.com\/de\/borwn-ks-cones-x4\/","title":{"rendered":"Brown KS Cones x4"},"content":{"rendered":"","protected":false},"excerpt":{"rendered":"<p><span style=\"font-weight: 400;\">Geh aufs Ganze mit unseren besten <\/span><b>Brown KS Cones<\/b><span style=\"font-weight: 400;\"> \u2013 der umweltfreundlichen Alternative f\u00fcr echten Rauchgenuss. Die XL-Cones bestehen aus ungebleichtem, ultrad\u00fcnnem Smoking\u00ae-Papier und sind bereits mit einem integrierten Filter ausgestattet, der das Rauchen noch angenehmer gestaltet. Ihr klassisches, gerades Design und das langsame Abbrennen sorgen f\u00fcr ein gleichm\u00e4\u00dfiges, entspanntes Erlebnis im King Size Format.<\/span><\/p>\n","protected":false},"featured_media":4999,"template":"","meta":{"_acf_changed":false,"inline_featured_image":false},"product_brand":[],"product_cat":[374],"product_tag":[],"class_list":{"0":"post-4996","1":"product","2":"type-product","3":"status-publish","4":"has-post-thumbnail","6":"product_cat-cones","8":"first","9":"instock","10":"shipping-taxable","11":"product-type-simple"},"acf":[],"yoast_head":"<!-- This site is optimized with the Yoast SEO plugin v26.2 - https:\/\/yoast.com\/wordpress\/plugins\/seo\/ -->\n<title>Bl\u00e4ttchen Cones Brown King Size x4 | Smoking Paper<\/title>\n<meta name=\"description\" content=\"Finden Sie die Borwn Ks Cones X4, Raucherprodukte von bester Qualit\u00e4t bei Smoking Paper. Zu Top-Preisen. Produktkatalog online!\" \/>\n<meta name=\"robots\" content=\"index, follow, max-snippet:-1, max-image-preview:large, max-video-preview:-1\" \/>\n<link rel=\"canonical\" href=\"https:\/\/www.smokingpaper.com\/de\/borwn-ks-cones-x4\/\" \/>\n<meta property=\"og:locale\" content=\"de_DE\" \/>\n<meta property=\"og:type\" content=\"article\" \/>\n<meta property=\"og:title\" content=\"Bl\u00e4ttchen Cones Brown King Size x4 | Smoking Paper\" \/>\n<meta property=\"og:description\" content=\"Finden Sie die Borwn Ks Cones X4, Raucherprodukte von bester Qualit\u00e4t bei Smoking Paper. Zu Top-Preisen. Produktkatalog online!\" \/>\n<meta property=\"og:url\" content=\"https:\/\/www.smokingpaper.com\/de\/borwn-ks-cones-x4\/\" \/>\n<meta property=\"og:site_name\" content=\"Smoking\" \/>\n<meta property=\"article:modified_time\" content=\"2025-05-19T08:27:20+00:00\" \/>\n<meta property=\"og:image\" content=\"https:\/\/www.smokingpaper.com\/wp-content\/uploads\/2022\/06\/3D-PACK-cones-BROWN-KS-x4.png\" \/>\n\t<meta property=\"og:image:width\" content=\"640\" \/>\n\t<meta property=\"og:image:height\" content=\"427\" \/>\n\t<meta property=\"og:image:type\" content=\"image\/png\" \/>\n<meta name=\"twitter:card\" content=\"summary_large_image\" \/>\n<meta name=\"twitter:label1\" content=\"Gesch\u00e4tzte Lesezeit\" \/>\n\t<meta name=\"twitter:data1\" content=\"1\u00a0Minute\" \/>\n<!-- \/ Yoast SEO plugin. -->","yoast_head_json":{"title":"Bl\u00e4ttchen Cones Brown King Size x4 | Smoking Paper","description":"Finden Sie die Borwn Ks Cones X4, Raucherprodukte von bester Qualit\u00e4t bei Smoking Paper. Zu Top-Preisen. Produktkatalog online!","robots":{"index":"index","follow":"follow","max-snippet":"max-snippet:-1","max-image-preview":"max-image-preview:large","max-video-preview":"max-video-preview:-1"},"canonical":"https:\/\/www.smokingpaper.com\/de\/borwn-ks-cones-x4\/","og_locale":"de_DE","og_type":"article","og_title":"Bl\u00e4ttchen Cones Brown King Size x4 | Smoking Paper","og_description":"Finden Sie die Borwn Ks Cones X4, Raucherprodukte von bester Qualit\u00e4t bei Smoking Paper. Zu Top-Preisen. Produktkatalog online!","og_url":"https:\/\/www.smokingpaper.com\/de\/borwn-ks-cones-x4\/","og_site_name":"Smoking","article_modified_time":"2025-05-19T08:27:20+00:00","og_image":[{"width":640,"height":427,"url":"https:\/\/www.smokingpaper.com\/wp-content\/uploads\/2022\/06\/3D-PACK-cones-BROWN-KS-x4.png","type":"image\/png"}],"twitter_card":"summary_large_image","twitter_misc":{"Gesch\u00e4tzte Lesezeit":"1\u00a0Minute"},"schema":{"@context":"https:\/\/schema.org","@graph":[{"@type":"BreadcrumbList","@id":"https:\/\/www.smokingpaper.com\/de\/borwn-ks-cones-x4\/#breadcrumb","itemListElement":[{"@type":"ListItem","position":1,"name":"Home","item":"https:\/\/www.smokingpaper.com\/de\/"},{"@type":"ListItem","position":2,"name":"Produkte","item":"https:\/\/www.smokingpaper.com\/de\/shop\/"},{"@type":"ListItem","position":3,"name":"Cones","item":"https:\/\/www.smokingpaper.com\/de\/produkte\/cones\/"},{"@type":"ListItem","position":4,"name":"Brown KS Cones x4"}]}]}},"_links":{"self":[{"href":"https:\/\/www.smokingpaper.com\/de\/wp-json\/wp\/v2\/product\/4996","targetHints":{"allow":["GET"]}}],"collection":[{"href":"https:\/\/www.smokingpaper.com\/de\/wp-json\/wp\/v2\/product"}],"about":[{"href":"https:\/\/www.smokingpaper.com\/de\/wp-json\/wp\/v2\/types\/product"}],"wp:featuredmedia":[{"embeddable":true,"href":"https:\/\/www.smokingpaper.com\/de\/wp-json\/wp\/v2\/media\/4999"}],"wp:attachment":[{"href":"https:\/\/www.smokingpaper.com\/de\/wp-json\/wp\/v2\/media?parent=4996"}],"wp:term":[{"taxonomy":"product_brand","embeddable":true,"href":"https:\/\/www.smokingpaper.com\/de\/wp-json\/wp\/v2\/product_brand?post=4996"},{"taxonomy":"product_cat","embeddable":true,"href":"https:\/\/www.smokingpaper.com\/de\/wp-json\/wp\/v2\/product_cat?post=4996"},{"taxonomy":"product_tag","embeddable":true,"href":"https:\/\/www.smokingpaper.com\/de\/wp-json\/wp\/v2\/product_tag?post=4996"}],"curies":[{"name":"wp","href":"https:\/\/api.w.org\/{rel}","templated":true}]}}