{"id":4900,"date":"2022-05-31T17:20:46","date_gmt":"2022-05-31T15:20:46","guid":{"rendered":"https:\/\/www.smokingpaper.com\/metallic-red-grinder\/"},"modified":"2025-06-12T10:40:58","modified_gmt":"2025-06-12T08:40:58","slug":"roter-metall-grinder","status":"publish","type":"product","link":"https:\/\/www.smokingpaper.com\/de\/roter-metall-grinder\/","title":{"rendered":"ROTER METALL-GRINDER"},"content":{"rendered":"","protected":false},"excerpt":{"rendered":"<p>Mit dem<strong> roten Metall-Grinder<\/strong> von Smoking Paper kannst du dein Cannabis in nur zwei einfachen Handgriffen m\u00fchelos zerkleinern. Dank seines robusten Designs und der cleveren Konstruktion wird er schnell zu einem festen Bestandteil deiner Routine \u2013 einmal ausprobiert, willst du ihn nicht mehr missen!<\/p>\n<p>Unsere neuesten Grinder bestehen zu 100\u202f% aus Metall und sind in <strong>vier funktionale Teile<\/strong> unterteilt. Ein integriertes Sieb sorgt daf\u00fcr, dass jedes Mahlergebnis optimal ist \u2013 sauber, effizient und ohne R\u00fcckst\u00e4nde.<\/p>\n<p>Die 4 Teile im \u00dcberblick:<\/p>\n<p><strong>\u00b7 Zerkleinerungsfach:<\/strong> F\u00fcr pr\u00e4zises und gleichm\u00e4\u00dfiges Mahlen.<\/p>\n<p><strong>\u00b7 Auffangkammer:<\/strong> Hier landet das zerkleinerte Material.<\/p>\n<p><strong>\u00b7 Feinsieb:<\/strong> Trennt Pollen und feinste R\u00fcckst\u00e4nde ab.<\/p>\n<p><strong>\u00b7 Pollenfach:<\/strong> Sammelt den wertvollen \u201eKief\u201c f\u00fcr sp\u00e4ter.<\/p>\n<p>Unsere Grinder sind nicht nur hochwertig verarbeitet, sondern auch echte Hingucker. Die auff\u00e4lligen Designs in kr\u00e4ftigen Farben \u2013 wie dieses leuchtende Rot \u2013 machen jeden Grinder zu einem Sammlerst\u00fcck.<\/p>\n<p>Du hast die Wahl aus verschiedenen <strong>einzigartigen Modellen<\/strong> von Smoking Paper. Schau dir unser gesamtes Sortiment an Raucherzubeh\u00f6r an, finde dein Lieblingsdesign und bringe Stil und Effizienz in deine Zubereitung!<\/p>\n","protected":false},"featured_media":6227,"template":"","meta":{"_acf_changed":false,"inline_featured_image":false},"product_brand":[],"product_cat":[773],"product_tag":[],"class_list":{"0":"post-4900","1":"product","2":"type-product","3":"status-publish","4":"has-post-thumbnail","6":"product_cat-grinders","8":"first","9":"instock","10":"shipping-taxable","11":"product-type-simple"},"acf":[],"yoast_head":"<!-- This site is optimized with the Yoast SEO plugin v26.2 - https:\/\/yoast.com\/wordpress\/plugins\/seo\/ -->\n<title>\u25b7 Metall Rot Grinder - 4-teiliger | Smoking Paper<\/title>\n<meta name=\"description\" content=\"Entdecke den Metall Rot Grinder von Smoking Paper f\u00fcr Gras, Tabak und alles andere, was du grinden m\u00f6chtest. Entdecke alle unsere Grinder.\" \/>\n<meta name=\"robots\" content=\"index, follow, max-snippet:-1, max-image-preview:large, max-video-preview:-1\" \/>\n<link rel=\"canonical\" href=\"https:\/\/www.smokingpaper.com\/de\/roter-metall-grinder\/\" \/>\n<meta property=\"og:locale\" content=\"de_DE\" \/>\n<meta property=\"og:type\" content=\"article\" \/>\n<meta property=\"og:title\" content=\"\u25b7 Metall Rot Grinder - 4-teiliger | Smoking Paper\" \/>\n<meta property=\"og:description\" content=\"Entdecke den Metall Rot Grinder von Smoking Paper f\u00fcr Gras, Tabak und alles andere, was du grinden m\u00f6chtest. Entdecke alle unsere Grinder.\" \/>\n<meta property=\"og:url\" content=\"https:\/\/www.smokingpaper.com\/de\/roter-metall-grinder\/\" \/>\n<meta property=\"og:site_name\" content=\"Smoking\" \/>\n<meta property=\"article:modified_time\" content=\"2025-06-12T08:40:58+00:00\" \/>\n<meta property=\"og:image\" content=\"https:\/\/www.smokingpaper.com\/wp-content\/uploads\/2022\/05\/grinder-red_sflame_obert_tot-2.jpg\" \/>\n\t<meta property=\"og:image:width\" content=\"1824\" \/>\n\t<meta property=\"og:image:height\" content=\"2736\" \/>\n\t<meta property=\"og:image:type\" content=\"image\/jpeg\" \/>\n<meta name=\"twitter:card\" content=\"summary_large_image\" \/>\n<meta name=\"twitter:label1\" content=\"Gesch\u00e4tzte Lesezeit\" \/>\n\t<meta name=\"twitter:data1\" content=\"1\u00a0Minute\" \/>\n<!-- \/ Yoast SEO plugin. -->","yoast_head_json":{"title":"\u25b7 Metall Rot Grinder - 4-teiliger | Smoking Paper","description":"Entdecke den Metall Rot Grinder von Smoking Paper f\u00fcr Gras, Tabak und alles andere, was du grinden m\u00f6chtest. Entdecke alle unsere Grinder.","robots":{"index":"index","follow":"follow","max-snippet":"max-snippet:-1","max-image-preview":"max-image-preview:large","max-video-preview":"max-video-preview:-1"},"canonical":"https:\/\/www.smokingpaper.com\/de\/roter-metall-grinder\/","og_locale":"de_DE","og_type":"article","og_title":"\u25b7 Metall Rot Grinder - 4-teiliger | Smoking Paper","og_description":"Entdecke den Metall Rot Grinder von Smoking Paper f\u00fcr Gras, Tabak und alles andere, was du grinden m\u00f6chtest. Entdecke alle unsere Grinder.","og_url":"https:\/\/www.smokingpaper.com\/de\/roter-metall-grinder\/","og_site_name":"Smoking","article_modified_time":"2025-06-12T08:40:58+00:00","og_image":[{"width":1824,"height":2736,"url":"https:\/\/www.smokingpaper.com\/wp-content\/uploads\/2022\/05\/grinder-red_sflame_obert_tot-2.jpg","type":"image\/jpeg"}],"twitter_card":"summary_large_image","twitter_misc":{"Gesch\u00e4tzte Lesezeit":"1\u00a0Minute"},"schema":{"@context":"https:\/\/schema.org","@graph":[{"@type":"BreadcrumbList","@id":"https:\/\/www.smokingpaper.com\/de\/roter-metall-grinder\/#breadcrumb","itemListElement":[{"@type":"ListItem","position":1,"name":"Home","item":"https:\/\/www.smokingpaper.com\/de\/"},{"@type":"ListItem","position":2,"name":"Produkte","item":"https:\/\/www.smokingpaper.com\/de\/shop\/"},{"@type":"ListItem","position":3,"name":"Grinders","item":"https:\/\/www.smokingpaper.com\/de\/produkte\/grinders\/"},{"@type":"ListItem","position":4,"name":"ROTER METALL-GRINDER"}]}]}},"_links":{"self":[{"href":"https:\/\/www.smokingpaper.com\/de\/wp-json\/wp\/v2\/product\/4900","targetHints":{"allow":["GET"]}}],"collection":[{"href":"https:\/\/www.smokingpaper.com\/de\/wp-json\/wp\/v2\/product"}],"about":[{"href":"https:\/\/www.smokingpaper.com\/de\/wp-json\/wp\/v2\/types\/product"}],"wp:featuredmedia":[{"embeddable":true,"href":"https:\/\/www.smokingpaper.com\/de\/wp-json\/wp\/v2\/media\/6227"}],"wp:attachment":[{"href":"https:\/\/www.smokingpaper.com\/de\/wp-json\/wp\/v2\/media?parent=4900"}],"wp:term":[{"taxonomy":"product_brand","embeddable":true,"href":"https:\/\/www.smokingpaper.com\/de\/wp-json\/wp\/v2\/product_brand?post=4900"},{"taxonomy":"product_cat","embeddable":true,"href":"https:\/\/www.smokingpaper.com\/de\/wp-json\/wp\/v2\/product_cat?post=4900"},{"taxonomy":"product_tag","embeddable":true,"href":"https:\/\/www.smokingpaper.com\/de\/wp-json\/wp\/v2\/product_tag?post=4900"}],"curies":[{"name":"wp","href":"https:\/\/api.w.org\/{rel}","templated":true}]}}