{"id":487,"date":"2021-12-02T12:38:21","date_gmt":"2021-12-02T11:38:21","guid":{"rendered":"http:\/\/new.smokingpaper.com\/product\/tubes-200\/"},"modified":"2025-06-11T17:27:15","modified_gmt":"2025-06-11T15:27:15","slug":"200-zigarettenuelsen","status":"publish","type":"product","link":"https:\/\/www.smokingpaper.com\/de\/200-zigarettenuelsen\/","title":{"rendered":"200 ZIGARETTENH\u00dcLSEN"},"content":{"rendered":"","protected":false},"excerpt":{"rendered":"<p>Mit den Smoking\u00ae Tubes stellst du dir deine Zigaretten so komfortabel wie m\u00f6glich her. Die praktische Gro\u00dfpackung enth\u00e4lt 200 H\u00fclsen mit dem klassischen roten Smoking\u00ae-Logo.<\/p>\n<p>Jede H\u00fclse ist 84 mm lang, hat einen Durchmesser von 8 mm und ist sofort bereit, mit deinem Lieblingstabak bef\u00fcllt zu werden \u2013 ganz ohne Rollen oder Kleben. Ideal f\u00fcr alle, die den Geschmack ihres eigenen Tabaks mit der Bequemlichkeit vorgefertigter Tubes kombinieren m\u00f6chten.<\/p>\n","protected":false},"featured_media":3099,"template":"","meta":{"_acf_changed":false,"inline_featured_image":false},"product_brand":[],"product_cat":[98],"product_tag":[],"class_list":{"0":"post-487","1":"product","2":"type-product","3":"status-publish","4":"has-post-thumbnail","6":"product_cat-huelsen","8":"first","9":"instock","10":"shipping-taxable","11":"product-type-simple"},"acf":[],"yoast_head":"<!-- This site is optimized with the Yoast SEO plugin v26.2 - https:\/\/yoast.com\/wordpress\/plugins\/seo\/ -->\n<title>R\u00f6hrchen 200 | Smoking Paper<\/title>\n<meta name=\"description\" content=\"Finden Sie die Tuben 200, Raucherprodukte der besten Qualit\u00e4t beim Raucherpapier \u2705 zu Top-Preisen, verpassen Sie nicht unseren Produktkatalog online!\" \/>\n<meta name=\"robots\" content=\"index, follow, max-snippet:-1, max-image-preview:large, max-video-preview:-1\" \/>\n<link rel=\"canonical\" href=\"https:\/\/www.smokingpaper.com\/de\/200-zigarettenuelsen\/\" \/>\n<meta property=\"og:locale\" content=\"de_DE\" \/>\n<meta property=\"og:type\" content=\"article\" \/>\n<meta property=\"og:title\" content=\"R\u00f6hrchen 200 | Smoking Paper\" \/>\n<meta property=\"og:description\" content=\"Finden Sie die Tuben 200, Raucherprodukte der besten Qualit\u00e4t beim Raucherpapier \u2705 zu Top-Preisen, verpassen Sie nicht unseren Produktkatalog online!\" \/>\n<meta property=\"og:url\" content=\"https:\/\/www.smokingpaper.com\/de\/200-zigarettenuelsen\/\" \/>\n<meta property=\"og:site_name\" content=\"Smoking\" \/>\n<meta property=\"article:modified_time\" content=\"2025-06-11T15:27:15+00:00\" \/>\n<meta property=\"og:image\" content=\"https:\/\/www.smokingpaper.com\/wp-content\/uploads\/2021\/12\/3_optimized.png\" \/>\n\t<meta property=\"og:image:width\" content=\"692\" \/>\n\t<meta property=\"og:image:height\" content=\"527\" \/>\n\t<meta property=\"og:image:type\" content=\"image\/png\" \/>\n<meta name=\"twitter:card\" content=\"summary_large_image\" \/>\n<meta name=\"twitter:label1\" content=\"Gesch\u00e4tzte Lesezeit\" \/>\n\t<meta name=\"twitter:data1\" content=\"1\u00a0Minute\" \/>\n<!-- \/ Yoast SEO plugin. -->","yoast_head_json":{"title":"R\u00f6hrchen 200 | Smoking Paper","description":"Finden Sie die Tuben 200, Raucherprodukte der besten Qualit\u00e4t beim Raucherpapier \u2705 zu Top-Preisen, verpassen Sie nicht unseren Produktkatalog online!","robots":{"index":"index","follow":"follow","max-snippet":"max-snippet:-1","max-image-preview":"max-image-preview:large","max-video-preview":"max-video-preview:-1"},"canonical":"https:\/\/www.smokingpaper.com\/de\/200-zigarettenuelsen\/","og_locale":"de_DE","og_type":"article","og_title":"R\u00f6hrchen 200 | Smoking Paper","og_description":"Finden Sie die Tuben 200, Raucherprodukte der besten Qualit\u00e4t beim Raucherpapier \u2705 zu Top-Preisen, verpassen Sie nicht unseren Produktkatalog online!","og_url":"https:\/\/www.smokingpaper.com\/de\/200-zigarettenuelsen\/","og_site_name":"Smoking","article_modified_time":"2025-06-11T15:27:15+00:00","og_image":[{"width":692,"height":527,"url":"https:\/\/www.smokingpaper.com\/wp-content\/uploads\/2021\/12\/3_optimized.png","type":"image\/png"}],"twitter_card":"summary_large_image","twitter_misc":{"Gesch\u00e4tzte Lesezeit":"1\u00a0Minute"},"schema":{"@context":"https:\/\/schema.org","@graph":[{"@type":"BreadcrumbList","@id":"https:\/\/www.smokingpaper.com\/de\/200-zigarettenuelsen\/#breadcrumb","itemListElement":[{"@type":"ListItem","position":1,"name":"Home","item":"https:\/\/www.smokingpaper.com\/de\/"},{"@type":"ListItem","position":2,"name":"Produkte","item":"https:\/\/www.smokingpaper.com\/de\/shop\/"},{"@type":"ListItem","position":3,"name":"H\u00fclsen","item":"https:\/\/www.smokingpaper.com\/de\/produkte\/huelsen\/"},{"@type":"ListItem","position":4,"name":"200 ZIGARETTENH\u00dcLSEN"}]}]}},"_links":{"self":[{"href":"https:\/\/www.smokingpaper.com\/de\/wp-json\/wp\/v2\/product\/487","targetHints":{"allow":["GET"]}}],"collection":[{"href":"https:\/\/www.smokingpaper.com\/de\/wp-json\/wp\/v2\/product"}],"about":[{"href":"https:\/\/www.smokingpaper.com\/de\/wp-json\/wp\/v2\/types\/product"}],"wp:featuredmedia":[{"embeddable":true,"href":"https:\/\/www.smokingpaper.com\/de\/wp-json\/wp\/v2\/media\/3099"}],"wp:attachment":[{"href":"https:\/\/www.smokingpaper.com\/de\/wp-json\/wp\/v2\/media?parent=487"}],"wp:term":[{"taxonomy":"product_brand","embeddable":true,"href":"https:\/\/www.smokingpaper.com\/de\/wp-json\/wp\/v2\/product_brand?post=487"},{"taxonomy":"product_cat","embeddable":true,"href":"https:\/\/www.smokingpaper.com\/de\/wp-json\/wp\/v2\/product_cat?post=487"},{"taxonomy":"product_tag","embeddable":true,"href":"https:\/\/www.smokingpaper.com\/de\/wp-json\/wp\/v2\/product_tag?post=487"}],"curies":[{"name":"wp","href":"https:\/\/api.w.org\/{rel}","templated":true}]}}