{"id":484,"date":"2021-12-02T13:14:36","date_gmt":"2021-12-02T12:14:36","guid":{"rendered":"http:\/\/new.smokingpaper.com\/product\/brown-king-size\/"},"modified":"2023-11-17T13:06:33","modified_gmt":"2023-11-17T12:06:33","slug":"brown-king-size","status":"publish","type":"product","link":"https:\/\/www.smokingpaper.com\/de\/brown-king-size\/","title":{"rendered":"Brown King Size"},"content":{"rendered":"","protected":false},"excerpt":{"rendered":"<p>V\u00f6llig geeignet f\u00fcr den alternativen Konsum. Die bevorzugte Wahl f\u00fcr alle, die ungebleichtes Zigarettenpapier suchen! Das Brown King Size Booklet bietet Dir ultrafeines (13 g\/m2) langsam brennendes Papier, ideal f\u00fcr deine 108 x 44 mm Zigaretten. Insgesamt 33 Bl\u00e4tter zum Drehen deiner Zigaretten. Und FSC\u00ae-zertifiziert, aufgrund ihrer Herkunft aus W\u00e4ldern und Plantagen, die die Artenvielfalt erhalten. Mit einem Gummi von 100% nat\u00fcrlichen pflanzlichen Ursprungs, hat es die beste Haftung und hat keine Farbstoffe oder andere Zusatzstoffe.<\/p>\n","protected":false},"featured_media":963,"template":"","meta":{"_acf_changed":false,"inline_featured_image":false},"product_brand":[],"product_cat":[112,111],"product_tag":[],"class_list":{"0":"post-484","1":"product","2":"type-product","3":"status-publish","4":"has-post-thumbnail","6":"product_cat-blattchen","7":"product_cat-kingsize","9":"first","10":"instock","11":"shipping-taxable","12":"product-type-simple"},"acf":[],"yoast_head":"<!-- This site is optimized with the Yoast SEO plugin v26.2 - https:\/\/yoast.com\/wordpress\/plugins\/seo\/ -->\n<title>\u25b7 Zigarettenpapier Brown King Size | Smoking Paper<\/title>\n<meta name=\"description\" content=\"Treffen Sie die Brown King Size Rolling Papers, Produkte f\u00fcr Raucher von bester Qualit\u00e4t bei Smoking Paper \u2705 Zu den besten Preisen, Produktkatalog!\" \/>\n<meta name=\"robots\" content=\"index, follow, max-snippet:-1, max-image-preview:large, max-video-preview:-1\" \/>\n<link rel=\"canonical\" href=\"https:\/\/www.smokingpaper.com\/de\/brown-king-size\/\" \/>\n<meta property=\"og:locale\" content=\"de_DE\" \/>\n<meta property=\"og:type\" content=\"article\" \/>\n<meta property=\"og:title\" content=\"\u25b7 Zigarettenpapier Brown King Size | Smoking Paper\" \/>\n<meta property=\"og:description\" content=\"Treffen Sie die Brown King Size Rolling Papers, Produkte f\u00fcr Raucher von bester Qualit\u00e4t bei Smoking Paper \u2705 Zu den besten Preisen, Produktkatalog!\" \/>\n<meta property=\"og:url\" content=\"https:\/\/www.smokingpaper.com\/de\/brown-king-size\/\" \/>\n<meta property=\"og:site_name\" content=\"Smoking\" \/>\n<meta property=\"article:modified_time\" content=\"2023-11-17T12:06:33+00:00\" \/>\n<meta property=\"og:image\" content=\"https:\/\/www.smokingpaper.com\/wp-content\/uploads\/2021\/12\/ks-brown-removebg-preview.png\" \/>\n\t<meta property=\"og:image:width\" content=\"667\" \/>\n\t<meta property=\"og:image:height\" content=\"374\" \/>\n\t<meta property=\"og:image:type\" content=\"image\/png\" \/>\n<meta name=\"twitter:card\" content=\"summary_large_image\" \/>\n<meta name=\"twitter:label1\" content=\"Gesch\u00e4tzte Lesezeit\" \/>\n\t<meta name=\"twitter:data1\" content=\"1\u00a0Minute\" \/>\n<!-- \/ Yoast SEO plugin. -->","yoast_head_json":{"title":"\u25b7 Zigarettenpapier Brown King Size | Smoking Paper","description":"Treffen Sie die Brown King Size Rolling Papers, Produkte f\u00fcr Raucher von bester Qualit\u00e4t bei Smoking Paper \u2705 Zu den besten Preisen, Produktkatalog!","robots":{"index":"index","follow":"follow","max-snippet":"max-snippet:-1","max-image-preview":"max-image-preview:large","max-video-preview":"max-video-preview:-1"},"canonical":"https:\/\/www.smokingpaper.com\/de\/brown-king-size\/","og_locale":"de_DE","og_type":"article","og_title":"\u25b7 Zigarettenpapier Brown King Size | Smoking Paper","og_description":"Treffen Sie die Brown King Size Rolling Papers, Produkte f\u00fcr Raucher von bester Qualit\u00e4t bei Smoking Paper \u2705 Zu den besten Preisen, Produktkatalog!","og_url":"https:\/\/www.smokingpaper.com\/de\/brown-king-size\/","og_site_name":"Smoking","article_modified_time":"2023-11-17T12:06:33+00:00","og_image":[{"width":667,"height":374,"url":"https:\/\/www.smokingpaper.com\/wp-content\/uploads\/2021\/12\/ks-brown-removebg-preview.png","type":"image\/png"}],"twitter_card":"summary_large_image","twitter_misc":{"Gesch\u00e4tzte Lesezeit":"1\u00a0Minute"},"schema":{"@context":"https:\/\/schema.org","@graph":[{"@type":"BreadcrumbList","@id":"https:\/\/www.smokingpaper.com\/de\/brown-king-size\/#breadcrumb","itemListElement":[{"@type":"ListItem","position":1,"name":"Home","item":"https:\/\/www.smokingpaper.com\/de\/"},{"@type":"ListItem","position":2,"name":"Produkte","item":"https:\/\/www.smokingpaper.com\/de\/shop\/"},{"@type":"ListItem","position":3,"name":"ZIGARETTENPAPIER","item":"https:\/\/www.smokingpaper.com\/de\/produkte\/blattchen\/"},{"@type":"ListItem","position":4,"name":"Brown King Size"}]}]}},"_links":{"self":[{"href":"https:\/\/www.smokingpaper.com\/de\/wp-json\/wp\/v2\/product\/484","targetHints":{"allow":["GET"]}}],"collection":[{"href":"https:\/\/www.smokingpaper.com\/de\/wp-json\/wp\/v2\/product"}],"about":[{"href":"https:\/\/www.smokingpaper.com\/de\/wp-json\/wp\/v2\/types\/product"}],"wp:featuredmedia":[{"embeddable":true,"href":"https:\/\/www.smokingpaper.com\/de\/wp-json\/wp\/v2\/media\/963"}],"wp:attachment":[{"href":"https:\/\/www.smokingpaper.com\/de\/wp-json\/wp\/v2\/media?parent=484"}],"wp:term":[{"taxonomy":"product_brand","embeddable":true,"href":"https:\/\/www.smokingpaper.com\/de\/wp-json\/wp\/v2\/product_brand?post=484"},{"taxonomy":"product_cat","embeddable":true,"href":"https:\/\/www.smokingpaper.com\/de\/wp-json\/wp\/v2\/product_cat?post=484"},{"taxonomy":"product_tag","embeddable":true,"href":"https:\/\/www.smokingpaper.com\/de\/wp-json\/wp\/v2\/product_tag?post=484"}],"curies":[{"name":"wp","href":"https:\/\/api.w.org\/{rel}","templated":true}]}}