{"id":4636,"date":"2022-05-31T10:38:47","date_gmt":"2022-05-31T08:38:47","guid":{"rendered":"https:\/\/www.smokingpaper.com\/?post_type=product&#038;p=4636"},"modified":"2025-06-12T08:43:43","modified_gmt":"2025-06-12T06:43:43","slug":"good-time-for-blauer-grinder","status":"publish","type":"product","link":"https:\/\/www.smokingpaper.com\/de\/good-time-for-blauer-grinder\/","title":{"rendered":"GOOD TIME FOR BLAUER GRINDER"},"content":{"rendered":"","protected":false},"excerpt":{"rendered":"<p>Der blaue <strong>Good Time For<\/strong> Grinder ist dein stylisches und praktisches Zubeh\u00f6r f\u00fcr m\u00fcheloses Mahlen. Ausgestattet mit diamantf\u00f6rmigen Z\u00e4hnen, einem Zerkleinerungsfach, einem Aufbewahrungsbeh\u00e4lter und einem feinen Sieb sorgt er daf\u00fcr, dass wirklich nichts verloren geht.<\/p>\n<p>Sein metallisch-blaues Finish kombiniert mit einer witzigen Illustration auf dem Deckel macht ihn zum Hingucker in jeder Sammlung. Entdecke alle Modelle der Smoking\u00ae-Grinder-Serie und finde deinen pers\u00f6nlichen Favoriten f\u00fcr einfaches, effizientes Mahlen mit Stil.<\/p>\n","protected":false},"featured_media":6254,"template":"","meta":{"_acf_changed":false,"inline_featured_image":false},"product_brand":[],"product_cat":[773],"product_tag":[],"class_list":{"0":"post-4636","1":"product","2":"type-product","3":"status-publish","4":"has-post-thumbnail","6":"product_cat-grinders","8":"first","9":"instock","10":"shipping-taxable","11":"product-type-simple"},"acf":[],"yoast_head":"<!-- This site is optimized with the Yoast SEO plugin v26.2 - https:\/\/yoast.com\/wordpress\/plugins\/seo\/ -->\n<title>\u25b7 Blau Grinder Good Time for - 4-teiliger | Smoking Paper<\/title>\n<meta name=\"description\" content=\"Entdecke den Blau Grinder Good Time for von Smoking Paper f\u00fcr Gras, Tabak und alles andere, was du grinden m\u00f6chtest. Entdecke alle unsere Grinder.\" \/>\n<meta name=\"robots\" content=\"index, follow, max-snippet:-1, max-image-preview:large, max-video-preview:-1\" \/>\n<link rel=\"canonical\" href=\"https:\/\/www.smokingpaper.com\/de\/good-time-for-blauer-grinder\/\" \/>\n<meta property=\"og:locale\" content=\"de_DE\" \/>\n<meta property=\"og:type\" content=\"article\" \/>\n<meta property=\"og:title\" content=\"\u25b7 Blau Grinder Good Time for - 4-teiliger | Smoking Paper\" \/>\n<meta property=\"og:description\" content=\"Entdecke den Blau Grinder Good Time for von Smoking Paper f\u00fcr Gras, Tabak und alles andere, was du grinden m\u00f6chtest. Entdecke alle unsere Grinder.\" \/>\n<meta property=\"og:url\" content=\"https:\/\/www.smokingpaper.com\/de\/good-time-for-blauer-grinder\/\" \/>\n<meta property=\"og:site_name\" content=\"Smoking\" \/>\n<meta property=\"article:modified_time\" content=\"2025-06-12T06:43:43+00:00\" \/>\n<meta property=\"og:image\" content=\"https:\/\/www.smokingpaper.com\/wp-content\/uploads\/2022\/05\/grinders-blue_goodtimefor_obert_tot-2.jpg\" \/>\n\t<meta property=\"og:image:width\" content=\"1824\" \/>\n\t<meta property=\"og:image:height\" content=\"2736\" \/>\n\t<meta property=\"og:image:type\" content=\"image\/jpeg\" \/>\n<meta name=\"twitter:card\" content=\"summary_large_image\" \/>\n<!-- \/ Yoast SEO plugin. -->","yoast_head_json":{"title":"\u25b7 Blau Grinder Good Time for - 4-teiliger | Smoking Paper","description":"Entdecke den Blau Grinder Good Time for von Smoking Paper f\u00fcr Gras, Tabak und alles andere, was du grinden m\u00f6chtest. Entdecke alle unsere Grinder.","robots":{"index":"index","follow":"follow","max-snippet":"max-snippet:-1","max-image-preview":"max-image-preview:large","max-video-preview":"max-video-preview:-1"},"canonical":"https:\/\/www.smokingpaper.com\/de\/good-time-for-blauer-grinder\/","og_locale":"de_DE","og_type":"article","og_title":"\u25b7 Blau Grinder Good Time for - 4-teiliger | Smoking Paper","og_description":"Entdecke den Blau Grinder Good Time for von Smoking Paper f\u00fcr Gras, Tabak und alles andere, was du grinden m\u00f6chtest. Entdecke alle unsere Grinder.","og_url":"https:\/\/www.smokingpaper.com\/de\/good-time-for-blauer-grinder\/","og_site_name":"Smoking","article_modified_time":"2025-06-12T06:43:43+00:00","og_image":[{"width":1824,"height":2736,"url":"https:\/\/www.smokingpaper.com\/wp-content\/uploads\/2022\/05\/grinders-blue_goodtimefor_obert_tot-2.jpg","type":"image\/jpeg"}],"twitter_card":"summary_large_image","schema":{"@context":"https:\/\/schema.org","@graph":[{"@type":"BreadcrumbList","@id":"https:\/\/www.smokingpaper.com\/de\/good-time-for-blauer-grinder\/#breadcrumb","itemListElement":[{"@type":"ListItem","position":1,"name":"Home","item":"https:\/\/www.smokingpaper.com\/de\/"},{"@type":"ListItem","position":2,"name":"Produkte","item":"https:\/\/www.smokingpaper.com\/de\/shop\/"},{"@type":"ListItem","position":3,"name":"Grinders","item":"https:\/\/www.smokingpaper.com\/de\/produkte\/grinders\/"},{"@type":"ListItem","position":4,"name":"GOOD TIME FOR BLAUER GRINDER"}]}]}},"_links":{"self":[{"href":"https:\/\/www.smokingpaper.com\/de\/wp-json\/wp\/v2\/product\/4636","targetHints":{"allow":["GET"]}}],"collection":[{"href":"https:\/\/www.smokingpaper.com\/de\/wp-json\/wp\/v2\/product"}],"about":[{"href":"https:\/\/www.smokingpaper.com\/de\/wp-json\/wp\/v2\/types\/product"}],"wp:featuredmedia":[{"embeddable":true,"href":"https:\/\/www.smokingpaper.com\/de\/wp-json\/wp\/v2\/media\/6254"}],"wp:attachment":[{"href":"https:\/\/www.smokingpaper.com\/de\/wp-json\/wp\/v2\/media?parent=4636"}],"wp:term":[{"taxonomy":"product_brand","embeddable":true,"href":"https:\/\/www.smokingpaper.com\/de\/wp-json\/wp\/v2\/product_brand?post=4636"},{"taxonomy":"product_cat","embeddable":true,"href":"https:\/\/www.smokingpaper.com\/de\/wp-json\/wp\/v2\/product_cat?post=4636"},{"taxonomy":"product_tag","embeddable":true,"href":"https:\/\/www.smokingpaper.com\/de\/wp-json\/wp\/v2\/product_tag?post=4636"}],"curies":[{"name":"wp","href":"https:\/\/api.w.org\/{rel}","templated":true}]}}