{"id":4440,"date":"2022-04-11T16:15:50","date_gmt":"2022-04-11T14:15:50","guid":{"rendered":"https:\/\/www.smokingpaper.com\/?post_type=product&#038;p=4440"},"modified":"2025-05-19T10:02:43","modified_gmt":"2025-05-19T08:02:43","slug":"ultra-slim-long-120-filters","status":"publish","type":"product","link":"https:\/\/www.smokingpaper.com\/de\/ultra-slim-long-120-filters\/","title":{"rendered":"ULTRA SLIM LONG FILTERS 120"},"content":{"rendered":"","protected":false},"excerpt":{"rendered":"<p><span style=\"font-weight: 400;\">F\u00fcr perfekte Zigaretten brauchst du die richtigen Filter \u2013 und genau daf\u00fcr sind unsere <\/span><b>Ultra Slim Long Filter <\/b><span style=\"font-weight: 400;\">gemacht!<\/span><\/p>\n<p><span style=\"font-weight: 400;\">Diese papierbeschichteten Filter sind besonders d\u00fcnn (nur 5,7 mm Durchmesser) und mit einer L\u00e4nge von 22 mm etwas l\u00e4nger als herk\u00f6mmliche Filter. In diesem Set erh\u00e4ltst du 120 Ultra Slim Long Filter, um deine Zigaretten besonders d\u00fcnn und perfekt zu rollen!<\/span><\/p>\n","protected":false},"featured_media":4443,"template":"","meta":{"_acf_changed":false,"inline_featured_image":false},"product_brand":[],"product_cat":[208],"product_tag":[],"class_list":{"0":"post-4440","1":"product","2":"type-product","3":"status-publish","4":"has-post-thumbnail","6":"product_cat-filters","8":"first","9":"instock","10":"shipping-taxable","11":"product-type-simple"},"acf":[],"yoast_head":"<!-- This site is optimized with the Yoast SEO plugin v26.2 - https:\/\/yoast.com\/wordpress\/plugins\/seo\/ -->\n<title>Filters Ultra Slim Long 120 | Smoking Paper<\/title>\n<meta name=\"description\" content=\"Finden Sie die Filter Ultra Slim Long 120, rauchende Produkte der besten Qualit\u00e4t beim Raucherpapier \u2705 zu Top-Preisen.\" \/>\n<meta name=\"robots\" content=\"index, follow, max-snippet:-1, max-image-preview:large, max-video-preview:-1\" \/>\n<link rel=\"canonical\" href=\"https:\/\/www.smokingpaper.com\/de\/ultra-slim-long-120-filters\/\" \/>\n<meta property=\"og:locale\" content=\"de_DE\" \/>\n<meta property=\"og:type\" content=\"article\" \/>\n<meta property=\"og:title\" content=\"Filters Ultra Slim Long 120 | Smoking Paper\" \/>\n<meta property=\"og:description\" content=\"Finden Sie die Filter Ultra Slim Long 120, rauchende Produkte der besten Qualit\u00e4t beim Raucherpapier \u2705 zu Top-Preisen.\" \/>\n<meta property=\"og:url\" content=\"https:\/\/www.smokingpaper.com\/de\/ultra-slim-long-120-filters\/\" \/>\n<meta property=\"og:site_name\" content=\"Smoking\" \/>\n<meta property=\"article:modified_time\" content=\"2025-05-19T08:02:43+00:00\" \/>\n<meta property=\"og:image\" content=\"https:\/\/www.smokingpaper.com\/wp-content\/uploads\/2022\/04\/Ultra-Slim.png\" \/>\n\t<meta property=\"og:image:width\" content=\"667\" \/>\n\t<meta property=\"og:image:height\" content=\"374\" \/>\n\t<meta property=\"og:image:type\" content=\"image\/png\" \/>\n<meta name=\"twitter:card\" content=\"summary_large_image\" \/>\n<!-- \/ Yoast SEO plugin. -->","yoast_head_json":{"title":"Filters Ultra Slim Long 120 | Smoking Paper","description":"Finden Sie die Filter Ultra Slim Long 120, rauchende Produkte der besten Qualit\u00e4t beim Raucherpapier \u2705 zu Top-Preisen.","robots":{"index":"index","follow":"follow","max-snippet":"max-snippet:-1","max-image-preview":"max-image-preview:large","max-video-preview":"max-video-preview:-1"},"canonical":"https:\/\/www.smokingpaper.com\/de\/ultra-slim-long-120-filters\/","og_locale":"de_DE","og_type":"article","og_title":"Filters Ultra Slim Long 120 | Smoking Paper","og_description":"Finden Sie die Filter Ultra Slim Long 120, rauchende Produkte der besten Qualit\u00e4t beim Raucherpapier \u2705 zu Top-Preisen.","og_url":"https:\/\/www.smokingpaper.com\/de\/ultra-slim-long-120-filters\/","og_site_name":"Smoking","article_modified_time":"2025-05-19T08:02:43+00:00","og_image":[{"width":667,"height":374,"url":"https:\/\/www.smokingpaper.com\/wp-content\/uploads\/2022\/04\/Ultra-Slim.png","type":"image\/png"}],"twitter_card":"summary_large_image","schema":{"@context":"https:\/\/schema.org","@graph":[{"@type":"BreadcrumbList","@id":"https:\/\/www.smokingpaper.com\/de\/ultra-slim-long-120-filters\/#breadcrumb","itemListElement":[{"@type":"ListItem","position":1,"name":"Home","item":"https:\/\/www.smokingpaper.com\/de\/"},{"@type":"ListItem","position":2,"name":"Produkte","item":"https:\/\/www.smokingpaper.com\/de\/shop\/"},{"@type":"ListItem","position":3,"name":"Filter","item":"https:\/\/www.smokingpaper.com\/de\/produkte\/filters\/"},{"@type":"ListItem","position":4,"name":"ULTRA SLIM LONG FILTERS 120"}]}]}},"_links":{"self":[{"href":"https:\/\/www.smokingpaper.com\/de\/wp-json\/wp\/v2\/product\/4440","targetHints":{"allow":["GET"]}}],"collection":[{"href":"https:\/\/www.smokingpaper.com\/de\/wp-json\/wp\/v2\/product"}],"about":[{"href":"https:\/\/www.smokingpaper.com\/de\/wp-json\/wp\/v2\/types\/product"}],"wp:featuredmedia":[{"embeddable":true,"href":"https:\/\/www.smokingpaper.com\/de\/wp-json\/wp\/v2\/media\/4443"}],"wp:attachment":[{"href":"https:\/\/www.smokingpaper.com\/de\/wp-json\/wp\/v2\/media?parent=4440"}],"wp:term":[{"taxonomy":"product_brand","embeddable":true,"href":"https:\/\/www.smokingpaper.com\/de\/wp-json\/wp\/v2\/product_brand?post=4440"},{"taxonomy":"product_cat","embeddable":true,"href":"https:\/\/www.smokingpaper.com\/de\/wp-json\/wp\/v2\/product_cat?post=4440"},{"taxonomy":"product_tag","embeddable":true,"href":"https:\/\/www.smokingpaper.com\/de\/wp-json\/wp\/v2\/product_tag?post=4440"}],"curies":[{"name":"wp","href":"https:\/\/api.w.org\/{rel}","templated":true}]}}