{"id":4262,"date":"2022-03-18T11:39:18","date_gmt":"2022-03-18T10:39:18","guid":{"rendered":"https:\/\/www.smokingpaper.com\/?post_type=product&#038;p=4262"},"modified":"2025-05-19T10:42:59","modified_gmt":"2025-05-19T08:42:59","slug":"deluxe-ks-cones-x4","status":"publish","type":"product","link":"https:\/\/www.smokingpaper.com\/de\/deluxe-ks-cones-x4\/","title":{"rendered":"Deluxe King Size Cones x4"},"content":{"rendered":"","protected":false},"excerpt":{"rendered":"<p><span style=\"font-weight: 400;\">Die exklusive Deluxe-Reihe gibt es jetzt auch im King-Size-Format f\u00fcr Cones. Mit einer L\u00e4nge von 108 mm und einem Gewicht von 13 g\/m\u00b2 bieten diese Riesen-Cones die gewohnte Qualit\u00e4t des ultrafeinen, gebleichten Smoking\u00ae-Papiers, das f\u00fcr eine langsame und gleichm\u00e4\u00dfige Verbrennung sorgt. In jeder Packung findest du 4 <\/span><b>Deluxe King Size Cones<\/b><span style=\"font-weight: 400;\">, die dank des praktischen, geraden Verschlusses sofort einsatzbereit sind \u2013 ganz ohne Filter. Das Display enth\u00e4lt Karton- und Korkkappen, die das Produkt optimal sch\u00fctzen.<\/span><\/p>\n","protected":false},"featured_media":4265,"template":"","meta":{"_acf_changed":false,"inline_featured_image":false},"product_brand":[],"product_cat":[374],"product_tag":[],"class_list":{"0":"post-4262","1":"product","2":"type-product","3":"status-publish","4":"has-post-thumbnail","6":"product_cat-cones","8":"first","9":"instock","10":"shipping-taxable","11":"product-type-simple"},"acf":[],"yoast_head":"<!-- This site is optimized with the Yoast SEO plugin v26.2 - https:\/\/yoast.com\/wordpress\/plugins\/seo\/ -->\n<title>Bl\u00e4ttchen Cones Deluxe King Size x4 | Smoking Paper<\/title>\n<meta name=\"description\" content=\"Finden Sie die Deluxe Ks Cones X4, Raucherprodukte von bester Qualit\u00e4t bei Smoking Paper. Zu Top-Preisen. Produktkatalog online!\" \/>\n<meta name=\"robots\" content=\"index, follow, max-snippet:-1, max-image-preview:large, max-video-preview:-1\" \/>\n<link rel=\"canonical\" href=\"https:\/\/www.smokingpaper.com\/de\/deluxe-ks-cones-x4\/\" \/>\n<meta property=\"og:locale\" content=\"de_DE\" \/>\n<meta property=\"og:type\" content=\"article\" \/>\n<meta property=\"og:title\" content=\"Bl\u00e4ttchen Cones Deluxe King Size x4 | Smoking Paper\" \/>\n<meta property=\"og:description\" content=\"Finden Sie die Deluxe Ks Cones X4, Raucherprodukte von bester Qualit\u00e4t bei Smoking Paper. Zu Top-Preisen. Produktkatalog online!\" \/>\n<meta property=\"og:url\" content=\"https:\/\/www.smokingpaper.com\/de\/deluxe-ks-cones-x4\/\" \/>\n<meta property=\"og:site_name\" content=\"Smoking\" \/>\n<meta property=\"article:modified_time\" content=\"2025-05-19T08:42:59+00:00\" \/>\n<meta property=\"og:image\" content=\"https:\/\/www.smokingpaper.com\/wp-content\/uploads\/2022\/03\/3D-PACK-cones-x4-DELUXE-2-1.png\" \/>\n\t<meta property=\"og:image:width\" content=\"617\" \/>\n\t<meta property=\"og:image:height\" content=\"411\" \/>\n\t<meta property=\"og:image:type\" content=\"image\/png\" \/>\n<meta name=\"twitter:card\" content=\"summary_large_image\" \/>\n<meta name=\"twitter:label1\" content=\"Gesch\u00e4tzte Lesezeit\" \/>\n\t<meta name=\"twitter:data1\" content=\"1\u00a0Minute\" \/>\n<!-- \/ Yoast SEO plugin. -->","yoast_head_json":{"title":"Bl\u00e4ttchen Cones Deluxe King Size x4 | Smoking Paper","description":"Finden Sie die Deluxe Ks Cones X4, Raucherprodukte von bester Qualit\u00e4t bei Smoking Paper. Zu Top-Preisen. Produktkatalog online!","robots":{"index":"index","follow":"follow","max-snippet":"max-snippet:-1","max-image-preview":"max-image-preview:large","max-video-preview":"max-video-preview:-1"},"canonical":"https:\/\/www.smokingpaper.com\/de\/deluxe-ks-cones-x4\/","og_locale":"de_DE","og_type":"article","og_title":"Bl\u00e4ttchen Cones Deluxe King Size x4 | Smoking Paper","og_description":"Finden Sie die Deluxe Ks Cones X4, Raucherprodukte von bester Qualit\u00e4t bei Smoking Paper. Zu Top-Preisen. Produktkatalog online!","og_url":"https:\/\/www.smokingpaper.com\/de\/deluxe-ks-cones-x4\/","og_site_name":"Smoking","article_modified_time":"2025-05-19T08:42:59+00:00","og_image":[{"width":617,"height":411,"url":"https:\/\/www.smokingpaper.com\/wp-content\/uploads\/2022\/03\/3D-PACK-cones-x4-DELUXE-2-1.png","type":"image\/png"}],"twitter_card":"summary_large_image","twitter_misc":{"Gesch\u00e4tzte Lesezeit":"1\u00a0Minute"},"schema":{"@context":"https:\/\/schema.org","@graph":[{"@type":"BreadcrumbList","@id":"https:\/\/www.smokingpaper.com\/de\/deluxe-ks-cones-x4\/#breadcrumb","itemListElement":[{"@type":"ListItem","position":1,"name":"Home","item":"https:\/\/www.smokingpaper.com\/de\/"},{"@type":"ListItem","position":2,"name":"Produkte","item":"https:\/\/www.smokingpaper.com\/de\/shop\/"},{"@type":"ListItem","position":3,"name":"Cones","item":"https:\/\/www.smokingpaper.com\/de\/produkte\/cones\/"},{"@type":"ListItem","position":4,"name":"Deluxe King Size Cones x4"}]}]}},"_links":{"self":[{"href":"https:\/\/www.smokingpaper.com\/de\/wp-json\/wp\/v2\/product\/4262","targetHints":{"allow":["GET"]}}],"collection":[{"href":"https:\/\/www.smokingpaper.com\/de\/wp-json\/wp\/v2\/product"}],"about":[{"href":"https:\/\/www.smokingpaper.com\/de\/wp-json\/wp\/v2\/types\/product"}],"wp:featuredmedia":[{"embeddable":true,"href":"https:\/\/www.smokingpaper.com\/de\/wp-json\/wp\/v2\/media\/4265"}],"wp:attachment":[{"href":"https:\/\/www.smokingpaper.com\/de\/wp-json\/wp\/v2\/media?parent=4262"}],"wp:term":[{"taxonomy":"product_brand","embeddable":true,"href":"https:\/\/www.smokingpaper.com\/de\/wp-json\/wp\/v2\/product_brand?post=4262"},{"taxonomy":"product_cat","embeddable":true,"href":"https:\/\/www.smokingpaper.com\/de\/wp-json\/wp\/v2\/product_cat?post=4262"},{"taxonomy":"product_tag","embeddable":true,"href":"https:\/\/www.smokingpaper.com\/de\/wp-json\/wp\/v2\/product_tag?post=4262"}],"curies":[{"name":"wp","href":"https:\/\/api.w.org\/{rel}","templated":true}]}}