{"id":3058,"date":"2022-02-04T14:11:40","date_gmt":"2022-02-04T13:11:40","guid":{"rendered":"https:\/\/www.smokingpaper.com\/rollingtray-botticelli\/"},"modified":"2025-06-11T16:46:51","modified_gmt":"2025-06-11T14:46:51","slug":"drehunterlage-botticelli","status":"publish","type":"product","link":"https:\/\/www.smokingpaper.com\/de\/drehunterlage-botticelli\/","title":{"rendered":"Drehunterlage Botticelli"},"content":{"rendered":"","protected":false},"excerpt":{"rendered":"<p>Das Rollen deiner Zigaretten wird mit der Drehunterlage Boticelli zu einem wahrhaft kunstvollen Erlebnis. Inspiriert von \u201eDie Geburt der Venus\u201c, einem der ber\u00fchmtesten Werke des italienischen Meisters, bietet dir diese Unterlage nicht nur ausreichend Platz f\u00fcr all dein Zubeh\u00f6r, sondern auch eine stabile, hochwertige Verarbeitung. Die umlaufenden Kanten aus Metall verhindern, dass Tabakreste herausfallen, sodass nichts verschwendet wird. Doch das ist nicht die einzige Smoking\u00ae-Drehunterlage! Entdecke unsere gesamte Kollektion und finde die perfekte Unterlage f\u00fcr deine Sammlung.<\/p>\n","protected":false},"featured_media":9339,"template":"","meta":{"_acf_changed":false,"inline_featured_image":false},"product_brand":[],"product_cat":[776],"product_tag":[],"class_list":{"0":"post-3058","1":"product","2":"type-product","3":"status-publish","4":"has-post-thumbnail","6":"product_cat-drehunterlagen","8":"first","9":"instock","10":"shipping-taxable","11":"product-type-simple"},"acf":[],"yoast_head":"<!-- This site is optimized with the Yoast SEO plugin v26.2 - https:\/\/yoast.com\/wordpress\/plugins\/seo\/ -->\n<title>Drehunterlage Botticelli | Smoking<\/title>\n<meta name=\"description\" content=\"Smoking Paper Rolling Tray Botticelli\u00a0ist das Raucherzubeh\u00f6r , dass du brauchst um ein perfektes Ergebnis zu erreichen.\" \/>\n<meta name=\"robots\" content=\"index, follow, max-snippet:-1, max-image-preview:large, max-video-preview:-1\" \/>\n<link rel=\"canonical\" href=\"https:\/\/www.smokingpaper.com\/de\/drehunterlage-botticelli\/\" \/>\n<meta property=\"og:locale\" content=\"de_DE\" \/>\n<meta property=\"og:type\" content=\"article\" \/>\n<meta property=\"og:title\" content=\"Drehunterlage Botticelli | Smoking\" \/>\n<meta property=\"og:description\" content=\"Smoking Paper Rolling Tray Botticelli\u00a0ist das Raucherzubeh\u00f6r , dass du brauchst um ein perfektes Ergebnis zu erreichen.\" \/>\n<meta property=\"og:url\" content=\"https:\/\/www.smokingpaper.com\/de\/drehunterlage-botticelli\/\" \/>\n<meta property=\"og:site_name\" content=\"Smoking\" \/>\n<meta property=\"article:modified_time\" content=\"2025-06-11T14:46:51+00:00\" \/>\n<meta property=\"og:image\" content=\"https:\/\/www.smokingpaper.com\/wp-content\/uploads\/2022\/02\/Bandeja-de-liar-smoking-Botticelli.jpg\" \/>\n\t<meta property=\"og:image:width\" content=\"1277\" \/>\n\t<meta property=\"og:image:height\" content=\"1915\" \/>\n\t<meta property=\"og:image:type\" content=\"image\/jpeg\" \/>\n<meta name=\"twitter:card\" content=\"summary_large_image\" \/>\n<!-- \/ Yoast SEO plugin. -->","yoast_head_json":{"title":"Drehunterlage Botticelli | Smoking","description":"Smoking Paper Rolling Tray Botticelli\u00a0ist das Raucherzubeh\u00f6r , dass du brauchst um ein perfektes Ergebnis zu erreichen.","robots":{"index":"index","follow":"follow","max-snippet":"max-snippet:-1","max-image-preview":"max-image-preview:large","max-video-preview":"max-video-preview:-1"},"canonical":"https:\/\/www.smokingpaper.com\/de\/drehunterlage-botticelli\/","og_locale":"de_DE","og_type":"article","og_title":"Drehunterlage Botticelli | Smoking","og_description":"Smoking Paper Rolling Tray Botticelli\u00a0ist das Raucherzubeh\u00f6r , dass du brauchst um ein perfektes Ergebnis zu erreichen.","og_url":"https:\/\/www.smokingpaper.com\/de\/drehunterlage-botticelli\/","og_site_name":"Smoking","article_modified_time":"2025-06-11T14:46:51+00:00","og_image":[{"width":1277,"height":1915,"url":"https:\/\/www.smokingpaper.com\/wp-content\/uploads\/2022\/02\/Bandeja-de-liar-smoking-Botticelli.jpg","type":"image\/jpeg"}],"twitter_card":"summary_large_image","schema":{"@context":"https:\/\/schema.org","@graph":[{"@type":"BreadcrumbList","@id":"https:\/\/www.smokingpaper.com\/de\/drehunterlage-botticelli\/#breadcrumb","itemListElement":[{"@type":"ListItem","position":1,"name":"Home","item":"https:\/\/www.smokingpaper.com\/de\/"},{"@type":"ListItem","position":2,"name":"Produkte","item":"https:\/\/www.smokingpaper.com\/de\/shop\/"},{"@type":"ListItem","position":3,"name":"Drehunterlagen","item":"https:\/\/www.smokingpaper.com\/de\/produkte\/drehunterlagen\/"},{"@type":"ListItem","position":4,"name":"Drehunterlage Botticelli"}]}]}},"_links":{"self":[{"href":"https:\/\/www.smokingpaper.com\/de\/wp-json\/wp\/v2\/product\/3058","targetHints":{"allow":["GET"]}}],"collection":[{"href":"https:\/\/www.smokingpaper.com\/de\/wp-json\/wp\/v2\/product"}],"about":[{"href":"https:\/\/www.smokingpaper.com\/de\/wp-json\/wp\/v2\/types\/product"}],"wp:featuredmedia":[{"embeddable":true,"href":"https:\/\/www.smokingpaper.com\/de\/wp-json\/wp\/v2\/media\/9339"}],"wp:attachment":[{"href":"https:\/\/www.smokingpaper.com\/de\/wp-json\/wp\/v2\/media?parent=3058"}],"wp:term":[{"taxonomy":"product_brand","embeddable":true,"href":"https:\/\/www.smokingpaper.com\/de\/wp-json\/wp\/v2\/product_brand?post=3058"},{"taxonomy":"product_cat","embeddable":true,"href":"https:\/\/www.smokingpaper.com\/de\/wp-json\/wp\/v2\/product_cat?post=3058"},{"taxonomy":"product_tag","embeddable":true,"href":"https:\/\/www.smokingpaper.com\/de\/wp-json\/wp\/v2\/product_tag?post=3058"}],"curies":[{"name":"wp","href":"https:\/\/api.w.org\/{rel}","templated":true}]}}