{"id":3055,"date":"2022-02-04T14:10:43","date_gmt":"2022-02-04T13:10:43","guid":{"rendered":"https:\/\/www.smokingpaper.com\/rollingtray-vangogh\/"},"modified":"2025-06-11T16:53:36","modified_gmt":"2025-06-11T14:53:36","slug":"drehunterlage-vangogh","status":"publish","type":"product","link":"https:\/\/www.smokingpaper.com\/de\/drehunterlage-vangogh\/","title":{"rendered":"DREHUNTERLAGE VAN GOGH"},"content":{"rendered":"","protected":false},"excerpt":{"rendered":"<p>Mit unserer Drehunterlage Van Gogh kannst du deine Zigaretten ganz im Stil des ber\u00fchmten niederl\u00e4ndischen K\u00fcnstlers selbst drehen. Wir bei Smoking\u00ae haben sein Meisterwerk \u201eSchlafzimmer in Arles\u201c modern interpretiert und f\u00fcr dich aufbereitet. Dank der praktischen Drehunterlagen aus unserer Artist Collection kannst du deine Technik weiter verfeinern. W\u00e4hle aus verschiedenen Designs, die aus widerstandsf\u00e4higem Zinn gefertigt und mit umlaufenden R\u00e4ndern versehen sind, um das Herausfallen von Tabakresten zu verhindern.<\/p>\n","protected":false},"featured_media":9349,"template":"","meta":{"_acf_changed":false,"inline_featured_image":false},"product_brand":[],"product_cat":[776],"product_tag":[],"class_list":{"0":"post-3055","1":"product","2":"type-product","3":"status-publish","4":"has-post-thumbnail","6":"product_cat-drehunterlagen","8":"first","9":"instock","10":"shipping-taxable","11":"product-type-simple"},"acf":[],"yoast_head":"<!-- This site is optimized with the Yoast SEO plugin v26.2 - https:\/\/yoast.com\/wordpress\/plugins\/seo\/ -->\n<title>DREHUNTERLAGE VAN GOGH | Smoking<\/title>\n<meta name=\"description\" content=\"Die neue Smoking Paper Rolling Tray Van Gogh\u00a0ist das Raucherzubeh\u00f6r , dass du brauchst um ein perfektes Ergebnis zu erreichen.\" \/>\n<meta name=\"robots\" content=\"index, follow, max-snippet:-1, max-image-preview:large, max-video-preview:-1\" \/>\n<link rel=\"canonical\" href=\"https:\/\/www.smokingpaper.com\/de\/drehunterlage-vangogh\/\" \/>\n<meta property=\"og:locale\" content=\"de_DE\" \/>\n<meta property=\"og:type\" content=\"article\" \/>\n<meta property=\"og:title\" content=\"DREHUNTERLAGE VAN GOGH | Smoking\" \/>\n<meta property=\"og:description\" content=\"Die neue Smoking Paper Rolling Tray Van Gogh\u00a0ist das Raucherzubeh\u00f6r , dass du brauchst um ein perfektes Ergebnis zu erreichen.\" \/>\n<meta property=\"og:url\" content=\"https:\/\/www.smokingpaper.com\/de\/drehunterlage-vangogh\/\" \/>\n<meta property=\"og:site_name\" content=\"Smoking\" \/>\n<meta property=\"article:modified_time\" content=\"2025-06-11T14:53:36+00:00\" \/>\n<meta property=\"og:image\" content=\"https:\/\/www.smokingpaper.com\/wp-content\/uploads\/2022\/02\/Bandeja-de-liar-Van-Gogh-683x1024.jpg\" \/>\n\t<meta property=\"og:image:width\" content=\"683\" \/>\n\t<meta property=\"og:image:height\" content=\"1024\" \/>\n\t<meta property=\"og:image:type\" content=\"image\/jpeg\" \/>\n<meta name=\"twitter:card\" content=\"summary_large_image\" \/>\n<!-- \/ Yoast SEO plugin. -->","yoast_head_json":{"title":"DREHUNTERLAGE VAN GOGH | Smoking","description":"Die neue Smoking Paper Rolling Tray Van Gogh\u00a0ist das Raucherzubeh\u00f6r , dass du brauchst um ein perfektes Ergebnis zu erreichen.","robots":{"index":"index","follow":"follow","max-snippet":"max-snippet:-1","max-image-preview":"max-image-preview:large","max-video-preview":"max-video-preview:-1"},"canonical":"https:\/\/www.smokingpaper.com\/de\/drehunterlage-vangogh\/","og_locale":"de_DE","og_type":"article","og_title":"DREHUNTERLAGE VAN GOGH | Smoking","og_description":"Die neue Smoking Paper Rolling Tray Van Gogh\u00a0ist das Raucherzubeh\u00f6r , dass du brauchst um ein perfektes Ergebnis zu erreichen.","og_url":"https:\/\/www.smokingpaper.com\/de\/drehunterlage-vangogh\/","og_site_name":"Smoking","article_modified_time":"2025-06-11T14:53:36+00:00","og_image":[{"width":683,"height":1024,"url":"https:\/\/www.smokingpaper.com\/wp-content\/uploads\/2022\/02\/Bandeja-de-liar-Van-Gogh-683x1024.jpg","type":"image\/jpeg"}],"twitter_card":"summary_large_image","schema":{"@context":"https:\/\/schema.org","@graph":[{"@type":"BreadcrumbList","@id":"https:\/\/www.smokingpaper.com\/de\/drehunterlage-vangogh\/#breadcrumb","itemListElement":[{"@type":"ListItem","position":1,"name":"Home","item":"https:\/\/www.smokingpaper.com\/de\/"},{"@type":"ListItem","position":2,"name":"Produkte","item":"https:\/\/www.smokingpaper.com\/de\/shop\/"},{"@type":"ListItem","position":3,"name":"Drehunterlagen","item":"https:\/\/www.smokingpaper.com\/de\/produkte\/drehunterlagen\/"},{"@type":"ListItem","position":4,"name":"DREHUNTERLAGE VAN GOGH"}]}]}},"_links":{"self":[{"href":"https:\/\/www.smokingpaper.com\/de\/wp-json\/wp\/v2\/product\/3055","targetHints":{"allow":["GET"]}}],"collection":[{"href":"https:\/\/www.smokingpaper.com\/de\/wp-json\/wp\/v2\/product"}],"about":[{"href":"https:\/\/www.smokingpaper.com\/de\/wp-json\/wp\/v2\/types\/product"}],"wp:featuredmedia":[{"embeddable":true,"href":"https:\/\/www.smokingpaper.com\/de\/wp-json\/wp\/v2\/media\/9349"}],"wp:attachment":[{"href":"https:\/\/www.smokingpaper.com\/de\/wp-json\/wp\/v2\/media?parent=3055"}],"wp:term":[{"taxonomy":"product_brand","embeddable":true,"href":"https:\/\/www.smokingpaper.com\/de\/wp-json\/wp\/v2\/product_brand?post=3055"},{"taxonomy":"product_cat","embeddable":true,"href":"https:\/\/www.smokingpaper.com\/de\/wp-json\/wp\/v2\/product_cat?post=3055"},{"taxonomy":"product_tag","embeddable":true,"href":"https:\/\/www.smokingpaper.com\/de\/wp-json\/wp\/v2\/product_tag?post=3055"}],"curies":[{"name":"wp","href":"https:\/\/api.w.org\/{rel}","templated":true}]}}