{"id":3049,"date":"2022-02-04T14:08:41","date_gmt":"2022-02-04T13:08:41","guid":{"rendered":"https:\/\/www.smokingpaper.com\/rollingtray-klimt\/"},"modified":"2025-06-11T16:48:32","modified_gmt":"2025-06-11T14:48:32","slug":"drehunterlage-klimt","status":"publish","type":"product","link":"https:\/\/www.smokingpaper.com\/de\/drehunterlage-klimt\/","title":{"rendered":"DREHUNTERLAGE KLIMT"},"content":{"rendered":"","protected":false},"excerpt":{"rendered":"<p>Entdecke unsere Drehunterlage im Design des ikonischen Kunstwerks \u201eDer Kuss\u201c von Gustav Klimt. Das perfekte Raucherzubeh\u00f6r, mit dem du in Ruhe und mit einem Hauch k\u00fcnstlerischen Stils deine Zigaretten drehen kannst. Die robuste, kunstvoll gestaltete Unterlage aus Zinn findet fast \u00fcberall Platz. Dank der umlaufenden Kanten gehen keine Tabakreste verloren \u2013 sie bleiben sicher auf der Unterlage. Die Smoking\u00ae-Drehunterlagen gibt es in einzigartigen Ausf\u00fchrungen. W\u00e4hle deinen Favoriten!<\/p>\n","protected":false},"featured_media":9343,"template":"","meta":{"_acf_changed":false,"inline_featured_image":false},"product_brand":[],"product_cat":[776],"product_tag":[],"class_list":{"0":"post-3049","1":"product","2":"type-product","3":"status-publish","4":"has-post-thumbnail","6":"product_cat-drehunterlagen","8":"first","9":"instock","10":"shipping-taxable","11":"product-type-simple"},"acf":[],"yoast_head":"<!-- This site is optimized with the Yoast SEO plugin v26.2 - https:\/\/yoast.com\/wordpress\/plugins\/seo\/ -->\n<title>ROLLINGTRAY KLIMT | Smoking Paper<\/title>\n<meta name=\"description\" content=\"Smoking Paper Rolling Trays, das perfekte Zubeh\u00f6r f\u00fcr alle, die auf der Suche nach maximalem Komfort und Funktionalit\u00e4t beim Rollen sind.\" \/>\n<meta name=\"robots\" content=\"index, follow, max-snippet:-1, max-image-preview:large, max-video-preview:-1\" \/>\n<link rel=\"canonical\" href=\"https:\/\/www.smokingpaper.com\/de\/drehunterlage-klimt\/\" \/>\n<meta property=\"og:locale\" content=\"de_DE\" \/>\n<meta property=\"og:type\" content=\"article\" \/>\n<meta property=\"og:title\" content=\"ROLLINGTRAY KLIMT | Smoking Paper\" \/>\n<meta property=\"og:description\" content=\"Smoking Paper Rolling Trays, das perfekte Zubeh\u00f6r f\u00fcr alle, die auf der Suche nach maximalem Komfort und Funktionalit\u00e4t beim Rollen sind.\" \/>\n<meta property=\"og:url\" content=\"https:\/\/www.smokingpaper.com\/de\/drehunterlage-klimt\/\" \/>\n<meta property=\"og:site_name\" content=\"Smoking\" \/>\n<meta property=\"article:modified_time\" content=\"2025-06-11T14:48:32+00:00\" \/>\n<meta property=\"og:image\" content=\"https:\/\/www.smokingpaper.com\/wp-content\/uploads\/2022\/02\/Bandeja-de-liar-cuadro-famoso-el-beso-683x1024.jpg\" \/>\n\t<meta property=\"og:image:width\" content=\"683\" \/>\n\t<meta property=\"og:image:height\" content=\"1024\" \/>\n\t<meta property=\"og:image:type\" content=\"image\/jpeg\" \/>\n<meta name=\"twitter:card\" content=\"summary_large_image\" \/>\n<!-- \/ Yoast SEO plugin. -->","yoast_head_json":{"title":"ROLLINGTRAY KLIMT | Smoking Paper","description":"Smoking Paper Rolling Trays, das perfekte Zubeh\u00f6r f\u00fcr alle, die auf der Suche nach maximalem Komfort und Funktionalit\u00e4t beim Rollen sind.","robots":{"index":"index","follow":"follow","max-snippet":"max-snippet:-1","max-image-preview":"max-image-preview:large","max-video-preview":"max-video-preview:-1"},"canonical":"https:\/\/www.smokingpaper.com\/de\/drehunterlage-klimt\/","og_locale":"de_DE","og_type":"article","og_title":"ROLLINGTRAY KLIMT | Smoking Paper","og_description":"Smoking Paper Rolling Trays, das perfekte Zubeh\u00f6r f\u00fcr alle, die auf der Suche nach maximalem Komfort und Funktionalit\u00e4t beim Rollen sind.","og_url":"https:\/\/www.smokingpaper.com\/de\/drehunterlage-klimt\/","og_site_name":"Smoking","article_modified_time":"2025-06-11T14:48:32+00:00","og_image":[{"width":683,"height":1024,"url":"https:\/\/www.smokingpaper.com\/wp-content\/uploads\/2022\/02\/Bandeja-de-liar-cuadro-famoso-el-beso-683x1024.jpg","type":"image\/jpeg"}],"twitter_card":"summary_large_image","schema":{"@context":"https:\/\/schema.org","@graph":[{"@type":"BreadcrumbList","@id":"https:\/\/www.smokingpaper.com\/de\/drehunterlage-klimt\/#breadcrumb","itemListElement":[{"@type":"ListItem","position":1,"name":"Home","item":"https:\/\/www.smokingpaper.com\/de\/"},{"@type":"ListItem","position":2,"name":"Produkte","item":"https:\/\/www.smokingpaper.com\/de\/shop\/"},{"@type":"ListItem","position":3,"name":"Drehunterlagen","item":"https:\/\/www.smokingpaper.com\/de\/produkte\/drehunterlagen\/"},{"@type":"ListItem","position":4,"name":"DREHUNTERLAGE KLIMT"}]}]}},"_links":{"self":[{"href":"https:\/\/www.smokingpaper.com\/de\/wp-json\/wp\/v2\/product\/3049","targetHints":{"allow":["GET"]}}],"collection":[{"href":"https:\/\/www.smokingpaper.com\/de\/wp-json\/wp\/v2\/product"}],"about":[{"href":"https:\/\/www.smokingpaper.com\/de\/wp-json\/wp\/v2\/types\/product"}],"wp:featuredmedia":[{"embeddable":true,"href":"https:\/\/www.smokingpaper.com\/de\/wp-json\/wp\/v2\/media\/9343"}],"wp:attachment":[{"href":"https:\/\/www.smokingpaper.com\/de\/wp-json\/wp\/v2\/media?parent=3049"}],"wp:term":[{"taxonomy":"product_brand","embeddable":true,"href":"https:\/\/www.smokingpaper.com\/de\/wp-json\/wp\/v2\/product_brand?post=3049"},{"taxonomy":"product_cat","embeddable":true,"href":"https:\/\/www.smokingpaper.com\/de\/wp-json\/wp\/v2\/product_cat?post=3049"},{"taxonomy":"product_tag","embeddable":true,"href":"https:\/\/www.smokingpaper.com\/de\/wp-json\/wp\/v2\/product_tag?post=3049"}],"curies":[{"name":"wp","href":"https:\/\/api.w.org\/{rel}","templated":true}]}}