{"id":2977,"date":"2022-02-04T11:58:15","date_gmt":"2022-02-04T10:58:15","guid":{"rendered":"https:\/\/www.smokingpaper.com\/calcetines-s-style\/"},"modified":"2025-05-16T09:09:55","modified_gmt":"2025-05-16T07:09:55","slug":"socken-s-style","status":"publish","type":"product","link":"https:\/\/www.smokingpaper.com\/de\/socken-s-style\/","title":{"rendered":"SOCKEN S-STYLE"},"content":{"rendered":"","protected":false},"excerpt":{"rendered":"<p>Vervollst\u00e4ndige dein Outfit mit den Smoking\u00ae S-Style-Socken! Ein einzigartiges Accessoire, das perfekt zu deinem Stil passt und jederzeit tragbar ist. Die S-Style-Socken begeistern mit einem originellen Flammendesign und dem Smoking\u00ae-Logo in den Farben Blau, Rot, Wei\u00df und Gelb. Optisch ansprechend und bequem bieten sie aus flauschiger, atmungsaktiver Baumwolle angenehme W\u00e4rme und Komfort, der den ganzen Tag anh\u00e4lt.<\/p>\n<p>Bald verf\u00fcgbar<\/p>\n","protected":false},"featured_media":3143,"template":"","meta":{"_acf_changed":false,"inline_featured_image":false},"product_brand":[],"product_cat":[460],"product_tag":[],"class_list":{"0":"post-2977","1":"product","2":"type-product","3":"status-publish","4":"has-post-thumbnail","6":"product_cat-apparel","8":"first","9":"instock","10":"shipping-taxable","11":"product-type-simple"},"acf":[],"yoast_head":"<!-- This site is optimized with the Yoast SEO plugin v26.2 - https:\/\/yoast.com\/wordpress\/plugins\/seo\/ -->\n<title>Kalketinen S-Style | Smoking Paper<\/title>\n<meta name=\"description\" content=\"Smoking Paper Socken sind die besten Verb\u00fcndeten, um Ihre Kn\u00f6chel warm und bequem zu halten, ohne dabei auf Stil zu verzichten.\" \/>\n<meta name=\"robots\" content=\"index, follow, max-snippet:-1, max-image-preview:large, max-video-preview:-1\" \/>\n<link rel=\"canonical\" href=\"https:\/\/www.smokingpaper.com\/de\/socken-s-style\/\" \/>\n<meta property=\"og:locale\" content=\"de_DE\" \/>\n<meta property=\"og:type\" content=\"article\" \/>\n<meta property=\"og:title\" content=\"Kalketinen S-Style | Smoking Paper\" \/>\n<meta property=\"og:description\" content=\"Smoking Paper Socken sind die besten Verb\u00fcndeten, um Ihre Kn\u00f6chel warm und bequem zu halten, ohne dabei auf Stil zu verzichten.\" \/>\n<meta property=\"og:url\" content=\"https:\/\/www.smokingpaper.com\/de\/socken-s-style\/\" \/>\n<meta property=\"og:site_name\" content=\"Smoking\" \/>\n<meta property=\"article:modified_time\" content=\"2025-05-16T07:09:55+00:00\" \/>\n<meta property=\"og:image\" content=\"https:\/\/www.smokingpaper.com\/wp-content\/uploads\/2022\/02\/sock_flames_downdetail-min-scaled.jpg\" \/>\n\t<meta property=\"og:image:width\" content=\"1707\" \/>\n\t<meta property=\"og:image:height\" content=\"2560\" \/>\n\t<meta property=\"og:image:type\" content=\"image\/jpeg\" \/>\n<meta name=\"twitter:card\" content=\"summary_large_image\" \/>\n<!-- \/ Yoast SEO plugin. -->","yoast_head_json":{"title":"Kalketinen S-Style | Smoking Paper","description":"Smoking Paper Socken sind die besten Verb\u00fcndeten, um Ihre Kn\u00f6chel warm und bequem zu halten, ohne dabei auf Stil zu verzichten.","robots":{"index":"index","follow":"follow","max-snippet":"max-snippet:-1","max-image-preview":"max-image-preview:large","max-video-preview":"max-video-preview:-1"},"canonical":"https:\/\/www.smokingpaper.com\/de\/socken-s-style\/","og_locale":"de_DE","og_type":"article","og_title":"Kalketinen S-Style | Smoking Paper","og_description":"Smoking Paper Socken sind die besten Verb\u00fcndeten, um Ihre Kn\u00f6chel warm und bequem zu halten, ohne dabei auf Stil zu verzichten.","og_url":"https:\/\/www.smokingpaper.com\/de\/socken-s-style\/","og_site_name":"Smoking","article_modified_time":"2025-05-16T07:09:55+00:00","og_image":[{"width":1707,"height":2560,"url":"https:\/\/www.smokingpaper.com\/wp-content\/uploads\/2022\/02\/sock_flames_downdetail-min-scaled.jpg","type":"image\/jpeg"}],"twitter_card":"summary_large_image","schema":{"@context":"https:\/\/schema.org","@graph":[{"@type":"BreadcrumbList","@id":"https:\/\/www.smokingpaper.com\/de\/socken-s-style\/#breadcrumb","itemListElement":[{"@type":"ListItem","position":1,"name":"Home","item":"https:\/\/www.smokingpaper.com\/de\/"},{"@type":"ListItem","position":2,"name":"Produkte","item":"https:\/\/www.smokingpaper.com\/de\/shop\/"},{"@type":"ListItem","position":3,"name":"Apparel","item":"https:\/\/www.smokingpaper.com\/de\/produkte\/apparel\/"},{"@type":"ListItem","position":4,"name":"SOCKEN S-STYLE"}]}]}},"_links":{"self":[{"href":"https:\/\/www.smokingpaper.com\/de\/wp-json\/wp\/v2\/product\/2977","targetHints":{"allow":["GET"]}}],"collection":[{"href":"https:\/\/www.smokingpaper.com\/de\/wp-json\/wp\/v2\/product"}],"about":[{"href":"https:\/\/www.smokingpaper.com\/de\/wp-json\/wp\/v2\/types\/product"}],"wp:featuredmedia":[{"embeddable":true,"href":"https:\/\/www.smokingpaper.com\/de\/wp-json\/wp\/v2\/media\/3143"}],"wp:attachment":[{"href":"https:\/\/www.smokingpaper.com\/de\/wp-json\/wp\/v2\/media?parent=2977"}],"wp:term":[{"taxonomy":"product_brand","embeddable":true,"href":"https:\/\/www.smokingpaper.com\/de\/wp-json\/wp\/v2\/product_brand?post=2977"},{"taxonomy":"product_cat","embeddable":true,"href":"https:\/\/www.smokingpaper.com\/de\/wp-json\/wp\/v2\/product_cat?post=2977"},{"taxonomy":"product_tag","embeddable":true,"href":"https:\/\/www.smokingpaper.com\/de\/wp-json\/wp\/v2\/product_tag?post=2977"}],"curies":[{"name":"wp","href":"https:\/\/api.w.org\/{rel}","templated":true}]}}