{"id":2966,"date":"2022-02-04T11:38:42","date_gmt":"2022-02-04T10:38:42","guid":{"rendered":"https:\/\/www.smokingpaper.com\/rinonera-roja\/"},"modified":"2025-05-15T14:01:27","modified_gmt":"2025-05-15T12:01:27","slug":"rote-bauchtasche","status":"publish","type":"product","link":"https:\/\/www.smokingpaper.com\/de\/rote-bauchtasche\/","title":{"rendered":"ROTE BAUCHTASCHE"},"content":{"rendered":"","protected":false},"excerpt":{"rendered":"<p>Trage alles, was du brauchst, in der Smoking Classic Bauchtasche. In Rot, um deinen urbanen Stil perfekt zu betonen. Telefon, Schl\u00fcssel, Kopfh\u00f6rer und Smoking-Accessoires sind sicher verstaut, w\u00e4hrend du die H\u00e4nde frei hast, um entspannt deine Zigaretten zu drehen.<\/p>\n<p>Bald verf\u00fcgbar<\/p>\n","protected":false},"featured_media":3153,"template":"","meta":{"_acf_changed":false,"inline_featured_image":false},"product_brand":[],"product_cat":[460],"product_tag":[],"class_list":{"0":"post-2966","1":"product","2":"type-product","3":"status-publish","4":"has-post-thumbnail","6":"product_cat-apparel","8":"first","9":"instock","10":"shipping-taxable","11":"product-type-simple"},"acf":[],"yoast_head":"<!-- This site is optimized with the Yoast SEO plugin v26.2 - https:\/\/yoast.com\/wordpress\/plugins\/seo\/ -->\n<title>Rote Bauchtasche | Smoking Paper<\/title>\n<meta name=\"description\" content=\"In Rot, um Ihren urbanen Stil zu unterstreichen. Verstauen Sie Ihr Handy, Schl\u00fcssel, Kopfh\u00f6rer und Smoking-Accessoires und machen Sie Ihre H\u00e4nde frei.\" \/>\n<meta name=\"robots\" content=\"index, follow, max-snippet:-1, max-image-preview:large, max-video-preview:-1\" \/>\n<link rel=\"canonical\" href=\"https:\/\/www.smokingpaper.com\/de\/rote-bauchtasche\/\" \/>\n<meta property=\"og:locale\" content=\"de_DE\" \/>\n<meta property=\"og:type\" content=\"article\" \/>\n<meta property=\"og:title\" content=\"Rote Bauchtasche | Smoking Paper\" \/>\n<meta property=\"og:description\" content=\"In Rot, um Ihren urbanen Stil zu unterstreichen. Verstauen Sie Ihr Handy, Schl\u00fcssel, Kopfh\u00f6rer und Smoking-Accessoires und machen Sie Ihre H\u00e4nde frei.\" \/>\n<meta property=\"og:url\" content=\"https:\/\/www.smokingpaper.com\/de\/rote-bauchtasche\/\" \/>\n<meta property=\"og:site_name\" content=\"Smoking\" \/>\n<meta property=\"article:modified_time\" content=\"2025-05-15T12:01:27+00:00\" \/>\n<meta property=\"og:image\" content=\"https:\/\/www.smokingpaper.com\/wp-content\/uploads\/2022\/02\/red-bag-front2-min-scaled.jpg\" \/>\n\t<meta property=\"og:image:width\" content=\"1707\" \/>\n\t<meta property=\"og:image:height\" content=\"2560\" \/>\n\t<meta property=\"og:image:type\" content=\"image\/jpeg\" \/>\n<meta name=\"twitter:card\" content=\"summary_large_image\" \/>\n<!-- \/ Yoast SEO plugin. -->","yoast_head_json":{"title":"Rote Bauchtasche | Smoking Paper","description":"In Rot, um Ihren urbanen Stil zu unterstreichen. Verstauen Sie Ihr Handy, Schl\u00fcssel, Kopfh\u00f6rer und Smoking-Accessoires und machen Sie Ihre H\u00e4nde frei.","robots":{"index":"index","follow":"follow","max-snippet":"max-snippet:-1","max-image-preview":"max-image-preview:large","max-video-preview":"max-video-preview:-1"},"canonical":"https:\/\/www.smokingpaper.com\/de\/rote-bauchtasche\/","og_locale":"de_DE","og_type":"article","og_title":"Rote Bauchtasche | Smoking Paper","og_description":"In Rot, um Ihren urbanen Stil zu unterstreichen. Verstauen Sie Ihr Handy, Schl\u00fcssel, Kopfh\u00f6rer und Smoking-Accessoires und machen Sie Ihre H\u00e4nde frei.","og_url":"https:\/\/www.smokingpaper.com\/de\/rote-bauchtasche\/","og_site_name":"Smoking","article_modified_time":"2025-05-15T12:01:27+00:00","og_image":[{"width":1707,"height":2560,"url":"https:\/\/www.smokingpaper.com\/wp-content\/uploads\/2022\/02\/red-bag-front2-min-scaled.jpg","type":"image\/jpeg"}],"twitter_card":"summary_large_image","schema":{"@context":"https:\/\/schema.org","@graph":[{"@type":"BreadcrumbList","@id":"https:\/\/www.smokingpaper.com\/de\/rote-bauchtasche\/#breadcrumb","itemListElement":[{"@type":"ListItem","position":1,"name":"Home","item":"https:\/\/www.smokingpaper.com\/de\/"},{"@type":"ListItem","position":2,"name":"Produkte","item":"https:\/\/www.smokingpaper.com\/de\/shop\/"},{"@type":"ListItem","position":3,"name":"Apparel","item":"https:\/\/www.smokingpaper.com\/de\/produkte\/apparel\/"},{"@type":"ListItem","position":4,"name":"ROTE BAUCHTASCHE"}]}]}},"_links":{"self":[{"href":"https:\/\/www.smokingpaper.com\/de\/wp-json\/wp\/v2\/product\/2966","targetHints":{"allow":["GET"]}}],"collection":[{"href":"https:\/\/www.smokingpaper.com\/de\/wp-json\/wp\/v2\/product"}],"about":[{"href":"https:\/\/www.smokingpaper.com\/de\/wp-json\/wp\/v2\/types\/product"}],"wp:featuredmedia":[{"embeddable":true,"href":"https:\/\/www.smokingpaper.com\/de\/wp-json\/wp\/v2\/media\/3153"}],"wp:attachment":[{"href":"https:\/\/www.smokingpaper.com\/de\/wp-json\/wp\/v2\/media?parent=2966"}],"wp:term":[{"taxonomy":"product_brand","embeddable":true,"href":"https:\/\/www.smokingpaper.com\/de\/wp-json\/wp\/v2\/product_brand?post=2966"},{"taxonomy":"product_cat","embeddable":true,"href":"https:\/\/www.smokingpaper.com\/de\/wp-json\/wp\/v2\/product_cat?post=2966"},{"taxonomy":"product_tag","embeddable":true,"href":"https:\/\/www.smokingpaper.com\/de\/wp-json\/wp\/v2\/product_tag?post=2966"}],"curies":[{"name":"wp","href":"https:\/\/api.w.org\/{rel}","templated":true}]}}