{"id":2953,"date":"2022-02-04T11:22:23","date_gmt":"2022-02-04T10:22:23","guid":{"rendered":"https:\/\/www.smokingpaper.com\/camiseta-surf\/"},"modified":"2025-06-12T11:09:42","modified_gmt":"2025-06-12T09:09:42","slug":"blaues-t-shirt-im-surf-style","status":"publish","type":"product","link":"https:\/\/www.smokingpaper.com\/de\/blaues-t-shirt-im-surf-style\/","title":{"rendered":"BLAUES T-SHIRT IM SURF-STYLE"},"content":{"rendered":"","protected":false},"excerpt":{"rendered":"<p>Geschlechtsneutrales T-Shirt aus 100 % Bio-Baumwolle in Marineblau. Mit lockerer Passform f\u00fcr optimale Bewegungsfreiheit. Das Oversize-Design auf der R\u00fcckseite und das minimalistische Smoking-Logo im Surf-Style auf der Vorderseite verleihen dem T-Shirt einen coolen Look. Ideal f\u00fcr hei\u00dfe Tage und Sommern\u00e4chte.<\/p>\n","protected":false},"featured_media":3166,"template":"","meta":{"_acf_changed":false,"inline_featured_image":false},"product_brand":[],"product_cat":[460],"product_tag":[],"class_list":{"0":"post-2953","1":"product","2":"type-product","3":"status-publish","4":"has-post-thumbnail","6":"product_cat-apparel","8":"first","9":"instock","10":"shipping-taxable","11":"product-type-simple"},"acf":[],"yoast_head":"<!-- This site is optimized with the Yoast SEO plugin v26.2 - https:\/\/yoast.com\/wordpress\/plugins\/seo\/ -->\n<title>Marineblaues Surf T-Shirt | Smoking Paper<\/title>\n<meta name=\"description\" content=\"Kaufen Sie jetzt das Smoking Paper Kurzarm-T-Shirt. Es hat ein minimalistisches Design mit dem Smoking-Logo in einer Surf-Version auf der Vorder- und R\u00fcckseite.\" \/>\n<meta name=\"robots\" content=\"index, follow, max-snippet:-1, max-image-preview:large, max-video-preview:-1\" \/>\n<link rel=\"canonical\" href=\"https:\/\/www.smokingpaper.com\/de\/blaues-t-shirt-im-surf-style\/\" \/>\n<meta property=\"og:locale\" content=\"de_DE\" \/>\n<meta property=\"og:type\" content=\"article\" \/>\n<meta property=\"og:title\" content=\"Marineblaues Surf T-Shirt | Smoking Paper\" \/>\n<meta property=\"og:description\" content=\"Kaufen Sie jetzt das Smoking Paper Kurzarm-T-Shirt. Es hat ein minimalistisches Design mit dem Smoking-Logo in einer Surf-Version auf der Vorder- und R\u00fcckseite.\" \/>\n<meta property=\"og:url\" content=\"https:\/\/www.smokingpaper.com\/de\/blaues-t-shirt-im-surf-style\/\" \/>\n<meta property=\"og:site_name\" content=\"Smoking\" \/>\n<meta property=\"article:modified_time\" content=\"2025-06-12T09:09:42+00:00\" \/>\n<meta property=\"og:image\" content=\"https:\/\/www.smokingpaper.com\/wp-content\/uploads\/2022\/02\/tshirt-surf_back2-min-scaled.jpg\" \/>\n\t<meta property=\"og:image:width\" content=\"1707\" \/>\n\t<meta property=\"og:image:height\" content=\"2560\" \/>\n\t<meta property=\"og:image:type\" content=\"image\/jpeg\" \/>\n<meta name=\"twitter:card\" content=\"summary_large_image\" \/>\n<!-- \/ Yoast SEO plugin. -->","yoast_head_json":{"title":"Marineblaues Surf T-Shirt | Smoking Paper","description":"Kaufen Sie jetzt das Smoking Paper Kurzarm-T-Shirt. Es hat ein minimalistisches Design mit dem Smoking-Logo in einer Surf-Version auf der Vorder- und R\u00fcckseite.","robots":{"index":"index","follow":"follow","max-snippet":"max-snippet:-1","max-image-preview":"max-image-preview:large","max-video-preview":"max-video-preview:-1"},"canonical":"https:\/\/www.smokingpaper.com\/de\/blaues-t-shirt-im-surf-style\/","og_locale":"de_DE","og_type":"article","og_title":"Marineblaues Surf T-Shirt | Smoking Paper","og_description":"Kaufen Sie jetzt das Smoking Paper Kurzarm-T-Shirt. Es hat ein minimalistisches Design mit dem Smoking-Logo in einer Surf-Version auf der Vorder- und R\u00fcckseite.","og_url":"https:\/\/www.smokingpaper.com\/de\/blaues-t-shirt-im-surf-style\/","og_site_name":"Smoking","article_modified_time":"2025-06-12T09:09:42+00:00","og_image":[{"width":1707,"height":2560,"url":"https:\/\/www.smokingpaper.com\/wp-content\/uploads\/2022\/02\/tshirt-surf_back2-min-scaled.jpg","type":"image\/jpeg"}],"twitter_card":"summary_large_image","schema":{"@context":"https:\/\/schema.org","@graph":[{"@type":"BreadcrumbList","@id":"https:\/\/www.smokingpaper.com\/de\/blaues-t-shirt-im-surf-style\/#breadcrumb","itemListElement":[{"@type":"ListItem","position":1,"name":"Home","item":"https:\/\/www.smokingpaper.com\/de\/"},{"@type":"ListItem","position":2,"name":"Produkte","item":"https:\/\/www.smokingpaper.com\/de\/shop\/"},{"@type":"ListItem","position":3,"name":"Apparel","item":"https:\/\/www.smokingpaper.com\/de\/produkte\/apparel\/"},{"@type":"ListItem","position":4,"name":"BLAUES T-SHIRT IM SURF-STYLE"}]}]}},"_links":{"self":[{"href":"https:\/\/www.smokingpaper.com\/de\/wp-json\/wp\/v2\/product\/2953","targetHints":{"allow":["GET"]}}],"collection":[{"href":"https:\/\/www.smokingpaper.com\/de\/wp-json\/wp\/v2\/product"}],"about":[{"href":"https:\/\/www.smokingpaper.com\/de\/wp-json\/wp\/v2\/types\/product"}],"wp:featuredmedia":[{"embeddable":true,"href":"https:\/\/www.smokingpaper.com\/de\/wp-json\/wp\/v2\/media\/3166"}],"wp:attachment":[{"href":"https:\/\/www.smokingpaper.com\/de\/wp-json\/wp\/v2\/media?parent=2953"}],"wp:term":[{"taxonomy":"product_brand","embeddable":true,"href":"https:\/\/www.smokingpaper.com\/de\/wp-json\/wp\/v2\/product_brand?post=2953"},{"taxonomy":"product_cat","embeddable":true,"href":"https:\/\/www.smokingpaper.com\/de\/wp-json\/wp\/v2\/product_cat?post=2953"},{"taxonomy":"product_tag","embeddable":true,"href":"https:\/\/www.smokingpaper.com\/de\/wp-json\/wp\/v2\/product_tag?post=2953"}],"curies":[{"name":"wp","href":"https:\/\/api.w.org\/{rel}","templated":true}]}}