{"id":2950,"date":"2022-02-04T11:21:13","date_gmt":"2022-02-04T10:21:13","guid":{"rendered":"https:\/\/www.smokingpaper.com\/sudadera-snow\/"},"modified":"2025-06-12T11:08:33","modified_gmt":"2025-06-12T09:08:33","slug":"blaues-sweatchirt-im-snow-style","status":"publish","type":"product","link":"https:\/\/www.smokingpaper.com\/de\/blaues-sweatchirt-im-snow-style\/","title":{"rendered":"BLAUES SEWATSHIRT IM SNOW-STYLE"},"content":{"rendered":"","protected":false},"excerpt":{"rendered":"<p>Klassisch geschnittenes Sweatshirt aus 80 % Bio-Baumwolle und 20 % recyceltem Polyester in Eisblau. <strong>Stil und Nachhaltigkeit<\/strong> gehen hier Hand in Hand. Weich, warm und perfekt f\u00fcr die k\u00e4ltesten Wintertage. Das Sweatshirt \u00fcberzeugt mit einem \u00fcbergro\u00dfen Druck auf der R\u00fcckseite und einem minimalistischen Smoking-Logo mit winterlichem Design auf der Vorderseite.<\/p>\n<p>Bald verf\u00fcgbar<\/p>\n","protected":false},"featured_media":3169,"template":"","meta":{"_acf_changed":false,"inline_featured_image":false},"product_brand":[],"product_cat":[460],"product_tag":[],"class_list":{"0":"post-2950","1":"product","2":"type-product","3":"status-publish","4":"has-post-thumbnail","6":"product_cat-apparel","8":"first","9":"instock","10":"shipping-taxable","11":"product-type-simple"},"acf":[],"yoast_head":"<!-- This site is optimized with the Yoast SEO plugin v26.2 - https:\/\/yoast.com\/wordpress\/plugins\/seo\/ -->\n<title>Blaues Sweatshirt ohne Kapuze - Snow Style | Smoking Paper<\/title>\n<meta name=\"description\" content=\"Mit einem \u00fcbergro\u00dfen Druck auf der R\u00fcckseite und einem minimalistischen Smoking-Logo in einer Schnee-Version auf der Vorderseite.\" \/>\n<meta name=\"robots\" content=\"index, follow, max-snippet:-1, max-image-preview:large, max-video-preview:-1\" \/>\n<link rel=\"canonical\" href=\"https:\/\/www.smokingpaper.com\/de\/blaues-sweatchirt-im-snow-style\/\" \/>\n<meta property=\"og:locale\" content=\"de_DE\" \/>\n<meta property=\"og:type\" content=\"article\" \/>\n<meta property=\"og:title\" content=\"Blaues Sweatshirt ohne Kapuze - Snow Style | Smoking Paper\" \/>\n<meta property=\"og:description\" content=\"Mit einem \u00fcbergro\u00dfen Druck auf der R\u00fcckseite und einem minimalistischen Smoking-Logo in einer Schnee-Version auf der Vorderseite.\" \/>\n<meta property=\"og:url\" content=\"https:\/\/www.smokingpaper.com\/de\/blaues-sweatchirt-im-snow-style\/\" \/>\n<meta property=\"og:site_name\" content=\"Smoking\" \/>\n<meta property=\"article:modified_time\" content=\"2025-06-12T09:08:33+00:00\" \/>\n<meta property=\"og:image\" content=\"https:\/\/www.smokingpaper.com\/wp-content\/uploads\/2022\/02\/sweater-snow_back2-min-scaled.jpg\" \/>\n\t<meta property=\"og:image:width\" content=\"1707\" \/>\n\t<meta property=\"og:image:height\" content=\"2560\" \/>\n\t<meta property=\"og:image:type\" content=\"image\/jpeg\" \/>\n<meta name=\"twitter:card\" content=\"summary_large_image\" \/>\n<!-- \/ Yoast SEO plugin. -->","yoast_head_json":{"title":"Blaues Sweatshirt ohne Kapuze - Snow Style | Smoking Paper","description":"Mit einem \u00fcbergro\u00dfen Druck auf der R\u00fcckseite und einem minimalistischen Smoking-Logo in einer Schnee-Version auf der Vorderseite.","robots":{"index":"index","follow":"follow","max-snippet":"max-snippet:-1","max-image-preview":"max-image-preview:large","max-video-preview":"max-video-preview:-1"},"canonical":"https:\/\/www.smokingpaper.com\/de\/blaues-sweatchirt-im-snow-style\/","og_locale":"de_DE","og_type":"article","og_title":"Blaues Sweatshirt ohne Kapuze - Snow Style | Smoking Paper","og_description":"Mit einem \u00fcbergro\u00dfen Druck auf der R\u00fcckseite und einem minimalistischen Smoking-Logo in einer Schnee-Version auf der Vorderseite.","og_url":"https:\/\/www.smokingpaper.com\/de\/blaues-sweatchirt-im-snow-style\/","og_site_name":"Smoking","article_modified_time":"2025-06-12T09:08:33+00:00","og_image":[{"width":1707,"height":2560,"url":"https:\/\/www.smokingpaper.com\/wp-content\/uploads\/2022\/02\/sweater-snow_back2-min-scaled.jpg","type":"image\/jpeg"}],"twitter_card":"summary_large_image","schema":{"@context":"https:\/\/schema.org","@graph":[{"@type":"BreadcrumbList","@id":"https:\/\/www.smokingpaper.com\/de\/blaues-sweatchirt-im-snow-style\/#breadcrumb","itemListElement":[{"@type":"ListItem","position":1,"name":"Home","item":"https:\/\/www.smokingpaper.com\/de\/"},{"@type":"ListItem","position":2,"name":"Produkte","item":"https:\/\/www.smokingpaper.com\/de\/shop\/"},{"@type":"ListItem","position":3,"name":"Apparel","item":"https:\/\/www.smokingpaper.com\/de\/produkte\/apparel\/"},{"@type":"ListItem","position":4,"name":"BLAUES SEWATSHIRT IM SNOW-STYLE"}]}]}},"_links":{"self":[{"href":"https:\/\/www.smokingpaper.com\/de\/wp-json\/wp\/v2\/product\/2950","targetHints":{"allow":["GET"]}}],"collection":[{"href":"https:\/\/www.smokingpaper.com\/de\/wp-json\/wp\/v2\/product"}],"about":[{"href":"https:\/\/www.smokingpaper.com\/de\/wp-json\/wp\/v2\/types\/product"}],"wp:featuredmedia":[{"embeddable":true,"href":"https:\/\/www.smokingpaper.com\/de\/wp-json\/wp\/v2\/media\/3169"}],"wp:attachment":[{"href":"https:\/\/www.smokingpaper.com\/de\/wp-json\/wp\/v2\/media?parent=2950"}],"wp:term":[{"taxonomy":"product_brand","embeddable":true,"href":"https:\/\/www.smokingpaper.com\/de\/wp-json\/wp\/v2\/product_brand?post=2950"},{"taxonomy":"product_cat","embeddable":true,"href":"https:\/\/www.smokingpaper.com\/de\/wp-json\/wp\/v2\/product_cat?post=2950"},{"taxonomy":"product_tag","embeddable":true,"href":"https:\/\/www.smokingpaper.com\/de\/wp-json\/wp\/v2\/product_tag?post=2950"}],"curies":[{"name":"wp","href":"https:\/\/api.w.org\/{rel}","templated":true}]}}