{"id":2942,"date":"2022-02-04T11:14:53","date_gmt":"2022-02-04T10:14:53","guid":{"rendered":"https:\/\/www.smokingpaper.com\/camiseta-skater\/"},"modified":"2025-05-16T09:12:52","modified_gmt":"2025-05-16T07:12:52","slug":"shirt-skater","status":"publish","type":"product","link":"https:\/\/www.smokingpaper.com\/de\/shirt-skater\/","title":{"rendered":"WEISSES T-SHIRT IM SKATER-STYLE"},"content":{"rendered":"","protected":false},"excerpt":{"rendered":"<p>Geschlechtsneutrales T-Shirt aus 100 % Bio-Baumwolle in Wei\u00df. Die lockere Passform bietet dir die Bewegungsfreiheit, die du brauchst, um dich auszudr\u00fccken. Mit einem Oversize-Design auf der R\u00fcckseite und einem minimalistischen Smoking-Logo im Skater-Stil auf der Vorderseite.<\/p>\n<p>&nbsp;<\/p>\n<p>Bald verf\u00fcgbar<\/p>\n","protected":false},"featured_media":3178,"template":"","meta":{"_acf_changed":false,"inline_featured_image":false},"product_brand":[],"product_cat":[460],"product_tag":[],"class_list":{"0":"post-2942","1":"product","2":"type-product","3":"status-publish","4":"has-post-thumbnail","6":"product_cat-apparel","8":"first","9":"instock","10":"shipping-taxable","11":"product-type-simple"},"acf":[],"yoast_head":"<!-- This site is optimized with the Yoast SEO plugin v26.2 - https:\/\/yoast.com\/wordpress\/plugins\/seo\/ -->\n<title>Wei\u00dfes T-shirt Skater | Smoking Paper<\/title>\n<meta name=\"description\" content=\"Wei\u00dfes T-Shirt aus 100% Bio-Baumwolle, unisex und wei\u00df. Lockere Passform f\u00fcr mehr Bewegungsfreiheit. Exklusive Edition. Besuchen Sie uns jetzt!\" \/>\n<meta name=\"robots\" content=\"index, follow, max-snippet:-1, max-image-preview:large, max-video-preview:-1\" \/>\n<link rel=\"canonical\" href=\"https:\/\/www.smokingpaper.com\/de\/shirt-skater\/\" \/>\n<meta property=\"og:locale\" content=\"de_DE\" \/>\n<meta property=\"og:type\" content=\"article\" \/>\n<meta property=\"og:title\" content=\"Wei\u00dfes T-shirt Skater | Smoking Paper\" \/>\n<meta property=\"og:description\" content=\"Wei\u00dfes T-Shirt aus 100% Bio-Baumwolle, unisex und wei\u00df. Lockere Passform f\u00fcr mehr Bewegungsfreiheit. Exklusive Edition. Besuchen Sie uns jetzt!\" \/>\n<meta property=\"og:url\" content=\"https:\/\/www.smokingpaper.com\/de\/shirt-skater\/\" \/>\n<meta property=\"og:site_name\" content=\"Smoking\" \/>\n<meta property=\"article:modified_time\" content=\"2025-05-16T07:12:52+00:00\" \/>\n<meta property=\"og:image\" content=\"https:\/\/www.smokingpaper.com\/wp-content\/uploads\/2022\/02\/Poster_skater-tshirt_back_boy-min-scaled.jpg\" \/>\n\t<meta property=\"og:image:width\" content=\"1707\" \/>\n\t<meta property=\"og:image:height\" content=\"2560\" \/>\n\t<meta property=\"og:image:type\" content=\"image\/jpeg\" \/>\n<meta name=\"twitter:card\" content=\"summary_large_image\" \/>\n<!-- \/ Yoast SEO plugin. -->","yoast_head_json":{"title":"Wei\u00dfes T-shirt Skater | Smoking Paper","description":"Wei\u00dfes T-Shirt aus 100% Bio-Baumwolle, unisex und wei\u00df. Lockere Passform f\u00fcr mehr Bewegungsfreiheit. Exklusive Edition. Besuchen Sie uns jetzt!","robots":{"index":"index","follow":"follow","max-snippet":"max-snippet:-1","max-image-preview":"max-image-preview:large","max-video-preview":"max-video-preview:-1"},"canonical":"https:\/\/www.smokingpaper.com\/de\/shirt-skater\/","og_locale":"de_DE","og_type":"article","og_title":"Wei\u00dfes T-shirt Skater | Smoking Paper","og_description":"Wei\u00dfes T-Shirt aus 100% Bio-Baumwolle, unisex und wei\u00df. Lockere Passform f\u00fcr mehr Bewegungsfreiheit. Exklusive Edition. Besuchen Sie uns jetzt!","og_url":"https:\/\/www.smokingpaper.com\/de\/shirt-skater\/","og_site_name":"Smoking","article_modified_time":"2025-05-16T07:12:52+00:00","og_image":[{"width":1707,"height":2560,"url":"https:\/\/www.smokingpaper.com\/wp-content\/uploads\/2022\/02\/Poster_skater-tshirt_back_boy-min-scaled.jpg","type":"image\/jpeg"}],"twitter_card":"summary_large_image","schema":{"@context":"https:\/\/schema.org","@graph":[{"@type":"BreadcrumbList","@id":"https:\/\/www.smokingpaper.com\/de\/shirt-skater\/#breadcrumb","itemListElement":[{"@type":"ListItem","position":1,"name":"Home","item":"https:\/\/www.smokingpaper.com\/de\/"},{"@type":"ListItem","position":2,"name":"Produkte","item":"https:\/\/www.smokingpaper.com\/de\/shop\/"},{"@type":"ListItem","position":3,"name":"Apparel","item":"https:\/\/www.smokingpaper.com\/de\/produkte\/apparel\/"},{"@type":"ListItem","position":4,"name":"WEISSES T-SHIRT IM SKATER-STYLE"}]}]}},"_links":{"self":[{"href":"https:\/\/www.smokingpaper.com\/de\/wp-json\/wp\/v2\/product\/2942","targetHints":{"allow":["GET"]}}],"collection":[{"href":"https:\/\/www.smokingpaper.com\/de\/wp-json\/wp\/v2\/product"}],"about":[{"href":"https:\/\/www.smokingpaper.com\/de\/wp-json\/wp\/v2\/types\/product"}],"wp:featuredmedia":[{"embeddable":true,"href":"https:\/\/www.smokingpaper.com\/de\/wp-json\/wp\/v2\/media\/3178"}],"wp:attachment":[{"href":"https:\/\/www.smokingpaper.com\/de\/wp-json\/wp\/v2\/media?parent=2942"}],"wp:term":[{"taxonomy":"product_brand","embeddable":true,"href":"https:\/\/www.smokingpaper.com\/de\/wp-json\/wp\/v2\/product_brand?post=2942"},{"taxonomy":"product_cat","embeddable":true,"href":"https:\/\/www.smokingpaper.com\/de\/wp-json\/wp\/v2\/product_cat?post=2942"},{"taxonomy":"product_tag","embeddable":true,"href":"https:\/\/www.smokingpaper.com\/de\/wp-json\/wp\/v2\/product_tag?post=2942"}],"curies":[{"name":"wp","href":"https:\/\/api.w.org\/{rel}","templated":true}]}}