{"id":2262,"date":"2022-01-04T10:36:49","date_gmt":"2022-01-04T09:36:49","guid":{"rendered":"https:\/\/www.smokingpaper.com\/gold-king-size-tip\/"},"modified":"2023-12-18T17:35:25","modified_gmt":"2023-12-18T16:35:25","slug":"gold-king-size-tip","status":"publish","type":"product","link":"https:\/\/www.smokingpaper.com\/de\/gold-king-size-tip\/","title":{"rendered":"Gold King Size + Tips"},"content":{"rendered":"","protected":false},"excerpt":{"rendered":"<p><span data-sheets-value=\"{&quot;1&quot;:2,&quot;2&quot;:&quot;Unser Gold-Sortiment ist auch im King-Size-Format erh\u00e4ltlich, um eine gr\u00f6\u00dfere Zigarette mit dem gewohnten Papier zu erhalten! Au\u00dferdem erhalten Sie mit dem Gold King Size+Tips-Pack nicht nur insgesamt 33 Papiere im Format 108\u00d744 mm pro Heft, sondern auch 33 Filter pro Packung, so dass Sie alles, was Sie zum Drehen ben\u00f6tigen, zur Hand haben.&quot;}\" data-sheets-userformat=\"{&quot;2&quot;:1319869,&quot;3&quot;:{&quot;1&quot;:0},&quot;5&quot;:{&quot;1&quot;:[{&quot;1&quot;:2,&quot;2&quot;:0,&quot;5&quot;:{&quot;1&quot;:2,&quot;2&quot;:0}},{&quot;1&quot;:0,&quot;2&quot;:0,&quot;3&quot;:3},{&quot;1&quot;:1,&quot;2&quot;:0,&quot;4&quot;:2}]},&quot;6&quot;:{&quot;1&quot;:[{&quot;1&quot;:2,&quot;2&quot;:0,&quot;5&quot;:{&quot;1&quot;:2,&quot;2&quot;:0}},{&quot;1&quot;:0,&quot;2&quot;:0,&quot;3&quot;:3},{&quot;1&quot;:1,&quot;2&quot;:0,&quot;4&quot;:2}]},&quot;7&quot;:{&quot;1&quot;:[{&quot;1&quot;:2,&quot;2&quot;:0,&quot;5&quot;:{&quot;1&quot;:2,&quot;2&quot;:0}},{&quot;1&quot;:0,&quot;2&quot;:0,&quot;3&quot;:3},{&quot;1&quot;:1,&quot;2&quot;:0,&quot;4&quot;:2}]},&quot;8&quot;:{&quot;1&quot;:[{&quot;1&quot;:2,&quot;2&quot;:0,&quot;5&quot;:{&quot;1&quot;:2,&quot;2&quot;:0}},{&quot;1&quot;:0,&quot;2&quot;:0,&quot;3&quot;:3},{&quot;1&quot;:1,&quot;2&quot;:0,&quot;4&quot;:2}]},&quot;10&quot;:1,&quot;11&quot;:3,&quot;12&quot;:0,&quot;16&quot;:10,&quot;21&quot;:0,&quot;23&quot;:2}\">Unser Gold-Sortiment ist auch im King-Size-Format erh\u00e4ltlich, um eine gr\u00f6\u00dfere Zigarette mit dem gewohnten Papier zu erhalten! Au\u00dferdem erh\u00e4ltst Du mit dem Gold King Size+Tips-Pack nicht nur insgesamt 33 Papiere im 108\u00d744 mm Format pro Heft, sondern auch 33 Filter pro Packung, so dass Du alles, was Du zum Drehen ben\u00f6tigst, zur Hand hast.<\/span><\/p>\n","protected":false},"featured_media":2260,"template":"","meta":{"_acf_changed":false,"inline_featured_image":false},"product_brand":[],"product_cat":[112,111],"product_tag":[],"class_list":{"0":"post-2262","1":"product","2":"type-product","3":"status-publish","4":"has-post-thumbnail","6":"product_cat-blattchen","7":"product_cat-kingsize","9":"first","10":"instock","11":"shipping-taxable","12":"product-type-simple"},"acf":[],"yoast_head":"<!-- This site is optimized with the Yoast SEO plugin v26.2 - https:\/\/yoast.com\/wordpress\/plugins\/seo\/ -->\n<title>\u25b7 Gold King Size + Tips | Smoking paper<\/title>\n<meta name=\"description\" content=\"Bl\u00e4ttchen Gold King Size + Tips , Raucherprodukte der besten Qualit\u00e4t beim Raucherpapier \u2705 zu Top-Preisen. Exklusives Rollpapier!\" \/>\n<meta name=\"robots\" content=\"index, follow, max-snippet:-1, max-image-preview:large, max-video-preview:-1\" \/>\n<link rel=\"canonical\" href=\"https:\/\/www.smokingpaper.com\/de\/gold-king-size-tip\/\" \/>\n<meta property=\"og:locale\" content=\"de_DE\" \/>\n<meta property=\"og:type\" content=\"article\" \/>\n<meta property=\"og:title\" content=\"\u25b7 Gold King Size + Tips | Smoking paper\" \/>\n<meta property=\"og:description\" content=\"Bl\u00e4ttchen Gold King Size + Tips , Raucherprodukte der besten Qualit\u00e4t beim Raucherpapier \u2705 zu Top-Preisen. Exklusives Rollpapier!\" \/>\n<meta property=\"og:url\" content=\"https:\/\/www.smokingpaper.com\/de\/gold-king-size-tip\/\" \/>\n<meta property=\"og:site_name\" content=\"Smoking\" \/>\n<meta property=\"article:modified_time\" content=\"2023-12-18T16:35:25+00:00\" \/>\n<meta property=\"og:image\" content=\"https:\/\/www.smokingpaper.com\/wp-content\/uploads\/2022\/01\/gold__tip-removebg-preview.png\" \/>\n\t<meta property=\"og:image:width\" content=\"667\" \/>\n\t<meta property=\"og:image:height\" content=\"374\" \/>\n\t<meta property=\"og:image:type\" content=\"image\/png\" \/>\n<meta name=\"twitter:card\" content=\"summary_large_image\" \/>\n<meta name=\"twitter:label1\" content=\"Gesch\u00e4tzte Lesezeit\" \/>\n\t<meta name=\"twitter:data1\" content=\"1\u00a0Minute\" \/>\n<!-- \/ Yoast SEO plugin. -->","yoast_head_json":{"title":"\u25b7 Gold King Size + Tips | Smoking paper","description":"Bl\u00e4ttchen Gold King Size + Tips , Raucherprodukte der besten Qualit\u00e4t beim Raucherpapier \u2705 zu Top-Preisen. Exklusives Rollpapier!","robots":{"index":"index","follow":"follow","max-snippet":"max-snippet:-1","max-image-preview":"max-image-preview:large","max-video-preview":"max-video-preview:-1"},"canonical":"https:\/\/www.smokingpaper.com\/de\/gold-king-size-tip\/","og_locale":"de_DE","og_type":"article","og_title":"\u25b7 Gold King Size + Tips | Smoking paper","og_description":"Bl\u00e4ttchen Gold King Size + Tips , Raucherprodukte der besten Qualit\u00e4t beim Raucherpapier \u2705 zu Top-Preisen. Exklusives Rollpapier!","og_url":"https:\/\/www.smokingpaper.com\/de\/gold-king-size-tip\/","og_site_name":"Smoking","article_modified_time":"2023-12-18T16:35:25+00:00","og_image":[{"width":667,"height":374,"url":"https:\/\/www.smokingpaper.com\/wp-content\/uploads\/2022\/01\/gold__tip-removebg-preview.png","type":"image\/png"}],"twitter_card":"summary_large_image","twitter_misc":{"Gesch\u00e4tzte Lesezeit":"1\u00a0Minute"},"schema":{"@context":"https:\/\/schema.org","@graph":[{"@type":"BreadcrumbList","@id":"https:\/\/www.smokingpaper.com\/de\/gold-king-size-tip\/#breadcrumb","itemListElement":[{"@type":"ListItem","position":1,"name":"Home","item":"https:\/\/www.smokingpaper.com\/de\/"},{"@type":"ListItem","position":2,"name":"Produkte","item":"https:\/\/www.smokingpaper.com\/de\/shop\/"},{"@type":"ListItem","position":3,"name":"ZIGARETTENPAPIER","item":"https:\/\/www.smokingpaper.com\/de\/produkte\/blattchen\/"},{"@type":"ListItem","position":4,"name":"Gold King Size + Tips"}]}]}},"_links":{"self":[{"href":"https:\/\/www.smokingpaper.com\/de\/wp-json\/wp\/v2\/product\/2262","targetHints":{"allow":["GET"]}}],"collection":[{"href":"https:\/\/www.smokingpaper.com\/de\/wp-json\/wp\/v2\/product"}],"about":[{"href":"https:\/\/www.smokingpaper.com\/de\/wp-json\/wp\/v2\/types\/product"}],"wp:featuredmedia":[{"embeddable":true,"href":"https:\/\/www.smokingpaper.com\/de\/wp-json\/wp\/v2\/media\/2260"}],"wp:attachment":[{"href":"https:\/\/www.smokingpaper.com\/de\/wp-json\/wp\/v2\/media?parent=2262"}],"wp:term":[{"taxonomy":"product_brand","embeddable":true,"href":"https:\/\/www.smokingpaper.com\/de\/wp-json\/wp\/v2\/product_brand?post=2262"},{"taxonomy":"product_cat","embeddable":true,"href":"https:\/\/www.smokingpaper.com\/de\/wp-json\/wp\/v2\/product_cat?post=2262"},{"taxonomy":"product_tag","embeddable":true,"href":"https:\/\/www.smokingpaper.com\/de\/wp-json\/wp\/v2\/product_tag?post=2262"}],"curies":[{"name":"wp","href":"https:\/\/api.w.org\/{rel}","templated":true}]}}